{"id":996,"date":"2024-03-31T15:43:04","date_gmt":"2024-03-31T13:43:04","guid":{"rendered":"https:\/\/kayasoasismassage.fr\/?page_id=996"},"modified":"2025-11-04T09:40:59","modified_gmt":"2025-11-04T08:40:59","slug":"rituel-kayas-oasis","status":"publish","type":"page","link":"https:\/\/kayasoasismassage.fr\/index.php\/carte-des-massages-strasbourg\/rituel-kayas-oasis\/","title":{"rendered":"Rituel Kaya&rsquo;s Oasis"},"content":{"rendered":"\n<p><\/p>\n\n\n\n<p class=\"has-text-align-center has-medium-font-size\"><em>Bienvenue dans mon oasis de d\u00e9tente, o\u00f9 chaque souffle est une invitation \u00e0 la relaxation profonde.<\/em><\/p>\n\n\n\n<p><\/p>\n\n\n\n<h2 class=\"wp-block-heading has-text-color has-link-color wp-elements-d223f397206c7f69604b91225b3b421a\" style=\"color:#79280f\"><strong><em>Plongez dans une exp\u00e9rience unique avec le rituel exclusif<\/em><\/strong><\/h2>\n\n\n\n<p><\/p>\n\n\n\n<div class=\"wp-block-media-text is-stacked-on-mobile\" style=\"grid-template-columns:21% auto\"><figure class=\"wp-block-media-text__media\"><img loading=\"lazy\" decoding=\"async\" width=\"391\" height=\"586\" src=\"https:\/\/kayasoasismassage.fr\/wp-content\/uploads\/2024\/03\/Capture-decran-2024-03-31-150200.png\" alt=\"\" class=\"wp-image-997 size-full\" srcset=\"https:\/\/kayasoasismassage.fr\/wp-content\/uploads\/2024\/03\/Capture-decran-2024-03-31-150200.png 391w, https:\/\/kayasoasismassage.fr\/wp-content\/uploads\/2024\/03\/Capture-decran-2024-03-31-150200-200x300.png 200w\" sizes=\"auto, (max-width: 391px) 100vw, 391px\" \/><\/figure><div class=\"wp-block-media-text__content\">\n<p>D\u00e9couvrez le <strong>rituel Kaya&rsquo;s Oasis<\/strong>, une exp\u00e9rience qui va bien au-del\u00e0 d&rsquo;un simple massage.<br><br>Avec la combinaison unique de massage du visage liftant et de massage complet du corps, <strong>laissez-vous transporter dans un cocon de bien-\u00eatre absolu<\/strong>. Je mettrais tout en \u0153uvre pour que vous vous sentiez totalement d\u00e9tendu et revitalis\u00e9. <br><br>Plongez dans un <strong>\u00e9tat de relaxation profonde<\/strong> alors que chaque tension dispara\u00eet sous mes mains. Pendant ce temps, votre visage retrouve <strong>son \u00e9clat naturel<\/strong> et votre corps se <strong>recharge en \u00e9nergie<\/strong>. <br><br>Offrez-vous ce moment de pure indulgence pour <strong>\u00e9chapper au stress de la vie quotidienne<\/strong> et retrouver votre \u00e9quilibre int\u00e9rieur. <br><br><strong>Pr\u00eat \u00e0 vous offrir cette exp\u00e9rience inoubliable ?<\/strong><\/p>\n<\/div><\/div>\n\n\n\n<p><\/p>\n\n\n\n<h2 class=\"wp-block-heading has-text-color has-link-color wp-elements-d6735b579975f91f85c501fe57e2252a\" style=\"color:#79280f\"><strong><em>Les Bienfaits<\/em><\/strong><\/h2>\n\n\n\n<div class=\"wp-block-uagb-icon-list uagb-block-9469d3ce\"><div class=\"uagb-icon-list__wrap\">\n<div class=\"wp-block-uagb-icon-list-child uagb-block-edbe72fa\"><span class=\"uagb-icon-list__source-wrap\"><svg xmlns=\"https:\/\/www.w3.org\/2000\/svg\" viewBox=\"0 0 512 512\"><path d=\"M256 0C114.6 0 0 114.6 0 256c0 141.4 114.6 256 256 256s256-114.6 256-256C512 114.6 397.4 0 256 0zM406.6 278.6l-103.1 103.1c-12.5 12.5-32.75 12.5-45.25 0s-12.5-32.75 0-45.25L306.8 288H128C110.3 288 96 273.7 96 256s14.31-32 32-32h178.8l-49.38-49.38c-12.5-12.5-12.5-32.75 0-45.25s32.75-12.5 45.25 0l103.1 103.1C414.6 241.3 416 251.1 416 256C416 260.9 414.6 270.7 406.6 278.6z\"><\/path><\/svg><\/span><span class=\"uagb-icon-list__label\">Relaxation musculaire<\/span><\/div>\n\n\n\n<div class=\"wp-block-uagb-icon-list-child uagb-block-a0212e7b\"><span class=\"uagb-icon-list__source-wrap\"><svg xmlns=\"https:\/\/www.w3.org\/2000\/svg\" viewBox=\"0 0 512 512\"><path d=\"M256 0C114.6 0 0 114.6 0 256c0 141.4 114.6 256 256 256s256-114.6 256-256C512 114.6 397.4 0 256 0zM406.6 278.6l-103.1 103.1c-12.5 12.5-32.75 12.5-45.25 0s-12.5-32.75 0-45.25L306.8 288H128C110.3 288 96 273.7 96 256s14.31-32 32-32h178.8l-49.38-49.38c-12.5-12.5-12.5-32.75 0-45.25s32.75-12.5 45.25 0l103.1 103.1C414.6 241.3 416 251.1 416 256C416 260.9 414.6 270.7 406.6 278.6z\"><\/path><\/svg><\/span><span class=\"uagb-icon-list__label\">Activation des points \u00e9nerg\u00e9tiques<\/span><\/div>\n\n\n\n<div class=\"wp-block-uagb-icon-list-child uagb-block-4684d3b0\"><span class=\"uagb-icon-list__source-wrap\"><svg xmlns=\"https:\/\/www.w3.org\/2000\/svg\" viewBox=\"0 0 512 512\"><path d=\"M256 0C114.6 0 0 114.6 0 256c0 141.4 114.6 256 256 256s256-114.6 256-256C512 114.6 397.4 0 256 0zM406.6 278.6l-103.1 103.1c-12.5 12.5-32.75 12.5-45.25 0s-12.5-32.75 0-45.25L306.8 288H128C110.3 288 96 273.7 96 256s14.31-32 32-32h178.8l-49.38-49.38c-12.5-12.5-12.5-32.75 0-45.25s32.75-12.5 45.25 0l103.1 103.1C414.6 241.3 416 251.1 416 256C416 260.9 414.6 270.7 406.6 278.6z\"><\/path><\/svg><\/span><span class=\"uagb-icon-list__label\">Am\u00e9lioration de l\u2019\u00e9lasticit\u00e9 de la peau<\/span><\/div>\n\n\n\n<div class=\"wp-block-uagb-icon-list-child uagb-block-84801819\"><span class=\"uagb-icon-list__source-wrap\"><svg xmlns=\"https:\/\/www.w3.org\/2000\/svg\" viewBox=\"0 0 512 512\"><path d=\"M256 0C114.6 0 0 114.6 0 256c0 141.4 114.6 256 256 256s256-114.6 256-256C512 114.6 397.4 0 256 0zM406.6 278.6l-103.1 103.1c-12.5 12.5-32.75 12.5-45.25 0s-12.5-32.75 0-45.25L306.8 288H128C110.3 288 96 273.7 96 256s14.31-32 32-32h178.8l-49.38-49.38c-12.5-12.5-12.5-32.75 0-45.25s32.75-12.5 45.25 0l103.1 103.1C414.6 241.3 416 251.1 416 256C416 260.9 414.6 270.7 406.6 278.6z\"><\/path><\/svg><\/span><span class=\"uagb-icon-list__label\">D\u00e9tend le corps<\/span><\/div>\n\n\n\n<div class=\"wp-block-uagb-icon-list-child uagb-block-169e7a7e\"><span class=\"uagb-icon-list__source-wrap\"><svg xmlns=\"https:\/\/www.w3.org\/2000\/svg\" viewBox=\"0 0 512 512\"><path d=\"M256 0C114.6 0 0 114.6 0 256c0 141.4 114.6 256 256 256s256-114.6 256-256C512 114.6 397.4 0 256 0zM406.6 278.6l-103.1 103.1c-12.5 12.5-32.75 12.5-45.25 0s-12.5-32.75 0-45.25L306.8 288H128C110.3 288 96 273.7 96 256s14.31-32 32-32h178.8l-49.38-49.38c-12.5-12.5-12.5-32.75 0-45.25s32.75-12.5 45.25 0l103.1 103.1C414.6 241.3 416 251.1 416 256C416 260.9 414.6 270.7 406.6 278.6z\"><\/path><\/svg><\/span><span class=\"uagb-icon-list__label\">Favorise le l\u00e2cher-prise<\/span><\/div>\n<\/div><\/div>\n\n\n\n<p><\/p>\n\n\n\n<p><\/p>\n\n\n\n<h2 class=\"wp-block-heading has-text-color has-link-color wp-elements-917c015609a937b5583d9046df2f5794\" style=\"color:#79280f\"><strong><em>D\u00e9roulement d\u2019une s\u00e9ance<\/em><\/strong><\/h2>\n\n\n\n<p><\/p>\n\n\n\n<p>Pour garantir votre confort et votre intimit\u00e9, vous avez le choix de conserver vos sous-v\u00eatements ou d&rsquo;utiliser un string jetable mis \u00e0 votre disposition. Une serviette ou un par\u00e9o recouvrira en permanence les parties du corps non mass\u00e9es, assurant ainsi une exp\u00e9rience respectueuse de votre pudeur.<\/p>\n\n\n\n<p>Concernant le d\u00e9roulement du rituel, vous aurez <strong>la libert\u00e9 de choisir l&rsquo;ordre<\/strong> qui vous convient le mieux : commencer par le massage du visage suivi du corps, ou inversement. <strong>Le massage du corps est enti\u00e8rement personnalis\u00e9<\/strong>, adapt\u00e9 \u00e0 vos besoins sp\u00e9cifiques. Ensemble, nous d\u00e9finirons les zones \u00e0 souligner et celles que vous pr\u00e9f\u00e9rez ne pas inclure dans le massage.<\/p>\n\n\n\n<p>Pour le massage liftant du visage, je vous <strong>offre une exp\u00e9rience compl\u00e8te et d\u00e9taill\u00e9e<\/strong>, incluant \u00e9galement le d\u00e9collet\u00e9, la nuque et le cuir chevelu. Vous aurez le privil\u00e8ge de <strong>s\u00e9lectionner l&rsquo;huile correspondant \u00e0 votre type de peau<\/strong> parmi ma s\u00e9lection, comprenant l&rsquo;amande douce, le jojoba, l&rsquo;avocat ou l&rsquo;abricot. De plus, vous pourrez <strong>choisir votre eau florale <\/strong>pr\u00e9f\u00e9r\u00e9e parmi ma gamme comprenant la rose, la camomille, la fleur d&rsquo;oranger ou la lavande.<\/p>\n\n\n\n<p>La premi\u00e8re demi-heure du massage du visage est consacr\u00e9e au lifting, suivie d&rsquo;une d\u00e9licate finition avec des cotons imbib\u00e9s d&rsquo;eau florale de bleuets pour apaiser et rafra\u00eechir les yeux. Si vous optez pour le rituel de 2 heures (1 heure pour le visage et 1 heure pour le corps), la seconde partie comprendra \u00e0 la fois du Shiatsu, <strong>se concentrant sur les points \u00e9nerg\u00e9tiques pour soulager les tensions et restaurer l&rsquo;harmonie \u00e9nerg\u00e9tique<\/strong>, et du Reiki, visant \u00e0 harmoniser votre \u00e9nergie vitale en canalisant l&rsquo;\u00e9nergie universelle. <strong>Cette exp\u00e9rience compl\u00e8te vous promet un sentiment de bien-\u00eatre profond et durable<\/strong>.<\/p>\n\n\n\n<p><\/p>\n\n\n\n<h2 class=\"wp-block-heading has-text-color has-link-color wp-elements-295d044d36b70187644f7ea3f9ea3306\" style=\"color:#79280f\"><strong><em>Dur\u00e9es et Tarifs<\/em><\/strong><\/h2>\n\n\n\n<p>30 min lifting visage + 1h corps : 110\u20ac<br><br>30 min lifting visage + 1h30 corps : 150\u20ac<\/p>\n\n\n\n<p>1h lifting visage + 1h corps : 150\u20ac<\/p>\n\n\n\n<p><\/p>\n\n\n\n<h2 class=\"wp-block-heading has-text-color has-link-color wp-elements-3bfc8fa327bb17467d44184ed1966c92\" style=\"color:#79280f\"><strong><em>R\u00e9servation<\/em><\/strong><\/h2>\n\n\n\n<!-- Cal inline embed code begins -->\n<div style=\"width:100%;height:100%;overflow:scroll\" id=\"my-cal-inline\"><\/div>\n<script type=\"text\/javascript\">\n  (function (C, A, L) { let p = function (a, ar) { a.q.push(ar); }; let d = C.document; C.Cal = C.Cal || function () { let cal = C.Cal; let ar = arguments; if (!cal.loaded) { cal.ns = {}; cal.q = cal.q || []; d.head.appendChild(d.createElement(\"script\")).src = A; cal.loaded = true; } if (ar[0] === L) { const api = function () { p(api, arguments); }; const namespace = ar[1]; api.q = api.q || []; typeof namespace === \"string\" ? (cal.ns[namespace] = api) && p(api, ar) : p(cal, ar); return; } p(cal, ar); }; })(window, \"https:\/\/app.cal.com\/embed\/embed.js\", \"init\");\nCal(\"init\",  {origin:\"https:\/\/cal.com\"});\n\n  Cal(\"inline\", {\n\telementOrSelector:\"#my-cal-inline\",\n\tcalLink: \"kayasoasis\/rituel-kayas-oasis\",\n\tlayout: \"month_view\"\n  });\n\n  Cal(\"ui\", {\"styles\":{\"branding\":{\"brandColor\":\"#000000\"}},\"hideEventTypeDetails\":false,\"layout\":\"month_view\"});\n  <\/script>\n  <!-- Cal inline embed code ends -->\n","protected":false},"excerpt":{"rendered":"<p>Bienvenue dans mon oasis de d\u00e9tente, o\u00f9 chaque souffle est une invitation \u00e0 la relaxation profonde. Plongez dans une exp\u00e9rience unique avec le rituel exclusif D\u00e9couvrez le rituel Kaya&rsquo;s Oasis, une exp\u00e9rience qui va bien au-del\u00e0 d&rsquo;un simple massage. Avec la combinaison unique de massage du visage liftant et de massage complet du corps, laissez-vous &#8230; <a title=\"Rituel Kaya&rsquo;s Oasis\" class=\"read-more\" href=\"https:\/\/kayasoasismassage.fr\/index.php\/carte-des-massages-strasbourg\/rituel-kayas-oasis\/\" aria-label=\"En savoir plus sur Rituel Kaya&rsquo;s Oasis\">Lire la suite<\/a><\/p>\n","protected":false},"author":1,"featured_media":0,"parent":49,"menu_order":0,"comment_status":"closed","ping_status":"closed","template":"","meta":{"_uag_custom_page_level_css":"","_uf_show_specific_survey":0,"_uf_disable_surveys":false,"footnotes":""},"class_list":["post-996","page","type-page","status-publish"],"yoast_head":"<!-- This site is optimized with the Yoast SEO plugin v27.4 - https:\/\/yoast.com\/product\/yoast-seo-wordpress\/ -->\n<title>Rituel Kaya&#039;s Oasis - Pl\u00e9nitude et Bien-\u00catre<\/title>\n<meta name=\"description\" content=\"Plongez dans l&#039;Oasis Kaya, o\u00f9 chaque rituel est une escapade sensorielle, alliant massages du visage et du corps pour une d\u00e9tente ultime.\" \/>\n<meta name=\"robots\" content=\"index, follow, max-snippet:-1, max-image-preview:large, max-video-preview:-1\" \/>\n<link rel=\"canonical\" href=\"https:\/\/kayasoasismassage.fr\/index.php\/carte-des-massages-strasbourg\/rituel-kayas-oasis\/\" \/>\n<meta property=\"og:locale\" content=\"fr_FR\" \/>\n<meta property=\"og:type\" content=\"article\" \/>\n<meta property=\"og:title\" content=\"Rituel Kaya&#039;s Oasis - Pl\u00e9nitude et Bien-\u00catre\" \/>\n<meta property=\"og:description\" content=\"Plongez dans l&#039;Oasis Kaya, o\u00f9 chaque rituel est une escapade sensorielle, alliant massages du visage et du corps pour une d\u00e9tente ultime.\" \/>\n<meta property=\"og:url\" content=\"https:\/\/kayasoasismassage.fr\/index.php\/carte-des-massages-strasbourg\/rituel-kayas-oasis\/\" \/>\n<meta property=\"og:site_name\" content=\"Kaya&#039;s Oasis Massage\" \/>\n<meta property=\"article:publisher\" content=\"https:\/\/www.facebook.com\/profile.php?id=61555287147770\" \/>\n<meta property=\"article:modified_time\" content=\"2025-11-04T08:40:59+00:00\" \/>\n<meta property=\"og:image\" content=\"https:\/\/kayasoasismassage.fr\/wp-content\/uploads\/2024\/03\/Capture-decran-2024-03-31-150200.png\" \/>\n\t<meta property=\"og:image:width\" content=\"391\" \/>\n\t<meta property=\"og:image:height\" content=\"586\" \/>\n\t<meta property=\"og:image:type\" content=\"image\/png\" \/>\n<meta name=\"twitter:card\" content=\"summary_large_image\" \/>\n<meta name=\"twitter:label1\" content=\"Dur\u00e9e de lecture estim\u00e9e\" \/>\n\t<meta name=\"twitter:data1\" content=\"3 minutes\" \/>\n<script type=\"application\/ld+json\" class=\"yoast-schema-graph\">{\"@context\":\"https:\\\/\\\/schema.org\",\"@graph\":[{\"@type\":\"WebPage\",\"@id\":\"https:\\\/\\\/kayasoasismassage.fr\\\/index.php\\\/carte-des-massages-strasbourg\\\/rituel-kayas-oasis\\\/\",\"url\":\"https:\\\/\\\/kayasoasismassage.fr\\\/index.php\\\/carte-des-massages-strasbourg\\\/rituel-kayas-oasis\\\/\",\"name\":\"Rituel Kaya's Oasis - Pl\u00e9nitude et Bien-\u00catre\",\"isPartOf\":{\"@id\":\"https:\\\/\\\/kayasoasismassage.fr\\\/#website\"},\"primaryImageOfPage\":{\"@id\":\"https:\\\/\\\/kayasoasismassage.fr\\\/index.php\\\/carte-des-massages-strasbourg\\\/rituel-kayas-oasis\\\/#primaryimage\"},\"image\":{\"@id\":\"https:\\\/\\\/kayasoasismassage.fr\\\/index.php\\\/carte-des-massages-strasbourg\\\/rituel-kayas-oasis\\\/#primaryimage\"},\"thumbnailUrl\":\"https:\\\/\\\/kayasoasismassage.fr\\\/wp-content\\\/uploads\\\/2024\\\/03\\\/Capture-decran-2024-03-31-150200.png\",\"datePublished\":\"2024-03-31T13:43:04+00:00\",\"dateModified\":\"2025-11-04T08:40:59+00:00\",\"description\":\"Plongez dans l'Oasis Kaya, o\u00f9 chaque rituel est une escapade sensorielle, alliant massages du visage et du corps pour une d\u00e9tente ultime.\",\"breadcrumb\":{\"@id\":\"https:\\\/\\\/kayasoasismassage.fr\\\/index.php\\\/carte-des-massages-strasbourg\\\/rituel-kayas-oasis\\\/#breadcrumb\"},\"inLanguage\":\"fr-FR\",\"potentialAction\":[{\"@type\":\"ReadAction\",\"target\":[\"https:\\\/\\\/kayasoasismassage.fr\\\/index.php\\\/carte-des-massages-strasbourg\\\/rituel-kayas-oasis\\\/\"]}]},{\"@type\":\"ImageObject\",\"inLanguage\":\"fr-FR\",\"@id\":\"https:\\\/\\\/kayasoasismassage.fr\\\/index.php\\\/carte-des-massages-strasbourg\\\/rituel-kayas-oasis\\\/#primaryimage\",\"url\":\"https:\\\/\\\/kayasoasismassage.fr\\\/wp-content\\\/uploads\\\/2024\\\/03\\\/Capture-decran-2024-03-31-150200.png\",\"contentUrl\":\"https:\\\/\\\/kayasoasismassage.fr\\\/wp-content\\\/uploads\\\/2024\\\/03\\\/Capture-decran-2024-03-31-150200.png\",\"width\":391,\"height\":586},{\"@type\":\"BreadcrumbList\",\"@id\":\"https:\\\/\\\/kayasoasismassage.fr\\\/index.php\\\/carte-des-massages-strasbourg\\\/rituel-kayas-oasis\\\/#breadcrumb\",\"itemListElement\":[{\"@type\":\"ListItem\",\"position\":1,\"name\":\"Accueil\",\"item\":\"https:\\\/\\\/kayasoasismassage.fr\\\/\"},{\"@type\":\"ListItem\",\"position\":2,\"name\":\"La carte des Massages\",\"item\":\"https:\\\/\\\/kayasoasismassage.fr\\\/index.php\\\/carte-des-massages-strasbourg\\\/\"},{\"@type\":\"ListItem\",\"position\":3,\"name\":\"Rituel Kaya&rsquo;s Oasis\"}]},{\"@type\":\"WebSite\",\"@id\":\"https:\\\/\\\/kayasoasismassage.fr\\\/#website\",\"url\":\"https:\\\/\\\/kayasoasismassage.fr\\\/\",\"name\":\"Kaya's Oasis Massage\",\"description\":\"Un oasis de d\u00e9tente\",\"publisher\":{\"@id\":\"https:\\\/\\\/kayasoasismassage.fr\\\/#organization\"},\"potentialAction\":[{\"@type\":\"SearchAction\",\"target\":{\"@type\":\"EntryPoint\",\"urlTemplate\":\"https:\\\/\\\/kayasoasismassage.fr\\\/?s={search_term_string}\"},\"query-input\":{\"@type\":\"PropertyValueSpecification\",\"valueRequired\":true,\"valueName\":\"search_term_string\"}}],\"inLanguage\":\"fr-FR\"},{\"@type\":\"Organization\",\"@id\":\"https:\\\/\\\/kayasoasismassage.fr\\\/#organization\",\"name\":\"Kaya's Oasis Massage\",\"alternateName\":\"Kaya's Oasis\",\"url\":\"https:\\\/\\\/kayasoasismassage.fr\\\/\",\"logo\":{\"@type\":\"ImageObject\",\"inLanguage\":\"fr-FR\",\"@id\":\"https:\\\/\\\/kayasoasismassage.fr\\\/#\\\/schema\\\/logo\\\/image\\\/\",\"url\":\"https:\\\/\\\/kayasoasismassage.fr\\\/wp-content\\\/uploads\\\/2024\\\/01\\\/cropped-cropped-cropped-logo-transparent-png.png\",\"contentUrl\":\"https:\\\/\\\/kayasoasismassage.fr\\\/wp-content\\\/uploads\\\/2024\\\/01\\\/cropped-cropped-cropped-logo-transparent-png.png\",\"width\":385,\"height\":387,\"caption\":\"Kaya's Oasis Massage\"},\"image\":{\"@id\":\"https:\\\/\\\/kayasoasismassage.fr\\\/#\\\/schema\\\/logo\\\/image\\\/\"},\"sameAs\":[\"https:\\\/\\\/www.facebook.com\\\/profile.php?id=61555287147770\",\"https:\\\/\\\/www.instagram.com\\\/kayasoasis_massage\\\/\"]}]}<\/script>\n<!-- \/ Yoast SEO plugin. -->","yoast_head_json":{"title":"Rituel Kaya's Oasis - Pl\u00e9nitude et Bien-\u00catre","description":"Plongez dans l'Oasis Kaya, o\u00f9 chaque rituel est une escapade sensorielle, alliant massages du visage et du corps pour une d\u00e9tente ultime.","robots":{"index":"index","follow":"follow","max-snippet":"max-snippet:-1","max-image-preview":"max-image-preview:large","max-video-preview":"max-video-preview:-1"},"canonical":"https:\/\/kayasoasismassage.fr\/index.php\/carte-des-massages-strasbourg\/rituel-kayas-oasis\/","og_locale":"fr_FR","og_type":"article","og_title":"Rituel Kaya's Oasis - Pl\u00e9nitude et Bien-\u00catre","og_description":"Plongez dans l'Oasis Kaya, o\u00f9 chaque rituel est une escapade sensorielle, alliant massages du visage et du corps pour une d\u00e9tente ultime.","og_url":"https:\/\/kayasoasismassage.fr\/index.php\/carte-des-massages-strasbourg\/rituel-kayas-oasis\/","og_site_name":"Kaya&#039;s Oasis Massage","article_publisher":"https:\/\/www.facebook.com\/profile.php?id=61555287147770","article_modified_time":"2025-11-04T08:40:59+00:00","og_image":[{"width":391,"height":586,"url":"https:\/\/kayasoasismassage.fr\/wp-content\/uploads\/2024\/03\/Capture-decran-2024-03-31-150200.png","type":"image\/png"}],"twitter_card":"summary_large_image","twitter_misc":{"Dur\u00e9e de lecture estim\u00e9e":"3 minutes"},"schema":{"@context":"https:\/\/schema.org","@graph":[{"@type":"WebPage","@id":"https:\/\/kayasoasismassage.fr\/index.php\/carte-des-massages-strasbourg\/rituel-kayas-oasis\/","url":"https:\/\/kayasoasismassage.fr\/index.php\/carte-des-massages-strasbourg\/rituel-kayas-oasis\/","name":"Rituel Kaya's Oasis - Pl\u00e9nitude et Bien-\u00catre","isPartOf":{"@id":"https:\/\/kayasoasismassage.fr\/#website"},"primaryImageOfPage":{"@id":"https:\/\/kayasoasismassage.fr\/index.php\/carte-des-massages-strasbourg\/rituel-kayas-oasis\/#primaryimage"},"image":{"@id":"https:\/\/kayasoasismassage.fr\/index.php\/carte-des-massages-strasbourg\/rituel-kayas-oasis\/#primaryimage"},"thumbnailUrl":"https:\/\/kayasoasismassage.fr\/wp-content\/uploads\/2024\/03\/Capture-decran-2024-03-31-150200.png","datePublished":"2024-03-31T13:43:04+00:00","dateModified":"2025-11-04T08:40:59+00:00","description":"Plongez dans l'Oasis Kaya, o\u00f9 chaque rituel est une escapade sensorielle, alliant massages du visage et du corps pour une d\u00e9tente ultime.","breadcrumb":{"@id":"https:\/\/kayasoasismassage.fr\/index.php\/carte-des-massages-strasbourg\/rituel-kayas-oasis\/#breadcrumb"},"inLanguage":"fr-FR","potentialAction":[{"@type":"ReadAction","target":["https:\/\/kayasoasismassage.fr\/index.php\/carte-des-massages-strasbourg\/rituel-kayas-oasis\/"]}]},{"@type":"ImageObject","inLanguage":"fr-FR","@id":"https:\/\/kayasoasismassage.fr\/index.php\/carte-des-massages-strasbourg\/rituel-kayas-oasis\/#primaryimage","url":"https:\/\/kayasoasismassage.fr\/wp-content\/uploads\/2024\/03\/Capture-decran-2024-03-31-150200.png","contentUrl":"https:\/\/kayasoasismassage.fr\/wp-content\/uploads\/2024\/03\/Capture-decran-2024-03-31-150200.png","width":391,"height":586},{"@type":"BreadcrumbList","@id":"https:\/\/kayasoasismassage.fr\/index.php\/carte-des-massages-strasbourg\/rituel-kayas-oasis\/#breadcrumb","itemListElement":[{"@type":"ListItem","position":1,"name":"Accueil","item":"https:\/\/kayasoasismassage.fr\/"},{"@type":"ListItem","position":2,"name":"La carte des Massages","item":"https:\/\/kayasoasismassage.fr\/index.php\/carte-des-massages-strasbourg\/"},{"@type":"ListItem","position":3,"name":"Rituel Kaya&rsquo;s Oasis"}]},{"@type":"WebSite","@id":"https:\/\/kayasoasismassage.fr\/#website","url":"https:\/\/kayasoasismassage.fr\/","name":"Kaya's Oasis Massage","description":"Un oasis de d\u00e9tente","publisher":{"@id":"https:\/\/kayasoasismassage.fr\/#organization"},"potentialAction":[{"@type":"SearchAction","target":{"@type":"EntryPoint","urlTemplate":"https:\/\/kayasoasismassage.fr\/?s={search_term_string}"},"query-input":{"@type":"PropertyValueSpecification","valueRequired":true,"valueName":"search_term_string"}}],"inLanguage":"fr-FR"},{"@type":"Organization","@id":"https:\/\/kayasoasismassage.fr\/#organization","name":"Kaya's Oasis Massage","alternateName":"Kaya's Oasis","url":"https:\/\/kayasoasismassage.fr\/","logo":{"@type":"ImageObject","inLanguage":"fr-FR","@id":"https:\/\/kayasoasismassage.fr\/#\/schema\/logo\/image\/","url":"https:\/\/kayasoasismassage.fr\/wp-content\/uploads\/2024\/01\/cropped-cropped-cropped-logo-transparent-png.png","contentUrl":"https:\/\/kayasoasismassage.fr\/wp-content\/uploads\/2024\/01\/cropped-cropped-cropped-logo-transparent-png.png","width":385,"height":387,"caption":"Kaya's Oasis Massage"},"image":{"@id":"https:\/\/kayasoasismassage.fr\/#\/schema\/logo\/image\/"},"sameAs":["https:\/\/www.facebook.com\/profile.php?id=61555287147770","https:\/\/www.instagram.com\/kayasoasis_massage\/"]}]}},"uagb_featured_image_src":{"full":false,"thumbnail":false,"medium":false,"medium_large":false,"large":false,"1536x1536":false,"2048x2048":false},"uagb_author_info":{"display_name":"Morgane","author_link":"https:\/\/kayasoasismassage.fr\/index.php\/author\/admin2099\/"},"uagb_comment_info":0,"uagb_excerpt":"Bienvenue dans mon oasis de d\u00e9tente, o\u00f9 chaque souffle est une invitation \u00e0 la relaxation profonde. Plongez dans une exp\u00e9rience unique avec le rituel exclusif D\u00e9couvrez le rituel Kaya&rsquo;s Oasis, une exp\u00e9rience qui va bien au-del\u00e0 d&rsquo;un simple massage. Avec la combinaison unique de massage du visage liftant et de massage complet du corps, laissez-vous\u2026","_links":{"self":[{"href":"https:\/\/kayasoasismassage.fr\/index.php\/wp-json\/wp\/v2\/pages\/996","targetHints":{"allow":["GET"]}}],"collection":[{"href":"https:\/\/kayasoasismassage.fr\/index.php\/wp-json\/wp\/v2\/pages"}],"about":[{"href":"https:\/\/kayasoasismassage.fr\/index.php\/wp-json\/wp\/v2\/types\/page"}],"author":[{"embeddable":true,"href":"https:\/\/kayasoasismassage.fr\/index.php\/wp-json\/wp\/v2\/users\/1"}],"replies":[{"embeddable":true,"href":"https:\/\/kayasoasismassage.fr\/index.php\/wp-json\/wp\/v2\/comments?post=996"}],"version-history":[{"count":4,"href":"https:\/\/kayasoasismassage.fr\/index.php\/wp-json\/wp\/v2\/pages\/996\/revisions"}],"predecessor-version":[{"id":1645,"href":"https:\/\/kayasoasismassage.fr\/index.php\/wp-json\/wp\/v2\/pages\/996\/revisions\/1645"}],"up":[{"embeddable":true,"href":"https:\/\/kayasoasismassage.fr\/index.php\/wp-json\/wp\/v2\/pages\/49"}],"wp:attachment":[{"href":"https:\/\/kayasoasismassage.fr\/index.php\/wp-json\/wp\/v2\/media?parent=996"}],"curies":[{"name":"wp","href":"https:\/\/api.w.org\/{rel}","templated":true}]}}