{"id":721,"date":"2024-02-13T10:59:31","date_gmt":"2024-02-13T09:59:31","guid":{"rendered":"https:\/\/kayasoasismassage.fr\/?page_id=721"},"modified":"2024-02-13T11:14:08","modified_gmt":"2024-02-13T10:14:08","slug":"questions-frequentes","status":"publish","type":"page","link":"https:\/\/kayasoasismassage.fr\/index.php\/questions-frequentes\/","title":{"rendered":"Questions Fr\u00e9quentes"},"content":{"rendered":"<style>#sp-ea-722 .spcollapsing { height: 0; overflow: hidden; transition-property: height;transition-duration: 300ms;}#sp-ea-722.sp-easy-accordion>.sp-ea-single {margin-bottom: 10px; border: 1px solid #e2e2e2; }#sp-ea-722.sp-easy-accordion>.sp-ea-single>.ea-header a {color: #ffffff;}#sp-ea-722.sp-easy-accordion>.sp-ea-single>.sp-collapse>.ea-body {background: #ffecd1; color: #000000;}#sp-ea-722.sp-easy-accordion>.sp-ea-single {background: #78290f;}#sp-ea-722.sp-easy-accordion>.sp-ea-single>.ea-header a .ea-expand-icon { float: left; color: #ffffff;font-size: 16px;}<\/style><div id=\"sp_easy_accordion-1707816426\"><div id=\"sp-ea-722\" class=\"sp-ea-one sp-easy-accordion\" data-ea-active=\"ea-click\" data-ea-mode=\"vertical\" data-preloader=\"\" data-scroll-active-item=\"\" data-offset-to-scroll=\"0\"><div class=\"ea-card ea-expand sp-ea-single\"><h3 class=\"ea-header\"><a class=\"collapsed\" id=\"ea-header-7220\" role=\"button\" data-sptoggle=\"spcollapse\" data-sptarget=\"#collapse7220\" aria-controls=\"collapse7220\" href=\"#\" aria-expanded=\"true\" tabindex=\"0\"><i aria-hidden=\"true\" role=\"presentation\" class=\"ea-expand-icon eap-icon-ea-expand-minus\"><\/i> Comment se d\u00e9roulent les s\u00e9ances de massage dans mon cabinet ?<\/a><\/h3><div class=\"sp-collapse spcollapse collapsed show\" id=\"collapse7220\" data-parent=\"#sp-ea-722\" role=\"region\" aria-labelledby=\"ea-header-7220\"> <div class=\"ea-body\"><p><span style=\"font-size: 12pt\">Nous commen\u00e7ons par un temps d'\u00e9change pour que je comprenne vos besoins et vos pr\u00e9f\u00e9rences, afin de vous proposer le massage le plus adapt\u00e9 \u00e0 vos attentes.<\/span><\/p><p><span style=\"font-size: 12pt\">Ensuite, nous passons en revue votre historique m\u00e9dical pour nous assurer qu'il n'y ait aucune contre-indication. N'h\u00e9sitez pas \u00e0 consulter la liste des conditions m\u00e9dicales qui pourraient influencer votre s\u00e9ance.<\/span><\/p><p><span style=\"font-size: 12pt\">\u00c0 la fin du massage, vous aurez le temps de vous ressaisir. Je propose \u00e0 la fin de chaque s\u00e9ance une infusion relaxante, et vous pouvez \u00e9galement vous hydrater si vous le souhaitez.<\/span><\/p><p><span style=\"font-size: 12pt\">Pr\u00e9voyez donc environ 15 minutes suppl\u00e9mentaires en plus de la dur\u00e9e pr\u00e9vue de votre massage pour ces moments d'\u00e9change et de d\u00e9tente.<\/span><\/p><\/div><\/div><\/div><div class=\"ea-card sp-ea-single\"><h3 class=\"ea-header\"><a class=\"collapsed\" id=\"ea-header-7221\" role=\"button\" data-sptoggle=\"spcollapse\" data-sptarget=\"#collapse7221\" aria-controls=\"collapse7221\" href=\"#\" aria-expanded=\"false\" tabindex=\"0\"><i aria-hidden=\"true\" role=\"presentation\" class=\"ea-expand-icon eap-icon-ea-expand-plus\"><\/i> Quelles sont les contre-indications au massage ?<\/a><\/h3><div class=\"sp-collapse spcollapse \" id=\"collapse7221\" data-parent=\"#sp-ea-722\" role=\"region\" aria-labelledby=\"ea-header-7221\"> <div class=\"ea-body\"><ul><li><span style=\"font-size: 12pt\">Fi\u00e8vres et crises inflammatoires (sciatique, lumbago\u2026)<\/span><\/li><li><span style=\"font-size: 12pt\">Probl\u00e8mes cardiaques, notamment l\u2019hypertension art\u00e9rielle s\u00e9v\u00e8re non trait\u00e9e efficacement<\/span><\/li><li><span style=\"font-size: 12pt\">Les interventions chirurgicales de moins de 3 mois<\/span><\/li><li><span style=\"font-size: 12pt\">Grossesses de moins de 3 mois<\/span><\/li><li><span style=\"font-size: 12pt\">Phl\u00e9bites et varices<\/span><\/li><li><span style=\"font-size: 12pt\">Pathologies lourdes (cancers\u2026) <\/span><\/li><\/ul><p><span style=\"font-size: 12pt\">En cas d\u2019allergie, de prise de traitements, merci de me pr\u00e9venir.<\/span><\/p><p><span style=\"font-size: 12pt\">En cas de doute sur l\u2019\u00e9tat de sant\u00e9, un avis m\u00e9dical autorisant la pratique des massages bien-\u00eatre sera demand\u00e9.<\/span><\/p><\/div><\/div><\/div><div class=\"ea-card sp-ea-single\"><h3 class=\"ea-header\"><a class=\"collapsed\" id=\"ea-header-7222\" role=\"button\" data-sptoggle=\"spcollapse\" data-sptarget=\"#collapse7222\" aria-controls=\"collapse7222\" href=\"#\" aria-expanded=\"false\" tabindex=\"0\"><i aria-hidden=\"true\" role=\"presentation\" class=\"ea-expand-icon eap-icon-ea-expand-plus\"><\/i> Comment r\u00e9server sur cal.com<\/a><\/h3><div class=\"sp-collapse spcollapse \" id=\"collapse7222\" data-parent=\"#sp-ea-722\" role=\"region\" aria-labelledby=\"ea-header-7222\"> <div class=\"ea-body\"><p>Quand vous \u00eates sur la plateforme de r\u00e9servation :<\/p><ol><li>S\u00e9lectionner le massage de votre choix<\/li><li>S\u00e9lectionner la date de votre choix<\/li><li>\u00c0 gauche, vous avez la dur\u00e9e de 30 min \u00e0 1h30 suivant le massage, choisissez la dur\u00e9e voulue en cliquant dessus<\/li><li>S\u00e9lectionner l'heure que vous souhaitez<\/li><li>Remplissez le formulaire, attention pour le num\u00e9ro de t\u00e9l\u00e9phone, bien s\u00e9lectionner votre pays et retirer le \"0\" (Ex : mon num\u00e9ro de t\u00e9l\u00e9phone est 0678811733, j'\u00e9cris juste 678811733)<\/li><li>Vous cliquez sur \"Confirmer\"<\/li><li>Je confirme la r\u00e9servation de mon c\u00f4t\u00e9<\/li><li>Vous avez re\u00e7u la confirmation du massage et un rendez-vous a \u00e9t\u00e9 ajout\u00e9 \u00e0 votre agenda (n'effacez pas le mail avant d'avoir accept\u00e9 le RDV sinon \u00e7a annule la proposition dans mon agenda).<\/li><li>24h avant le rendez-vous vous recevez un mail de rappel<\/li><\/ol><p>Si vous rencontrez des difficult\u00e9s \u00e0 r\u00e9server, n'h\u00e9sitez pas \u00e0 me contacter au 0678811733, je vous aiderai \u00e0 faire la r\u00e9servation. \ud83d\ude0a<\/p><\/div><\/div><\/div><div class=\"ea-card sp-ea-single\"><h3 class=\"ea-header\"><a class=\"collapsed\" id=\"ea-header-7223\" role=\"button\" data-sptoggle=\"spcollapse\" data-sptarget=\"#collapse7223\" aria-controls=\"collapse7223\" href=\"#\" aria-expanded=\"false\" tabindex=\"0\"><i aria-hidden=\"true\" role=\"presentation\" class=\"ea-expand-icon eap-icon-ea-expand-plus\"><\/i> Quelles sont les contre-indications au massage Femme Enceinte ?<\/a><\/h3><div class=\"sp-collapse spcollapse \" id=\"collapse7223\" data-parent=\"#sp-ea-722\" role=\"region\" aria-labelledby=\"ea-header-7223\"> <div class=\"ea-body\"><ul><li><span style=\"font-size: 12pt\">1er trimestre de grossesse<\/span><\/li><li><span style=\"font-size: 12pt\">Phl\u00e9bite, varice, diab\u00e8te ou hypertension<\/span><\/li><li><span style=\"font-size: 12pt\">Grossesse \u00e0 risque<\/span><\/li><li><span style=\"font-size: 12pt\">Inflammation de la peau<\/span><\/li><li><span style=\"font-size: 12pt\">\u00c9pisodes r\u00e9guliers de contraction<\/span><\/li><li><span style=\"font-size: 12pt\">Perte sanguine ou aqueuse<\/span><\/li><\/ul><\/div><\/div><\/div><div class=\"ea-card sp-ea-single\"><h3 class=\"ea-header\"><a class=\"collapsed\" id=\"ea-header-7224\" role=\"button\" data-sptoggle=\"spcollapse\" data-sptarget=\"#collapse7224\" aria-controls=\"collapse7224\" href=\"#\" aria-expanded=\"false\" tabindex=\"0\"><i aria-hidden=\"true\" role=\"presentation\" class=\"ea-expand-icon eap-icon-ea-expand-plus\"><\/i> Quelle est la tenue appropri\u00e9e lors d'une s\u00e9ance de massage ?<\/a><\/h3><div class=\"sp-collapse spcollapse \" id=\"collapse7224\" data-parent=\"#sp-ea-722\" role=\"region\" aria-labelledby=\"ea-header-7224\"> <div class=\"ea-body\"><p><span style=\"font-size: 12pt\">Pendant toute la dur\u00e9e du massage, vous serez couvert(e) d'un drap. Seules les parties du corps sur lesquelles je travaille seront expos\u00e9es, pr\u00e9servant ainsi votre intimit\u00e9. Vous avez le choix de garder vos propres sous-v\u00eatements qui ne craignent pas l'huile, ou d'utiliser des sous-v\u00eatements jetables que je mets \u00e0 votre disposition. Si vous avez des pr\u00e9occupations sp\u00e9cifiques concernant votre pudeur, n'h\u00e9sitez pas \u00e0 m'en faire part afin que je puisse adapter la s\u00e9ance selon vos besoins.<\/span><\/p><\/div><\/div><\/div><div class=\"ea-card sp-ea-single\"><h3 class=\"ea-header\"><a class=\"collapsed\" id=\"ea-header-7225\" role=\"button\" data-sptoggle=\"spcollapse\" data-sptarget=\"#collapse7225\" aria-controls=\"collapse7225\" href=\"#\" aria-expanded=\"false\" tabindex=\"0\"><i aria-hidden=\"true\" role=\"presentation\" class=\"ea-expand-icon eap-icon-ea-expand-plus\"><\/i> Faut-il retirer l'huile de la peau apr\u00e8s le massage, ou est-il recommand\u00e9 de la laisser p\u00e9n\u00e9trer?<\/a><\/h3><div class=\"sp-collapse spcollapse \" id=\"collapse7225\" data-parent=\"#sp-ea-722\" role=\"region\" aria-labelledby=\"ea-header-7225\"> <div class=\"ea-body\"><p><span style=\"font-size: 12pt\">Il est conseill\u00e9 de laisser l'huile sur votre peau apr\u00e8s le soin afin de b\u00e9n\u00e9ficier pleinement de ses propri\u00e9t\u00e9s nourrissantes. Cependant, je mets \u00e0 votre disposition une petite serviette au cas o\u00f9 vous pr\u00e9f\u00e9reriez absorber l'exc\u00e9dent selon vos pr\u00e9f\u00e9rences.<\/span><\/p><\/div><\/div><\/div><div class=\"ea-card sp-ea-single\"><h3 class=\"ea-header\"><a class=\"collapsed\" id=\"ea-header-7226\" role=\"button\" data-sptoggle=\"spcollapse\" data-sptarget=\"#collapse7226\" aria-controls=\"collapse7226\" href=\"#\" aria-expanded=\"false\" tabindex=\"0\"><i aria-hidden=\"true\" role=\"presentation\" class=\"ea-expand-icon eap-icon-ea-expand-plus\"><\/i> Comment me rendre au cabinet?<\/a><\/h3><div class=\"sp-collapse spcollapse \" id=\"collapse7226\" data-parent=\"#sp-ea-722\" role=\"region\" aria-labelledby=\"ea-header-7226\"> <div class=\"ea-body\"><p><span style=\"text-decoration: underline;font-size: 12pt\">En v\u00e9lo :\u00a0<\/span><br \/><span style=\"font-size: 12pt\">Des arceaux sont disponibles \u00e0 cot\u00e9 du cabinet<\/span><\/p><p><span style=\"text-decoration: underline;font-size: 12pt\">En transport en commun :<\/span><br \/>ligne bus 2 et H arr\u00eat Phalsbourg (300m - 5 minutes \u00e0 pied)<br \/>Tram : E ou B Parc du Contades (400m - 6 minutes \u00e0 pied)<br \/>C, F, B R\u00e9publique (700m - 10 min \u00e0 pied)<\/p><p><span style=\"text-decoration: underline;font-size: 12pt\">En voiture :<\/span><br \/><span style=\"font-size: 12pt\">Des places sont disponibles dans la rue<\/span><\/p><\/div><\/div><\/div><div class=\"ea-card sp-ea-single\"><h3 class=\"ea-header\"><a class=\"collapsed\" id=\"ea-header-7227\" role=\"button\" data-sptoggle=\"spcollapse\" data-sptarget=\"#collapse7227\" aria-controls=\"collapse7227\" href=\"#\" aria-expanded=\"false\" tabindex=\"0\"><i aria-hidden=\"true\" role=\"presentation\" class=\"ea-expand-icon eap-icon-ea-expand-plus\"><\/i> Comment fonctionne le parrainage?<\/a><\/h3><div class=\"sp-collapse spcollapse \" id=\"collapse7227\" data-parent=\"#sp-ea-722\" role=\"region\" aria-labelledby=\"ea-header-7227\"> <div class=\"ea-body\"><p><span style=\"font-size: 12pt\">Invitez vos amis, coll\u00e8gues ou proches \u00e0 d\u00e9couvrir l\u2019exp\u00e9rience unique de Kaya\u2019s Oasis Massage.<\/span><br \/><span style=\"font-size: 12pt\">Assurez-vous qu\u2019ils mentionnent votre nom lors de la r\u00e9servation.<\/span><br \/><span style=\"font-size: 12pt\">D\u00e9tendez-vous et appr\u00e9ciez vos\u00a0<strong>20 minutes<\/strong>\u00a0de massage suppl\u00e9mentaire lors de votre prochaine visite.<\/p><p><\/span><span style=\"font-size: 12pt\">\u26a0\ufe0fL'utilisation des 20 minutes gratuites n'est pas cumulable avec la promotion Massage du Mois<\/span><\/p><\/div><\/div><\/div><div class=\"ea-card sp-ea-single\"><h3 class=\"ea-header\"><a class=\"collapsed\" id=\"ea-header-7228\" role=\"button\" data-sptoggle=\"spcollapse\" data-sptarget=\"#collapse7228\" aria-controls=\"collapse7228\" href=\"#\" aria-expanded=\"false\" tabindex=\"0\"><i aria-hidden=\"true\" role=\"presentation\" class=\"ea-expand-icon eap-icon-ea-expand-plus\"><\/i> Comment utiliser votre carte cadeau ?<\/a><\/h3><div class=\"sp-collapse spcollapse \" id=\"collapse7228\" data-parent=\"#sp-ea-722\" role=\"region\" aria-labelledby=\"ea-header-7228\"> <div class=\"ea-body\"><p><span style=\"font-size: 12pt\">Lors de votre r\u00e9servation, veuillez indiquer le num\u00e9ro de r\u00e9f\u00e9rence de la carte-cadeau (situ\u00e9 en haut \u00e0 droite de la carte). Assurez-vous de pr\u00e9senter la carte le jour de votre massage au cabinet, car sans cela, la prestation vous sera factur\u00e9e.<\/span><\/p><p><span style=\"font-size: 12pt\">La carte est nominative et reste valide pendant 6\/12 mois \u00e0 partir de sa date d'achat. Les ch\u00e8ques-cadeaux ne pourront faire l\u2019objet d\u2019aucun remboursement.<\/span><\/p><p>Les anciennes cartes \u00e9mises avec une date de validit\u00e9 (6 \u00e0 12 mois) :<\/p><ul class=\"wp-block-list\"><li><strong>Ne sont ni \u00e9changeables ni remboursables<\/strong><\/li><li><strong>Ne peuvent pas \u00eatre prolong\u00e9es<\/strong><\/li><\/ul><p>\u27a1\ufe0f\u00a0Cependant, en cas d\u2019impr\u00e9vu (maladie, d\u00e9m\u00e9nagement\u2026), vous pouvez\u00a0<strong>offrir la carte \u00e0 un proche<\/strong>, en m\u2019avertissant\u00a0<strong>avant la fin de validit\u00e9<\/strong>.<\/p><\/div><\/div><\/div><\/div><\/div>\n","protected":false},"excerpt":{"rendered":"","protected":false},"author":1,"featured_media":0,"parent":0,"menu_order":0,"comment_status":"closed","ping_status":"closed","template":"","meta":{"_uag_custom_page_level_css":"","_uf_show_specific_survey":0,"_uf_disable_surveys":false,"footnotes":""},"class_list":["post-721","page","type-page","status-publish"],"yoast_head":"<!-- This site is optimized with the Yoast SEO plugin v27.4 - https:\/\/yoast.com\/product\/yoast-seo-wordpress\/ -->\n<title>Questions Fr\u00e9quentes - Kaya&#039;s Oasis Massage<\/title>\n<meta name=\"description\" content=\"D\u00e9couvrez les r\u00e9ponses \u00e0 vos questions courantes sur les s\u00e9ances de massage : tenue, d\u00e9roulement, utilisation des cartes cadeaux et bien plus encore.\" \/>\n<meta name=\"robots\" content=\"index, follow, max-snippet:-1, max-image-preview:large, max-video-preview:-1\" \/>\n<link rel=\"canonical\" href=\"https:\/\/kayasoasismassage.fr\/index.php\/questions-frequentes\/\" \/>\n<meta property=\"og:locale\" content=\"fr_FR\" \/>\n<meta property=\"og:type\" content=\"article\" \/>\n<meta property=\"og:title\" content=\"Questions Fr\u00e9quentes - Kaya&#039;s Oasis Massage\" \/>\n<meta property=\"og:description\" content=\"D\u00e9couvrez les r\u00e9ponses \u00e0 vos questions courantes sur les s\u00e9ances de massage : tenue, d\u00e9roulement, utilisation des cartes cadeaux et bien plus encore.\" \/>\n<meta property=\"og:url\" content=\"https:\/\/kayasoasismassage.fr\/index.php\/questions-frequentes\/\" \/>\n<meta property=\"og:site_name\" content=\"Kaya&#039;s Oasis Massage\" \/>\n<meta property=\"article:publisher\" content=\"https:\/\/www.facebook.com\/profile.php?id=61555287147770\" \/>\n<meta property=\"article:modified_time\" content=\"2024-02-13T10:14:08+00:00\" \/>\n<meta name=\"twitter:card\" content=\"summary_large_image\" \/>\n<meta name=\"twitter:label1\" content=\"Dur\u00e9e de lecture estim\u00e9e\" \/>\n\t<meta name=\"twitter:data1\" content=\"1 minute\" \/>\n<script type=\"application\/ld+json\" class=\"yoast-schema-graph\">{\"@context\":\"https:\\\/\\\/schema.org\",\"@graph\":[{\"@type\":\"WebPage\",\"@id\":\"https:\\\/\\\/kayasoasismassage.fr\\\/index.php\\\/questions-frequentes\\\/\",\"url\":\"https:\\\/\\\/kayasoasismassage.fr\\\/index.php\\\/questions-frequentes\\\/\",\"name\":\"Questions Fr\u00e9quentes - Kaya&#039;s Oasis Massage\",\"isPartOf\":{\"@id\":\"https:\\\/\\\/kayasoasismassage.fr\\\/#website\"},\"datePublished\":\"2024-02-13T09:59:31+00:00\",\"dateModified\":\"2024-02-13T10:14:08+00:00\",\"description\":\"D\u00e9couvrez les r\u00e9ponses \u00e0 vos questions courantes sur les s\u00e9ances de massage : tenue, d\u00e9roulement, utilisation des cartes cadeaux et bien plus encore.\",\"breadcrumb\":{\"@id\":\"https:\\\/\\\/kayasoasismassage.fr\\\/index.php\\\/questions-frequentes\\\/#breadcrumb\"},\"inLanguage\":\"fr-FR\",\"potentialAction\":[{\"@type\":\"ReadAction\",\"target\":[\"https:\\\/\\\/kayasoasismassage.fr\\\/index.php\\\/questions-frequentes\\\/\"]}]},{\"@type\":\"BreadcrumbList\",\"@id\":\"https:\\\/\\\/kayasoasismassage.fr\\\/index.php\\\/questions-frequentes\\\/#breadcrumb\",\"itemListElement\":[{\"@type\":\"ListItem\",\"position\":1,\"name\":\"Accueil\",\"item\":\"https:\\\/\\\/kayasoasismassage.fr\\\/\"},{\"@type\":\"ListItem\",\"position\":2,\"name\":\"Questions Fr\u00e9quentes\"}]},{\"@type\":\"WebSite\",\"@id\":\"https:\\\/\\\/kayasoasismassage.fr\\\/#website\",\"url\":\"https:\\\/\\\/kayasoasismassage.fr\\\/\",\"name\":\"Kaya's Oasis Massage\",\"description\":\"Un oasis de d\u00e9tente\",\"publisher\":{\"@id\":\"https:\\\/\\\/kayasoasismassage.fr\\\/#organization\"},\"potentialAction\":[{\"@type\":\"SearchAction\",\"target\":{\"@type\":\"EntryPoint\",\"urlTemplate\":\"https:\\\/\\\/kayasoasismassage.fr\\\/?s={search_term_string}\"},\"query-input\":{\"@type\":\"PropertyValueSpecification\",\"valueRequired\":true,\"valueName\":\"search_term_string\"}}],\"inLanguage\":\"fr-FR\"},{\"@type\":\"Organization\",\"@id\":\"https:\\\/\\\/kayasoasismassage.fr\\\/#organization\",\"name\":\"Kaya's Oasis Massage\",\"alternateName\":\"Kaya's Oasis\",\"url\":\"https:\\\/\\\/kayasoasismassage.fr\\\/\",\"logo\":{\"@type\":\"ImageObject\",\"inLanguage\":\"fr-FR\",\"@id\":\"https:\\\/\\\/kayasoasismassage.fr\\\/#\\\/schema\\\/logo\\\/image\\\/\",\"url\":\"https:\\\/\\\/kayasoasismassage.fr\\\/wp-content\\\/uploads\\\/2024\\\/01\\\/cropped-cropped-cropped-logo-transparent-png.png\",\"contentUrl\":\"https:\\\/\\\/kayasoasismassage.fr\\\/wp-content\\\/uploads\\\/2024\\\/01\\\/cropped-cropped-cropped-logo-transparent-png.png\",\"width\":385,\"height\":387,\"caption\":\"Kaya's Oasis Massage\"},\"image\":{\"@id\":\"https:\\\/\\\/kayasoasismassage.fr\\\/#\\\/schema\\\/logo\\\/image\\\/\"},\"sameAs\":[\"https:\\\/\\\/www.facebook.com\\\/profile.php?id=61555287147770\",\"https:\\\/\\\/www.instagram.com\\\/kayasoasis_massage\\\/\"]}]}<\/script>\n<!-- \/ Yoast SEO plugin. -->","yoast_head_json":{"title":"Questions Fr\u00e9quentes - Kaya&#039;s Oasis Massage","description":"D\u00e9couvrez les r\u00e9ponses \u00e0 vos questions courantes sur les s\u00e9ances de massage : tenue, d\u00e9roulement, utilisation des cartes cadeaux et bien plus encore.","robots":{"index":"index","follow":"follow","max-snippet":"max-snippet:-1","max-image-preview":"max-image-preview:large","max-video-preview":"max-video-preview:-1"},"canonical":"https:\/\/kayasoasismassage.fr\/index.php\/questions-frequentes\/","og_locale":"fr_FR","og_type":"article","og_title":"Questions Fr\u00e9quentes - Kaya&#039;s Oasis Massage","og_description":"D\u00e9couvrez les r\u00e9ponses \u00e0 vos questions courantes sur les s\u00e9ances de massage : tenue, d\u00e9roulement, utilisation des cartes cadeaux et bien plus encore.","og_url":"https:\/\/kayasoasismassage.fr\/index.php\/questions-frequentes\/","og_site_name":"Kaya&#039;s Oasis Massage","article_publisher":"https:\/\/www.facebook.com\/profile.php?id=61555287147770","article_modified_time":"2024-02-13T10:14:08+00:00","twitter_card":"summary_large_image","twitter_misc":{"Dur\u00e9e de lecture estim\u00e9e":"1 minute"},"schema":{"@context":"https:\/\/schema.org","@graph":[{"@type":"WebPage","@id":"https:\/\/kayasoasismassage.fr\/index.php\/questions-frequentes\/","url":"https:\/\/kayasoasismassage.fr\/index.php\/questions-frequentes\/","name":"Questions Fr\u00e9quentes - Kaya&#039;s Oasis Massage","isPartOf":{"@id":"https:\/\/kayasoasismassage.fr\/#website"},"datePublished":"2024-02-13T09:59:31+00:00","dateModified":"2024-02-13T10:14:08+00:00","description":"D\u00e9couvrez les r\u00e9ponses \u00e0 vos questions courantes sur les s\u00e9ances de massage : tenue, d\u00e9roulement, utilisation des cartes cadeaux et bien plus encore.","breadcrumb":{"@id":"https:\/\/kayasoasismassage.fr\/index.php\/questions-frequentes\/#breadcrumb"},"inLanguage":"fr-FR","potentialAction":[{"@type":"ReadAction","target":["https:\/\/kayasoasismassage.fr\/index.php\/questions-frequentes\/"]}]},{"@type":"BreadcrumbList","@id":"https:\/\/kayasoasismassage.fr\/index.php\/questions-frequentes\/#breadcrumb","itemListElement":[{"@type":"ListItem","position":1,"name":"Accueil","item":"https:\/\/kayasoasismassage.fr\/"},{"@type":"ListItem","position":2,"name":"Questions Fr\u00e9quentes"}]},{"@type":"WebSite","@id":"https:\/\/kayasoasismassage.fr\/#website","url":"https:\/\/kayasoasismassage.fr\/","name":"Kaya's Oasis Massage","description":"Un oasis de d\u00e9tente","publisher":{"@id":"https:\/\/kayasoasismassage.fr\/#organization"},"potentialAction":[{"@type":"SearchAction","target":{"@type":"EntryPoint","urlTemplate":"https:\/\/kayasoasismassage.fr\/?s={search_term_string}"},"query-input":{"@type":"PropertyValueSpecification","valueRequired":true,"valueName":"search_term_string"}}],"inLanguage":"fr-FR"},{"@type":"Organization","@id":"https:\/\/kayasoasismassage.fr\/#organization","name":"Kaya's Oasis Massage","alternateName":"Kaya's Oasis","url":"https:\/\/kayasoasismassage.fr\/","logo":{"@type":"ImageObject","inLanguage":"fr-FR","@id":"https:\/\/kayasoasismassage.fr\/#\/schema\/logo\/image\/","url":"https:\/\/kayasoasismassage.fr\/wp-content\/uploads\/2024\/01\/cropped-cropped-cropped-logo-transparent-png.png","contentUrl":"https:\/\/kayasoasismassage.fr\/wp-content\/uploads\/2024\/01\/cropped-cropped-cropped-logo-transparent-png.png","width":385,"height":387,"caption":"Kaya's Oasis Massage"},"image":{"@id":"https:\/\/kayasoasismassage.fr\/#\/schema\/logo\/image\/"},"sameAs":["https:\/\/www.facebook.com\/profile.php?id=61555287147770","https:\/\/www.instagram.com\/kayasoasis_massage\/"]}]}},"uagb_featured_image_src":{"full":false,"thumbnail":false,"medium":false,"medium_large":false,"large":false,"1536x1536":false,"2048x2048":false},"uagb_author_info":{"display_name":"Morgane","author_link":"https:\/\/kayasoasismassage.fr\/index.php\/author\/admin2099\/"},"uagb_comment_info":0,"uagb_excerpt":null,"_links":{"self":[{"href":"https:\/\/kayasoasismassage.fr\/index.php\/wp-json\/wp\/v2\/pages\/721","targetHints":{"allow":["GET"]}}],"collection":[{"href":"https:\/\/kayasoasismassage.fr\/index.php\/wp-json\/wp\/v2\/pages"}],"about":[{"href":"https:\/\/kayasoasismassage.fr\/index.php\/wp-json\/wp\/v2\/types\/page"}],"author":[{"embeddable":true,"href":"https:\/\/kayasoasismassage.fr\/index.php\/wp-json\/wp\/v2\/users\/1"}],"replies":[{"embeddable":true,"href":"https:\/\/kayasoasismassage.fr\/index.php\/wp-json\/wp\/v2\/comments?post=721"}],"version-history":[{"count":1,"href":"https:\/\/kayasoasismassage.fr\/index.php\/wp-json\/wp\/v2\/pages\/721\/revisions"}],"predecessor-version":[{"id":724,"href":"https:\/\/kayasoasismassage.fr\/index.php\/wp-json\/wp\/v2\/pages\/721\/revisions\/724"}],"wp:attachment":[{"href":"https:\/\/kayasoasismassage.fr\/index.php\/wp-json\/wp\/v2\/media?parent=721"}],"curies":[{"name":"wp","href":"https:\/\/api.w.org\/{rel}","templated":true}]}}