{"id":118,"date":"2024-01-08T14:16:29","date_gmt":"2024-01-08T13:16:29","guid":{"rendered":"https:\/\/kayasoasismassage.fr\/?page_id=118"},"modified":"2025-07-30T11:27:26","modified_gmt":"2025-07-30T09:27:26","slug":"massage-visage-liftant-strasbourg","status":"publish","type":"page","link":"https:\/\/kayasoasismassage.fr\/index.php\/carte-des-massages-strasbourg\/massage-visage-liftant-strasbourg\/","title":{"rendered":"Massage Visage (Liftant)"},"content":{"rendered":"\n<p class=\"has-text-align-center has-medium-font-size\"><em>Pour un visage rajeunit<\/em><\/p>\n\n\n<div class=\"wp-block-image\">\n<figure class=\"aligncenter size-medium\"><img loading=\"lazy\" decoding=\"async\" width=\"300\" height=\"40\" src=\"https:\/\/kayasoasismassage.fr\/wp-content\/uploads\/2024\/01\/Design-sans-titre-300x40.jpg\" alt=\"s\u00e9paration\" class=\"wp-image-249\" srcset=\"https:\/\/kayasoasismassage.fr\/wp-content\/uploads\/2024\/01\/Design-sans-titre-300x40.jpg 300w, https:\/\/kayasoasismassage.fr\/wp-content\/uploads\/2024\/01\/Design-sans-titre-1024x138.jpg 1024w, https:\/\/kayasoasismassage.fr\/wp-content\/uploads\/2024\/01\/Design-sans-titre-768x103.jpg 768w, https:\/\/kayasoasismassage.fr\/wp-content\/uploads\/2024\/01\/Design-sans-titre.jpg 1414w\" sizes=\"auto, (max-width: 300px) 100vw, 300px\" \/><\/figure>\n<\/div>\n\n\n<p><\/p>\n\n\n\n<h2 class=\"wp-block-heading has-text-color has-link-color wp-elements-8751b41e6b2869a2414cba5962502d83\" style=\"color:#78290f\"><strong><em>Red\u00e9couvrez la jeunesse de votre visage avec le massage du visage liftant inspir\u00e9 par la tradition japonaise.<\/em><\/strong><\/h2>\n\n\n\n<p><\/p>\n\n\n\n<div class=\"wp-block-media-text is-stacked-on-mobile\" style=\"grid-template-columns:22% auto\"><figure class=\"wp-block-media-text__media\"><img loading=\"lazy\" decoding=\"async\" width=\"446\" height=\"688\" src=\"https:\/\/kayasoasismassage.fr\/wp-content\/uploads\/2024\/03\/Capture-decran-2024-03-24-170820.png\" alt=\"\" class=\"wp-image-976 size-full\" srcset=\"https:\/\/kayasoasismassage.fr\/wp-content\/uploads\/2024\/03\/Capture-decran-2024-03-24-170820.png 446w, https:\/\/kayasoasismassage.fr\/wp-content\/uploads\/2024\/03\/Capture-decran-2024-03-24-170820-194x300.png 194w\" sizes=\"auto, (max-width: 446px) 100vw, 446px\" \/><\/figure><div class=\"wp-block-media-text__content\">\n<p>Imaginez-vous transport\u00e9(e) dans les jardins paisibles du Japon, o\u00f9 la <strong>s\u00e9r\u00e9nit\u00e9 r\u00e8gne<\/strong> et o\u00f9 chaque souffle apporte une <strong>nouvelle \u00e9nergie<\/strong>. Mon massage du visage liftant s&rsquo;inspire de cette atmosph\u00e8re pour vous offrir une exp\u00e9rience de beaut\u00e9 et de bien-\u00eatre incomparable. Inspir\u00e9 par les traditions japonaises ancestrales, chaque geste est con\u00e7u pour <strong>stimuler la circulation<\/strong>, <strong>tonifier les muscles<\/strong> et <strong>raviver votre peau en profondeur<\/strong>.<\/p>\n\n\n\n<p>Au-del\u00e0 de ses bienfaits esth\u00e9tiques, mon massage du visage liftant est une invitation au <strong>l\u00e2cher-prise <\/strong>et \u00e0 la <strong>relaxation profonde<\/strong>. En effa\u00e7ant les tensions accumul\u00e9es, il r\u00e9\u00e9quilibre votre syst\u00e8me nerveux et vous laisse avec une<strong> sensation de l\u00e9g\u00e8ret\u00e9<\/strong> et de<strong> bien-\u00eatre total<\/strong>. C&rsquo;est une exp\u00e9rience compl\u00e8te et raffin\u00e9e, qui nourrit \u00e0 la fois votre peau et votre esprit.<\/p>\n\n\n\n<p>Offrez-vous ce moment de <strong>pure d\u00e9tente<\/strong> et de <strong>r\u00e9g\u00e9n\u00e9ration<\/strong> en r\u00e9servant d\u00e8s maintenant votre s\u00e9ance de massage du visage \u00e0 Strasbourg. Venez d\u00e9couvrir par vous-m\u00eame les merveilleux bienfaits de cette technique japonaise ancestrale et laissez-nous vous guider vers une <strong>peau rayonnante<\/strong> et un <strong>esprit apais\u00e9<\/strong>.<\/p>\n<\/div><\/div>\n\n\n\n<p><\/p>\n\n\n\n<h2 class=\"wp-block-heading has-text-color has-link-color has-large-font-size wp-elements-e2d6cae713483376b73d151fe0fb2421\" style=\"color:#79280f\"><strong><em>Les Bienfaits<\/em><\/strong><\/h2>\n\n\n\n<div class=\"wp-block-uagb-icon-list uagb-block-6c331e73\"><div class=\"uagb-icon-list__wrap\">\n<div class=\"wp-block-uagb-icon-list-child uagb-block-19adec21\"><span class=\"uagb-icon-list__source-wrap\"><svg xmlns=\"https:\/\/www.w3.org\/2000\/svg\" viewBox=\"0 0 512 512\"><path d=\"M256 0C114.6 0 0 114.6 0 256c0 141.4 114.6 256 256 256s256-114.6 256-256C512 114.6 397.4 0 256 0zM406.6 278.6l-103.1 103.1c-12.5 12.5-32.75 12.5-45.25 0s-12.5-32.75 0-45.25L306.8 288H128C110.3 288 96 273.7 96 256s14.31-32 32-32h178.8l-49.38-49.38c-12.5-12.5-12.5-32.75 0-45.25s32.75-12.5 45.25 0l103.1 103.1C414.6 241.3 416 251.1 416 256C416 260.9 414.6 270.7 406.6 278.6z\"><\/path><\/svg><\/span><span class=\"uagb-icon-list__label\">Am\u00e9lioration de la circulation sanguine <\/span><\/div>\n\n\n\n<div class=\"wp-block-uagb-icon-list-child uagb-block-572c81b6\"><span class=\"uagb-icon-list__source-wrap\"><svg xmlns=\"https:\/\/www.w3.org\/2000\/svg\" viewBox=\"0 0 512 512\"><path d=\"M256 0C114.6 0 0 114.6 0 256c0 141.4 114.6 256 256 256s256-114.6 256-256C512 114.6 397.4 0 256 0zM406.6 278.6l-103.1 103.1c-12.5 12.5-32.75 12.5-45.25 0s-12.5-32.75 0-45.25L306.8 288H128C110.3 288 96 273.7 96 256s14.31-32 32-32h178.8l-49.38-49.38c-12.5-12.5-12.5-32.75 0-45.25s32.75-12.5 45.25 0l103.1 103.1C414.6 241.3 416 251.1 416 256C416 260.9 414.6 270.7 406.6 278.6z\"><\/path><\/svg><\/span><span class=\"uagb-icon-list__label\">Relaxation musculaire <\/span><\/div>\n\n\n\n<div class=\"wp-block-uagb-icon-list-child uagb-block-2444c30b\"><span class=\"uagb-icon-list__source-wrap\"><svg xmlns=\"https:\/\/www.w3.org\/2000\/svg\" viewBox=\"0 0 512 512\"><path d=\"M256 0C114.6 0 0 114.6 0 256c0 141.4 114.6 256 256 256s256-114.6 256-256C512 114.6 397.4 0 256 0zM406.6 278.6l-103.1 103.1c-12.5 12.5-32.75 12.5-45.25 0s-12.5-32.75 0-45.25L306.8 288H128C110.3 288 96 273.7 96 256s14.31-32 32-32h178.8l-49.38-49.38c-12.5-12.5-12.5-32.75 0-45.25s32.75-12.5 45.25 0l103.1 103.1C414.6 241.3 416 251.1 416 256C416 260.9 414.6 270.7 406.6 278.6z\"><\/path><\/svg><\/span><span class=\"uagb-icon-list__label\">Stimulation du drainage lymphatique<\/span><\/div>\n\n\n\n<div class=\"wp-block-uagb-icon-list-child uagb-block-1021d022\"><span class=\"uagb-icon-list__source-wrap\"><svg xmlns=\"https:\/\/www.w3.org\/2000\/svg\" viewBox=\"0 0 512 512\"><path d=\"M256 0C114.6 0 0 114.6 0 256c0 141.4 114.6 256 256 256s256-114.6 256-256C512 114.6 397.4 0 256 0zM406.6 278.6l-103.1 103.1c-12.5 12.5-32.75 12.5-45.25 0s-12.5-32.75 0-45.25L306.8 288H128C110.3 288 96 273.7 96 256s14.31-32 32-32h178.8l-49.38-49.38c-12.5-12.5-12.5-32.75 0-45.25s32.75-12.5 45.25 0l103.1 103.1C414.6 241.3 416 251.1 416 256C416 260.9 414.6 270.7 406.6 278.6z\"><\/path><\/svg><\/span><span class=\"uagb-icon-list__label\">Am\u00e9lioration de l&rsquo;\u00e9lasticit\u00e9 de la peau <\/span><\/div>\n\n\n\n<div class=\"wp-block-uagb-icon-list-child uagb-block-91a0d776\"><span class=\"uagb-icon-list__source-wrap\"><svg xmlns=\"https:\/\/www.w3.org\/2000\/svg\" viewBox=\"0 0 512 512\"><path d=\"M256 0C114.6 0 0 114.6 0 256c0 141.4 114.6 256 256 256s256-114.6 256-256C512 114.6 397.4 0 256 0zM406.6 278.6l-103.1 103.1c-12.5 12.5-32.75 12.5-45.25 0s-12.5-32.75 0-45.25L306.8 288H128C110.3 288 96 273.7 96 256s14.31-32 32-32h178.8l-49.38-49.38c-12.5-12.5-12.5-32.75 0-45.25s32.75-12.5 45.25 0l103.1 103.1C414.6 241.3 416 251.1 416 256C416 260.9 414.6 270.7 406.6 278.6z\"><\/path><\/svg><\/span><span class=\"uagb-icon-list__label\">R\u00e9duction du stress <\/span><\/div>\n\n\n\n<div class=\"wp-block-uagb-icon-list-child uagb-block-a88fc9da\"><span class=\"uagb-icon-list__source-wrap\"><svg xmlns=\"https:\/\/www.w3.org\/2000\/svg\" viewBox=\"0 0 512 512\"><path d=\"M256 0C114.6 0 0 114.6 0 256c0 141.4 114.6 256 256 256s256-114.6 256-256C512 114.6 397.4 0 256 0zM406.6 278.6l-103.1 103.1c-12.5 12.5-32.75 12.5-45.25 0s-12.5-32.75 0-45.25L306.8 288H128C110.3 288 96 273.7 96 256s14.31-32 32-32h178.8l-49.38-49.38c-12.5-12.5-12.5-32.75 0-45.25s32.75-12.5 45.25 0l103.1 103.1C414.6 241.3 416 251.1 416 256C416 260.9 414.6 270.7 406.6 278.6z\"><\/path><\/svg><\/span><span class=\"uagb-icon-list__label\">Activation des points \u00e9nerg\u00e9tiques<strong> <\/strong><\/span><\/div>\n\n\n\n<div class=\"wp-block-uagb-icon-list-child uagb-block-ef186a1d\"><span class=\"uagb-icon-list__source-wrap\"><svg xmlns=\"https:\/\/www.w3.org\/2000\/svg\" viewBox=\"0 0 512 512\"><path d=\"M256 0C114.6 0 0 114.6 0 256c0 141.4 114.6 256 256 256s256-114.6 256-256C512 114.6 397.4 0 256 0zM406.6 278.6l-103.1 103.1c-12.5 12.5-32.75 12.5-45.25 0s-12.5-32.75 0-45.25L306.8 288H128C110.3 288 96 273.7 96 256s14.31-32 32-32h178.8l-49.38-49.38c-12.5-12.5-12.5-32.75 0-45.25s32.75-12.5 45.25 0l103.1 103.1C414.6 241.3 416 251.1 416 256C416 260.9 414.6 270.7 406.6 278.6z\"><\/path><\/svg><\/span><span class=\"uagb-icon-list__label\">Promotion d&rsquo;une peau \u00e9clatante <\/span><\/div>\n<\/div><\/div>\n\n\n\n<p><\/p>\n\n\n\n<h2 class=\"wp-block-heading has-text-color has-link-color has-large-font-size wp-elements-bdfcc5ef4bdf7e3d238c4c227234279d\" style=\"color:#78290f\"><strong><em>D\u00e9roulement d&rsquo;une s\u00e9ance<\/em><\/strong><\/h2>\n\n\n\n<p>La personne mass\u00e9e conserve ses v\u00eatements, il faut seulement d\u00e9gager le d\u00e9collet\u00e9 et les \u00e9paules. C\u2019est un massage complet et d\u00e9taill\u00e9 du visage mais aussi du d\u00e9collet\u00e9, de la nuque et du cuir chevelu. <br><br>Vous aurez le <strong>choix de l\u2019huile<\/strong> selon votre type de peau (amande douce, jojoba, avocat ou abricot) et le choix de <strong>votre eau florale<\/strong> (rose, camomille, fleur d&rsquo;oranger, lavande, Ylang Ylang).<br><br>La premi\u00e8re demi-heure du massage se concentre sur le<strong> lifting <\/strong>et se termine par la pose de cotons imbib\u00e9s d&rsquo;eau florale de bleuets pour refroidir les yeux. <br><br>La seconde est compos\u00e9e \u00e0 la fois de <strong>Shiatsu<\/strong> qui se focalise sur les points d&rsquo;\u00e9nergie, apaise les tensions et r\u00e9tablit l&rsquo;harmonie \u00e9nerg\u00e9tique.<\/p>\n\n\n\n<p><\/p>\n\n\n\n<h2 class=\"wp-block-heading has-text-color has-link-color has-large-font-size wp-elements-16a55917a1ed8b8e78d2cacec6b53f46\" style=\"color:#78290f\"><strong><em>Dur\u00e9es et Tarifs<\/em><\/strong><\/h2>\n\n\n\n<p>30 min de massage : 40 \u20ac (Lifting uniquement)<br><br>45 min de massage : 55 \u20ac (Lifting + massage cuir chevelu)<\/p>\n\n\n\n<p>1h de massage : 70 \u20ac (Lifting + shiatsu + massage cuir chevelu)<\/p>\n\n\n\n<p><\/p>\n\n\n\n<p class=\"has-text-color has-link-color has-large-font-size wp-elements-d67a17baeacc8281b6a7fa12620fa3e3\" style=\"color:#78290f\"><strong><em>R\u00e9servation<\/em><\/strong><\/p>\n\n\n\n<!-- Cal inline embed code begins -->\n<div style=\"width:100%;height:100%;overflow:scroll\" id=\"my-cal-inline\"><\/div>\n<script type=\"text\/javascript\">\n  (function (C, A, L) { let p = function (a, ar) { a.q.push(ar); }; let d = C.document; C.Cal = C.Cal || function () { let cal = C.Cal; let ar = arguments; if (!cal.loaded) { cal.ns = {}; cal.q = cal.q || []; d.head.appendChild(d.createElement(\"script\")).src = A; cal.loaded = true; } if (ar[0] === L) { const api = function () { p(api, arguments); }; const namespace = ar[1]; api.q = api.q || []; typeof namespace === \"string\" ? (cal.ns[namespace] = api) && p(api, ar) : p(cal, ar); return; } p(cal, ar); }; })(window, \"https:\/\/app.cal.com\/embed\/embed.js\", \"init\");\nCal(\"init\", \"visage\", {origin:\"https:\/\/cal.com\"});\n\n  Cal.ns.visage(\"inline\", {\n\telementOrSelector:\"#my-cal-inline\",\n\tcalLink: \"kayasoasis\/visage\",\n\tlayout: \"month_view\"\n  });\n  \n  Cal.ns.visage(\"ui\", {\"styles\":{\"branding\":{\"brandColor\":\"#000000\"}},\"hideEventTypeDetails\":false,\"layout\":\"month_view\"});\n  <\/script>\n  <!-- Cal inline embed code ends -->\n\n\n\n<hr class=\"wp-block-separator has-alpha-channel-opacity\"\/>\n\n\n\n<p class=\"has-small-font-size\"><em><em>\u00a0<em>Praticienne de massage bien-\u00eatre, de pr\u00e9vention et d\u2019accompagnement \u00e0 la sant\u00e9.<\/em><\/em>\u00a0\u2013\u00a0<em>Le massage bien-\u00eatre est un soin de relaxation et de d\u00e9tente, \u00e0 but non th\u00e9rapeutique.<\/em><\/em><\/p>\n\n\n\n<div class=\"wp-block-uagb-image uagb-block-05c0125c wp-block-uagb-image--layout-default wp-block-uagb-image--effect-static wp-block-uagb-image--align-none\"><figure class=\"wp-block-uagb-image__figure\"><img decoding=\"async\" srcset=\"https:\/\/kayasoasismassage.fr\/wp-content\/uploads\/2024\/11\/FFMBE-visuel-nosexe-1024x142.webp ,https:\/\/kayasoasismassage.fr\/wp-content\/uploads\/2024\/11\/FFMBE-visuel-nosexe.webp 780w, https:\/\/kayasoasismassage.fr\/wp-content\/uploads\/2024\/11\/FFMBE-visuel-nosexe.webp 360w\" sizes=\"auto, (max-width: 480px) 150px\" src=\"https:\/\/kayasoasismassage.fr\/wp-content\/uploads\/2024\/11\/FFMBE-visuel-nosexe-1024x142.webp\" alt=\"\" class=\"uag-image-1257\" width=\"1024\" height=\"142\" title=\"FFMBE-visuel-nosexe\" loading=\"lazy\" role=\"img\"\/><\/figure><\/div>\n","protected":false},"excerpt":{"rendered":"<p>Pour un visage rajeunit Red\u00e9couvrez la jeunesse de votre visage avec le massage du visage liftant inspir\u00e9 par la tradition japonaise. Imaginez-vous transport\u00e9(e) dans les jardins paisibles du Japon, o\u00f9 la s\u00e9r\u00e9nit\u00e9 r\u00e8gne et o\u00f9 chaque souffle apporte une nouvelle \u00e9nergie. Mon massage du visage liftant s&rsquo;inspire de cette atmosph\u00e8re pour vous offrir une exp\u00e9rience &#8230; <a title=\"Massage Visage (Liftant)\" class=\"read-more\" href=\"https:\/\/kayasoasismassage.fr\/index.php\/carte-des-massages-strasbourg\/massage-visage-liftant-strasbourg\/\" aria-label=\"En savoir plus sur Massage Visage (Liftant)\">Lire la suite<\/a><\/p>\n","protected":false},"author":1,"featured_media":0,"parent":49,"menu_order":0,"comment_status":"closed","ping_status":"closed","template":"","meta":{"_uag_custom_page_level_css":"","_uf_show_specific_survey":0,"_uf_disable_surveys":false,"footnotes":""},"class_list":["post-118","page","type-page","status-publish"],"yoast_head":"<!-- This site is optimized with the Yoast SEO plugin v27.4 - https:\/\/yoast.com\/product\/yoast-seo-wordpress\/ -->\n<title>Massage Visage (Liftant) - R\u00e9v\u00e9ler l&#039;\u00e9clat naturel de votre peau<\/title>\n<meta name=\"description\" content=\"R\u00e9v\u00e9lez l&#039;\u00e9clat naturel de votre peau avec mon massage du visage. D\u00e9tente profonde et bien-\u00eatre assur\u00e9s en plein c\u0153ur de Strasbourg !\" \/>\n<meta name=\"robots\" content=\"index, follow, max-snippet:-1, max-image-preview:large, max-video-preview:-1\" \/>\n<link rel=\"canonical\" href=\"https:\/\/kayasoasismassage.fr\/index.php\/carte-des-massages-strasbourg\/massage-visage-liftant-strasbourg\/\" \/>\n<meta property=\"og:locale\" content=\"fr_FR\" \/>\n<meta property=\"og:type\" content=\"article\" \/>\n<meta property=\"og:title\" content=\"Massage Visage (Liftant) - R\u00e9v\u00e9ler l&#039;\u00e9clat naturel de votre peau\" \/>\n<meta property=\"og:description\" content=\"R\u00e9v\u00e9lez l&#039;\u00e9clat naturel de votre peau avec mon massage du visage. D\u00e9tente profonde et bien-\u00eatre assur\u00e9s en plein c\u0153ur de Strasbourg !\" \/>\n<meta property=\"og:url\" content=\"https:\/\/kayasoasismassage.fr\/index.php\/carte-des-massages-strasbourg\/massage-visage-liftant-strasbourg\/\" \/>\n<meta property=\"og:site_name\" content=\"Kaya&#039;s Oasis Massage\" \/>\n<meta property=\"article:publisher\" content=\"https:\/\/www.facebook.com\/profile.php?id=61555287147770\" \/>\n<meta property=\"article:modified_time\" content=\"2025-07-30T09:27:26+00:00\" \/>\n<meta property=\"og:image\" content=\"https:\/\/kayasoasismassage.fr\/wp-content\/uploads\/2024\/01\/Design-sans-titre.jpg\" \/>\n\t<meta property=\"og:image:width\" content=\"1414\" \/>\n\t<meta property=\"og:image:height\" content=\"190\" \/>\n\t<meta property=\"og:image:type\" content=\"image\/jpeg\" \/>\n<meta name=\"twitter:card\" content=\"summary_large_image\" \/>\n<meta name=\"twitter:label1\" content=\"Dur\u00e9e de lecture estim\u00e9e\" \/>\n\t<meta name=\"twitter:data1\" content=\"3 minutes\" \/>\n<script type=\"application\/ld+json\" class=\"yoast-schema-graph\">{\"@context\":\"https:\\\/\\\/schema.org\",\"@graph\":[{\"@type\":\"WebPage\",\"@id\":\"https:\\\/\\\/kayasoasismassage.fr\\\/index.php\\\/carte-des-massages-strasbourg\\\/massage-visage-liftant-strasbourg\\\/\",\"url\":\"https:\\\/\\\/kayasoasismassage.fr\\\/index.php\\\/carte-des-massages-strasbourg\\\/massage-visage-liftant-strasbourg\\\/\",\"name\":\"Massage Visage (Liftant) - R\u00e9v\u00e9ler l'\u00e9clat naturel de votre peau\",\"isPartOf\":{\"@id\":\"https:\\\/\\\/kayasoasismassage.fr\\\/#website\"},\"primaryImageOfPage\":{\"@id\":\"https:\\\/\\\/kayasoasismassage.fr\\\/index.php\\\/carte-des-massages-strasbourg\\\/massage-visage-liftant-strasbourg\\\/#primaryimage\"},\"image\":{\"@id\":\"https:\\\/\\\/kayasoasismassage.fr\\\/index.php\\\/carte-des-massages-strasbourg\\\/massage-visage-liftant-strasbourg\\\/#primaryimage\"},\"thumbnailUrl\":\"https:\\\/\\\/kayasoasismassage.fr\\\/wp-content\\\/uploads\\\/2024\\\/01\\\/Design-sans-titre-300x40.jpg\",\"datePublished\":\"2024-01-08T13:16:29+00:00\",\"dateModified\":\"2025-07-30T09:27:26+00:00\",\"description\":\"R\u00e9v\u00e9lez l'\u00e9clat naturel de votre peau avec mon massage du visage. D\u00e9tente profonde et bien-\u00eatre assur\u00e9s en plein c\u0153ur de Strasbourg !\",\"breadcrumb\":{\"@id\":\"https:\\\/\\\/kayasoasismassage.fr\\\/index.php\\\/carte-des-massages-strasbourg\\\/massage-visage-liftant-strasbourg\\\/#breadcrumb\"},\"inLanguage\":\"fr-FR\",\"potentialAction\":[{\"@type\":\"ReadAction\",\"target\":[\"https:\\\/\\\/kayasoasismassage.fr\\\/index.php\\\/carte-des-massages-strasbourg\\\/massage-visage-liftant-strasbourg\\\/\"]}]},{\"@type\":\"ImageObject\",\"inLanguage\":\"fr-FR\",\"@id\":\"https:\\\/\\\/kayasoasismassage.fr\\\/index.php\\\/carte-des-massages-strasbourg\\\/massage-visage-liftant-strasbourg\\\/#primaryimage\",\"url\":\"https:\\\/\\\/kayasoasismassage.fr\\\/wp-content\\\/uploads\\\/2024\\\/01\\\/Design-sans-titre.jpg\",\"contentUrl\":\"https:\\\/\\\/kayasoasismassage.fr\\\/wp-content\\\/uploads\\\/2024\\\/01\\\/Design-sans-titre.jpg\",\"width\":1414,\"height\":190,\"caption\":\"s\u00e9paration\"},{\"@type\":\"BreadcrumbList\",\"@id\":\"https:\\\/\\\/kayasoasismassage.fr\\\/index.php\\\/carte-des-massages-strasbourg\\\/massage-visage-liftant-strasbourg\\\/#breadcrumb\",\"itemListElement\":[{\"@type\":\"ListItem\",\"position\":1,\"name\":\"Accueil\",\"item\":\"https:\\\/\\\/kayasoasismassage.fr\\\/\"},{\"@type\":\"ListItem\",\"position\":2,\"name\":\"La carte des Massages\",\"item\":\"https:\\\/\\\/kayasoasismassage.fr\\\/index.php\\\/carte-des-massages-strasbourg\\\/\"},{\"@type\":\"ListItem\",\"position\":3,\"name\":\"Massage Visage (Liftant)\"}]},{\"@type\":\"WebSite\",\"@id\":\"https:\\\/\\\/kayasoasismassage.fr\\\/#website\",\"url\":\"https:\\\/\\\/kayasoasismassage.fr\\\/\",\"name\":\"Kaya's Oasis Massage\",\"description\":\"Un oasis de d\u00e9tente\",\"publisher\":{\"@id\":\"https:\\\/\\\/kayasoasismassage.fr\\\/#organization\"},\"potentialAction\":[{\"@type\":\"SearchAction\",\"target\":{\"@type\":\"EntryPoint\",\"urlTemplate\":\"https:\\\/\\\/kayasoasismassage.fr\\\/?s={search_term_string}\"},\"query-input\":{\"@type\":\"PropertyValueSpecification\",\"valueRequired\":true,\"valueName\":\"search_term_string\"}}],\"inLanguage\":\"fr-FR\"},{\"@type\":\"Organization\",\"@id\":\"https:\\\/\\\/kayasoasismassage.fr\\\/#organization\",\"name\":\"Kaya's Oasis Massage\",\"alternateName\":\"Kaya's Oasis\",\"url\":\"https:\\\/\\\/kayasoasismassage.fr\\\/\",\"logo\":{\"@type\":\"ImageObject\",\"inLanguage\":\"fr-FR\",\"@id\":\"https:\\\/\\\/kayasoasismassage.fr\\\/#\\\/schema\\\/logo\\\/image\\\/\",\"url\":\"https:\\\/\\\/kayasoasismassage.fr\\\/wp-content\\\/uploads\\\/2024\\\/01\\\/cropped-cropped-cropped-logo-transparent-png.png\",\"contentUrl\":\"https:\\\/\\\/kayasoasismassage.fr\\\/wp-content\\\/uploads\\\/2024\\\/01\\\/cropped-cropped-cropped-logo-transparent-png.png\",\"width\":385,\"height\":387,\"caption\":\"Kaya's Oasis Massage\"},\"image\":{\"@id\":\"https:\\\/\\\/kayasoasismassage.fr\\\/#\\\/schema\\\/logo\\\/image\\\/\"},\"sameAs\":[\"https:\\\/\\\/www.facebook.com\\\/profile.php?id=61555287147770\",\"https:\\\/\\\/www.instagram.com\\\/kayasoasis_massage\\\/\"]}]}<\/script>\n<!-- \/ Yoast SEO plugin. -->","yoast_head_json":{"title":"Massage Visage (Liftant) - R\u00e9v\u00e9ler l'\u00e9clat naturel de votre peau","description":"R\u00e9v\u00e9lez l'\u00e9clat naturel de votre peau avec mon massage du visage. D\u00e9tente profonde et bien-\u00eatre assur\u00e9s en plein c\u0153ur de Strasbourg !","robots":{"index":"index","follow":"follow","max-snippet":"max-snippet:-1","max-image-preview":"max-image-preview:large","max-video-preview":"max-video-preview:-1"},"canonical":"https:\/\/kayasoasismassage.fr\/index.php\/carte-des-massages-strasbourg\/massage-visage-liftant-strasbourg\/","og_locale":"fr_FR","og_type":"article","og_title":"Massage Visage (Liftant) - R\u00e9v\u00e9ler l'\u00e9clat naturel de votre peau","og_description":"R\u00e9v\u00e9lez l'\u00e9clat naturel de votre peau avec mon massage du visage. D\u00e9tente profonde et bien-\u00eatre assur\u00e9s en plein c\u0153ur de Strasbourg !","og_url":"https:\/\/kayasoasismassage.fr\/index.php\/carte-des-massages-strasbourg\/massage-visage-liftant-strasbourg\/","og_site_name":"Kaya&#039;s Oasis Massage","article_publisher":"https:\/\/www.facebook.com\/profile.php?id=61555287147770","article_modified_time":"2025-07-30T09:27:26+00:00","og_image":[{"width":1414,"height":190,"url":"https:\/\/kayasoasismassage.fr\/wp-content\/uploads\/2024\/01\/Design-sans-titre.jpg","type":"image\/jpeg"}],"twitter_card":"summary_large_image","twitter_misc":{"Dur\u00e9e de lecture estim\u00e9e":"3 minutes"},"schema":{"@context":"https:\/\/schema.org","@graph":[{"@type":"WebPage","@id":"https:\/\/kayasoasismassage.fr\/index.php\/carte-des-massages-strasbourg\/massage-visage-liftant-strasbourg\/","url":"https:\/\/kayasoasismassage.fr\/index.php\/carte-des-massages-strasbourg\/massage-visage-liftant-strasbourg\/","name":"Massage Visage (Liftant) - R\u00e9v\u00e9ler l'\u00e9clat naturel de votre peau","isPartOf":{"@id":"https:\/\/kayasoasismassage.fr\/#website"},"primaryImageOfPage":{"@id":"https:\/\/kayasoasismassage.fr\/index.php\/carte-des-massages-strasbourg\/massage-visage-liftant-strasbourg\/#primaryimage"},"image":{"@id":"https:\/\/kayasoasismassage.fr\/index.php\/carte-des-massages-strasbourg\/massage-visage-liftant-strasbourg\/#primaryimage"},"thumbnailUrl":"https:\/\/kayasoasismassage.fr\/wp-content\/uploads\/2024\/01\/Design-sans-titre-300x40.jpg","datePublished":"2024-01-08T13:16:29+00:00","dateModified":"2025-07-30T09:27:26+00:00","description":"R\u00e9v\u00e9lez l'\u00e9clat naturel de votre peau avec mon massage du visage. D\u00e9tente profonde et bien-\u00eatre assur\u00e9s en plein c\u0153ur de Strasbourg !","breadcrumb":{"@id":"https:\/\/kayasoasismassage.fr\/index.php\/carte-des-massages-strasbourg\/massage-visage-liftant-strasbourg\/#breadcrumb"},"inLanguage":"fr-FR","potentialAction":[{"@type":"ReadAction","target":["https:\/\/kayasoasismassage.fr\/index.php\/carte-des-massages-strasbourg\/massage-visage-liftant-strasbourg\/"]}]},{"@type":"ImageObject","inLanguage":"fr-FR","@id":"https:\/\/kayasoasismassage.fr\/index.php\/carte-des-massages-strasbourg\/massage-visage-liftant-strasbourg\/#primaryimage","url":"https:\/\/kayasoasismassage.fr\/wp-content\/uploads\/2024\/01\/Design-sans-titre.jpg","contentUrl":"https:\/\/kayasoasismassage.fr\/wp-content\/uploads\/2024\/01\/Design-sans-titre.jpg","width":1414,"height":190,"caption":"s\u00e9paration"},{"@type":"BreadcrumbList","@id":"https:\/\/kayasoasismassage.fr\/index.php\/carte-des-massages-strasbourg\/massage-visage-liftant-strasbourg\/#breadcrumb","itemListElement":[{"@type":"ListItem","position":1,"name":"Accueil","item":"https:\/\/kayasoasismassage.fr\/"},{"@type":"ListItem","position":2,"name":"La carte des Massages","item":"https:\/\/kayasoasismassage.fr\/index.php\/carte-des-massages-strasbourg\/"},{"@type":"ListItem","position":3,"name":"Massage Visage (Liftant)"}]},{"@type":"WebSite","@id":"https:\/\/kayasoasismassage.fr\/#website","url":"https:\/\/kayasoasismassage.fr\/","name":"Kaya's Oasis Massage","description":"Un oasis de d\u00e9tente","publisher":{"@id":"https:\/\/kayasoasismassage.fr\/#organization"},"potentialAction":[{"@type":"SearchAction","target":{"@type":"EntryPoint","urlTemplate":"https:\/\/kayasoasismassage.fr\/?s={search_term_string}"},"query-input":{"@type":"PropertyValueSpecification","valueRequired":true,"valueName":"search_term_string"}}],"inLanguage":"fr-FR"},{"@type":"Organization","@id":"https:\/\/kayasoasismassage.fr\/#organization","name":"Kaya's Oasis Massage","alternateName":"Kaya's Oasis","url":"https:\/\/kayasoasismassage.fr\/","logo":{"@type":"ImageObject","inLanguage":"fr-FR","@id":"https:\/\/kayasoasismassage.fr\/#\/schema\/logo\/image\/","url":"https:\/\/kayasoasismassage.fr\/wp-content\/uploads\/2024\/01\/cropped-cropped-cropped-logo-transparent-png.png","contentUrl":"https:\/\/kayasoasismassage.fr\/wp-content\/uploads\/2024\/01\/cropped-cropped-cropped-logo-transparent-png.png","width":385,"height":387,"caption":"Kaya's Oasis Massage"},"image":{"@id":"https:\/\/kayasoasismassage.fr\/#\/schema\/logo\/image\/"},"sameAs":["https:\/\/www.facebook.com\/profile.php?id=61555287147770","https:\/\/www.instagram.com\/kayasoasis_massage\/"]}]}},"uagb_featured_image_src":{"full":false,"thumbnail":false,"medium":false,"medium_large":false,"large":false,"1536x1536":false,"2048x2048":false},"uagb_author_info":{"display_name":"Morgane","author_link":"https:\/\/kayasoasismassage.fr\/index.php\/author\/admin2099\/"},"uagb_comment_info":0,"uagb_excerpt":"Pour un visage rajeunit Red\u00e9couvrez la jeunesse de votre visage avec le massage du visage liftant inspir\u00e9 par la tradition japonaise. Imaginez-vous transport\u00e9(e) dans les jardins paisibles du Japon, o\u00f9 la s\u00e9r\u00e9nit\u00e9 r\u00e8gne et o\u00f9 chaque souffle apporte une nouvelle \u00e9nergie. Mon massage du visage liftant s&rsquo;inspire de cette atmosph\u00e8re pour vous offrir une exp\u00e9rience\u2026","_links":{"self":[{"href":"https:\/\/kayasoasismassage.fr\/index.php\/wp-json\/wp\/v2\/pages\/118","targetHints":{"allow":["GET"]}}],"collection":[{"href":"https:\/\/kayasoasismassage.fr\/index.php\/wp-json\/wp\/v2\/pages"}],"about":[{"href":"https:\/\/kayasoasismassage.fr\/index.php\/wp-json\/wp\/v2\/types\/page"}],"author":[{"embeddable":true,"href":"https:\/\/kayasoasismassage.fr\/index.php\/wp-json\/wp\/v2\/users\/1"}],"replies":[{"embeddable":true,"href":"https:\/\/kayasoasismassage.fr\/index.php\/wp-json\/wp\/v2\/comments?post=118"}],"version-history":[{"count":22,"href":"https:\/\/kayasoasismassage.fr\/index.php\/wp-json\/wp\/v2\/pages\/118\/revisions"}],"predecessor-version":[{"id":1470,"href":"https:\/\/kayasoasismassage.fr\/index.php\/wp-json\/wp\/v2\/pages\/118\/revisions\/1470"}],"up":[{"embeddable":true,"href":"https:\/\/kayasoasismassage.fr\/index.php\/wp-json\/wp\/v2\/pages\/49"}],"wp:attachment":[{"href":"https:\/\/kayasoasismassage.fr\/index.php\/wp-json\/wp\/v2\/media?parent=118"}],"curies":[{"name":"wp","href":"https:\/\/api.w.org\/{rel}","templated":true}]}}