{"id":116,"date":"2024-01-08T14:15:48","date_gmt":"2024-01-08T13:15:48","guid":{"rendered":"https:\/\/kayasoasismassage.fr\/?page_id=116"},"modified":"2025-11-04T09:38:53","modified_gmt":"2025-11-04T08:38:53","slug":"massage-femme-enceinte-strasbourg","status":"publish","type":"page","link":"https:\/\/kayasoasismassage.fr\/index.php\/carte-des-massages-strasbourg\/massage-femme-enceinte-strasbourg\/","title":{"rendered":"Massage Pr\u00e9natal"},"content":{"rendered":"\n<p class=\"has-text-align-center has-medium-font-size\"><em>Pour une grossesse sereine<\/em><\/p>\n\n\n<div class=\"wp-block-image\">\n<figure class=\"aligncenter size-medium\"><img loading=\"lazy\" decoding=\"async\" width=\"300\" height=\"40\" src=\"https:\/\/kayasoasismassage.fr\/wp-content\/uploads\/2024\/01\/Design-sans-titre-300x40.jpg\" alt=\"s\u00e9paration\" class=\"wp-image-249\" srcset=\"https:\/\/kayasoasismassage.fr\/wp-content\/uploads\/2024\/01\/Design-sans-titre-300x40.jpg 300w, https:\/\/kayasoasismassage.fr\/wp-content\/uploads\/2024\/01\/Design-sans-titre-1024x138.jpg 1024w, https:\/\/kayasoasismassage.fr\/wp-content\/uploads\/2024\/01\/Design-sans-titre-768x103.jpg 768w, https:\/\/kayasoasismassage.fr\/wp-content\/uploads\/2024\/01\/Design-sans-titre.jpg 1414w\" sizes=\"auto, (max-width: 300px) 100vw, 300px\" \/><\/figure>\n<\/div>\n\n\n<p><\/p>\n\n\n\n<h2 class=\"wp-block-heading has-text-color has-link-color wp-elements-a5eef2b520a900da9f8a30cc4a45823e\" style=\"color:#79280f\"><strong><em>Accompagnez la Douce Symphonie de la Maternit\u00e9 avec mon Massage Pr\u00e9natal<\/em><\/strong><\/h2>\n\n\n\n<div class=\"wp-block-media-text is-stacked-on-mobile\" style=\"grid-template-columns:39% auto\"><figure class=\"wp-block-media-text__media\"><img loading=\"lazy\" decoding=\"async\" width=\"440\" height=\"708\" src=\"https:\/\/kayasoasismassage.fr\/wp-content\/uploads\/2024\/03\/femme-enceinte.png\" alt=\"\" class=\"wp-image-934 size-full\" srcset=\"https:\/\/kayasoasismassage.fr\/wp-content\/uploads\/2024\/03\/femme-enceinte.png 440w, https:\/\/kayasoasismassage.fr\/wp-content\/uploads\/2024\/03\/femme-enceinte-186x300.png 186w\" sizes=\"auto, (max-width: 440px) 100vw, 440px\" \/><\/figure><div class=\"wp-block-media-text__content\">\n<p><strong> <\/strong><\/p>\n\n\n\n<p>La p\u00e9riode de la grossesse est un <strong>voyage extraordinaire<\/strong>, marqu\u00e9 par des transformations profondes, tant physiques qu&rsquo;\u00e9motionnelles. \u00c0 chaque battement de c\u0153ur, \u00e0 chaque fr\u00e9missement, la future maman traverse des \u00e9tapes uniques, <strong>n\u00e9cessitant une attention toute particuli\u00e8re<\/strong>. C&rsquo;est dans cette symphonie de la maternit\u00e9 que mon massage pr\u00e9natal prend tout son sens.<\/p>\n\n\n\n<p>Les gestes <strong>doux d&rsquo;effleurages<\/strong>, de<strong> frictions<\/strong>, de <strong>pressions<\/strong> et de <strong>p\u00e9trissages<\/strong> sont orchestr\u00e9s avec une d\u00e9licatesse particuli\u00e8re, une danse harmonieuse sur le corps qui abrite la vie. Cette exp\u00e9rience, souvent appel\u00e9e \u00ab <strong>massage future maman<\/strong> \u00bb, s&rsquo;\u00e9tend sur environ une heure, d\u00e9ployant ses bienfaits avec une profondeur unique.<\/p>\n\n\n\n<p>Ma pratique du massage pour les femmes enceintes se distingue <strong>par son engagement envers le bien-\u00eatre de la future maman<\/strong>. \u00c0 partir du <strong>second trimestre<\/strong>, une fois le f\u0153tus stabilis\u00e9, mon massage pr\u00e9natal devient un doux rituel. Chaque s\u00e9ance, entre mes mains, est <strong>une d\u00e9licate pause dans le tumulte des changements hormonaux et \u00e9motionnels<\/strong>.<\/p>\n\n\n\n<p>Ce n&rsquo;est pas simplement un massage. <strong>C&rsquo;est une invitation \u00e0 accompagner la future maman dans cette symphonie de la maternit\u00e9<\/strong>. \u00c0 partir du deuxi\u00e8me trimestre, chaque s\u00e9ance devient un lien, un moment de connexion avec la vie en gestation.<\/p>\n\n\n\n<p><strong>D\u00e9couvrez l&rsquo;harmonie unique du massage pr\u00e9natal<\/strong> et offrez \u00e0 la future maman le cadeau de la d\u00e9tente, une m\u00e9lodie de bien-\u00eatre qui accompagne chaque battement de c\u0153ur.<\/p>\n<\/div><\/div>\n\n\n\n<p><\/p>\n\n\n\n<p><strong>Massage sur table avec utilisation d&rsquo;huile ti\u00e8de<\/strong>. Les positions sont ajust\u00e9es pour <strong>optimiser le confort<\/strong>, offrant un bien-\u00eatre global tant pour la maman que pour le b\u00e9b\u00e9. Venez tester mon massage pr\u00e9natal en plein c\u0153ur des Contades \u00e0 Strasbourg.<\/p>\n\n\n\n<p><\/p>\n\n\n\n<h2 class=\"wp-block-heading has-text-color has-link-color has-large-font-size wp-elements-e2d6cae713483376b73d151fe0fb2421\" style=\"color:#79280f\"><strong><em>Les Bienfaits<\/em><\/strong><\/h2>\n\n\n\n<div class=\"wp-block-uagb-icon-list uagb-block-a92dd51e\"><div class=\"uagb-icon-list__wrap\">\n<div class=\"wp-block-uagb-icon-list-child uagb-block-42569f9f\"><span class=\"uagb-icon-list__source-wrap\"><svg xmlns=\"https:\/\/www.w3.org\/2000\/svg\" viewBox=\"0 0 512 512\"><path d=\"M256 0C114.6 0 0 114.6 0 256c0 141.4 114.6 256 256 256s256-114.6 256-256C512 114.6 397.4 0 256 0zM406.6 278.6l-103.1 103.1c-12.5 12.5-32.75 12.5-45.25 0s-12.5-32.75 0-45.25L306.8 288H128C110.3 288 96 273.7 96 256s14.31-32 32-32h178.8l-49.38-49.38c-12.5-12.5-12.5-32.75 0-45.25s32.75-12.5 45.25 0l103.1 103.1C414.6 241.3 416 251.1 416 256C416 260.9 414.6 270.7 406.6 278.6z\"><\/path><\/svg><\/span><span class=\"uagb-icon-list__label\">Procure bien-\u00eatre et s\u00e9r\u00e9nit\u00e9 <\/span><\/div>\n\n\n\n<div class=\"wp-block-uagb-icon-list-child uagb-block-30ef5e68\"><span class=\"uagb-icon-list__source-wrap\"><svg xmlns=\"https:\/\/www.w3.org\/2000\/svg\" viewBox=\"0 0 512 512\"><path d=\"M256 0C114.6 0 0 114.6 0 256c0 141.4 114.6 256 256 256s256-114.6 256-256C512 114.6 397.4 0 256 0zM406.6 278.6l-103.1 103.1c-12.5 12.5-32.75 12.5-45.25 0s-12.5-32.75 0-45.25L306.8 288H128C110.3 288 96 273.7 96 256s14.31-32 32-32h178.8l-49.38-49.38c-12.5-12.5-12.5-32.75 0-45.25s32.75-12.5 45.25 0l103.1 103.1C414.6 241.3 416 251.1 416 256C416 260.9 414.6 270.7 406.6 278.6z\"><\/path><\/svg><\/span><span class=\"uagb-icon-list__label\">R\u00e9duit les tensions et la fatigue<\/span><\/div>\n\n\n\n<div class=\"wp-block-uagb-icon-list-child uagb-block-69aae24d\"><span class=\"uagb-icon-list__source-wrap\"><svg xmlns=\"https:\/\/www.w3.org\/2000\/svg\" viewBox=\"0 0 512 512\"><path d=\"M256 0C114.6 0 0 114.6 0 256c0 141.4 114.6 256 256 256s256-114.6 256-256C512 114.6 397.4 0 256 0zM406.6 278.6l-103.1 103.1c-12.5 12.5-32.75 12.5-45.25 0s-12.5-32.75 0-45.25L306.8 288H128C110.3 288 96 273.7 96 256s14.31-32 32-32h178.8l-49.38-49.38c-12.5-12.5-12.5-32.75 0-45.25s32.75-12.5 45.25 0l103.1 103.1C414.6 241.3 416 251.1 416 256C416 260.9 414.6 270.7 406.6 278.6z\"><\/path><\/svg><\/span><span class=\"uagb-icon-list__label\">Redonne de l&rsquo;\u00e9nergie <\/span><\/div>\n\n\n\n<div class=\"wp-block-uagb-icon-list-child uagb-block-cb61053a\"><span class=\"uagb-icon-list__source-wrap\"><svg xmlns=\"https:\/\/www.w3.org\/2000\/svg\" viewBox=\"0 0 512 512\"><path d=\"M256 0C114.6 0 0 114.6 0 256c0 141.4 114.6 256 256 256s256-114.6 256-256C512 114.6 397.4 0 256 0zM406.6 278.6l-103.1 103.1c-12.5 12.5-32.75 12.5-45.25 0s-12.5-32.75 0-45.25L306.8 288H128C110.3 288 96 273.7 96 256s14.31-32 32-32h178.8l-49.38-49.38c-12.5-12.5-12.5-32.75 0-45.25s32.75-12.5 45.25 0l103.1 103.1C414.6 241.3 416 251.1 416 256C416 260.9 414.6 270.7 406.6 278.6z\"><\/path><\/svg><\/span><span class=\"uagb-icon-list__label\">Renforce le lien de la maman avec le b\u00e9b\u00e9<\/span><\/div>\n\n\n\n<div class=\"wp-block-uagb-icon-list-child uagb-block-900884e1\"><span class=\"uagb-icon-list__source-wrap\"><svg xmlns=\"https:\/\/www.w3.org\/2000\/svg\" viewBox=\"0 0 512 512\"><path d=\"M256 0C114.6 0 0 114.6 0 256c0 141.4 114.6 256 256 256s256-114.6 256-256C512 114.6 397.4 0 256 0zM406.6 278.6l-103.1 103.1c-12.5 12.5-32.75 12.5-45.25 0s-12.5-32.75 0-45.25L306.8 288H128C110.3 288 96 273.7 96 256s14.31-32 32-32h178.8l-49.38-49.38c-12.5-12.5-12.5-32.75 0-45.25s32.75-12.5 45.25 0l103.1 103.1C414.6 241.3 416 251.1 416 256C416 260.9 414.6 270.7 406.6 278.6z\"><\/path><\/svg><\/span><span class=\"uagb-icon-list__label\">Adoucit et assouplit la peau<\/span><\/div>\n\n\n\n<div class=\"wp-block-uagb-icon-list-child uagb-block-fef68aa4\"><span class=\"uagb-icon-list__source-wrap\"><svg xmlns=\"https:\/\/www.w3.org\/2000\/svg\" viewBox=\"0 0 512 512\"><path d=\"M256 0C114.6 0 0 114.6 0 256c0 141.4 114.6 256 256 256s256-114.6 256-256C512 114.6 397.4 0 256 0zM406.6 278.6l-103.1 103.1c-12.5 12.5-32.75 12.5-45.25 0s-12.5-32.75 0-45.25L306.8 288H128C110.3 288 96 273.7 96 256s14.31-32 32-32h178.8l-49.38-49.38c-12.5-12.5-12.5-32.75 0-45.25s32.75-12.5 45.25 0l103.1 103.1C414.6 241.3 416 251.1 416 256C416 260.9 414.6 270.7 406.6 278.6z\"><\/path><\/svg><\/span><span class=\"uagb-icon-list__label\">Pr\u00e9pare \u00e0 une grossesse et un accouchement harmonieux<\/span><\/div>\n<\/div><\/div>\n\n\n\n<p class=\"has-text-color has-link-color has-large-font-size wp-elements-55e3cf84fbb837ee0a86578a51505668\" style=\"color:#78290f;font-style:italic;font-weight:500\"><\/p>\n\n\n\n<h2 class=\"wp-block-heading has-text-color has-link-color wp-elements-412e282e0cb444f156c48f72571055b6\" style=\"color:#78290f\"><strong><em>D\u00e9roulement d\u2019une s\u00e9ance<\/em><\/strong><\/h2>\n\n\n\n<p>Le massage femme enceinte est un massage \u00e0 l&rsquo;huile enveloppant et cocooning. Il s\u2019effectue en position lat\u00e9rale et sur le dos. Une serviette recouvre en permanence les parties non mass\u00e9es du corps. Le massage commence assis pour masser le dos puis en position lat\u00e9rale d&rsquo;abord sur le c\u00f4t\u00e9 gauche puis droit. Puis la personne se tourne sur le dos et le massage reprend avec les jambes, les bras, le ventre, et le visage.<\/p>\n\n\n\n<p><\/p>\n\n\n\n<h2 class=\"wp-block-heading has-text-color has-link-color wp-elements-e718c6a64a025c5001dc7b22c184c69d\" style=\"color:#78290f\"><strong><em>Les Contre-Indications<\/em><\/strong><\/h2>\n\n\n\n<ul class=\"wp-block-list\">\n<li>1<sup>er<\/sup>&nbsp;trimestre de grossesse<\/li>\n\n\n\n<li>Pertes de sang \/ Crampes abdominales \/ Phl\u00e9bites<\/li>\n\n\n\n<li>En cas de doute, consultez votre m\u00e9decin ou sage-femme<\/li>\n<\/ul>\n\n\n\n<p><\/p>\n\n\n\n<h2 class=\"wp-block-heading has-text-color has-link-color wp-elements-c4ab2e141702fe5a9304550d84910d80\" style=\"color:#78290f\"><strong><em>Dur\u00e9es et Tarifs<\/em><\/strong><\/h2>\n\n\n\n<p>1h de massage : 70 \u20ac<\/p>\n\n\n\n<p><\/p>\n\n\n\n<p class=\"has-text-color has-link-color has-large-font-size wp-elements-d67a17baeacc8281b6a7fa12620fa3e3\" style=\"color:#78290f\"><strong><em>R\u00e9servation<\/em><\/strong><\/p>\n\n\n\n<!-- Cal inline embed code begins -->\n<div style=\"width:100%;height:100%;overflow:scroll\" id=\"my-cal-inline-prenatal\"><\/div>\n<script type=\"text\/javascript\">\n  (function (C, A, L) { let p = function (a, ar) { a.q.push(ar); }; let d = C.document; C.Cal = C.Cal || function () { let cal = C.Cal; let ar = arguments; if (!cal.loaded) { cal.ns = {}; cal.q = cal.q || []; d.head.appendChild(d.createElement(\"script\")).src = A; cal.loaded = true; } if (ar[0] === L) { const api = function () { p(api, arguments); }; const namespace = ar[1]; api.q = api.q || []; if(typeof namespace === \"string\"){cal.ns[namespace] = cal.ns[namespace] || api;p(cal.ns[namespace], ar);p(cal, [\"initNamespace\", namespace]);} else p(cal, ar); return;} p(cal, ar); }; })(window, \"https:\/\/app.cal.com\/embed\/embed.js\", \"init\");\nCal(\"init\", \"prenatal\", {origin:\"https:\/\/app.cal.com\"});\n\n  Cal.ns.prenatal(\"inline\", {\n    elementOrSelector:\"#my-cal-inline-prenatal\",\n    config: {\"layout\":\"month_view\"},\n    calLink: \"kayasoasis\/prenatal\",\n  });\n\n  Cal.ns.prenatal(\"ui\", {\"hideEventTypeDetails\":false,\"layout\":\"month_view\"});\n  <\/script>\n  <!-- Cal inline embed code ends -->\n\n\n\n<hr class=\"wp-block-separator has-alpha-channel-opacity\"\/>\n\n\n\n<p class=\"has-small-font-size\"><em><em>&nbsp;<em>Praticienne de massage bien-\u00eatre, de pr\u00e9vention et d\u2019accompagnement \u00e0 la sant\u00e9.<\/em><\/em>&nbsp;\u2013&nbsp;<em>Le massage bien-\u00eatre est un soin de relaxation et de d\u00e9tente, \u00e0 but non th\u00e9rapeutique.<\/em><\/em><\/p>\n\n\n\n<div class=\"wp-block-uagb-image uagb-block-e17c14e5 wp-block-uagb-image--layout-default wp-block-uagb-image--effect-static wp-block-uagb-image--align-none\"><figure class=\"wp-block-uagb-image__figure\"><img decoding=\"async\" srcset=\"https:\/\/kayasoasismassage.fr\/wp-content\/uploads\/2024\/11\/FFMBE-visuel-nosexe-1024x142.webp ,https:\/\/kayasoasismassage.fr\/wp-content\/uploads\/2024\/11\/FFMBE-visuel-nosexe.webp 780w, https:\/\/kayasoasismassage.fr\/wp-content\/uploads\/2024\/11\/FFMBE-visuel-nosexe.webp 360w\" sizes=\"auto, (max-width: 480px) 150px\" src=\"https:\/\/kayasoasismassage.fr\/wp-content\/uploads\/2024\/11\/FFMBE-visuel-nosexe-1024x142.webp\" alt=\"\" class=\"uag-image-1257\" width=\"1024\" height=\"142\" title=\"FFMBE-visuel-nosexe\" loading=\"lazy\" role=\"img\"\/><\/figure><\/div>\n","protected":false},"excerpt":{"rendered":"<p>Pour une grossesse sereine Accompagnez la Douce Symphonie de la Maternit\u00e9 avec mon Massage Pr\u00e9natal La p\u00e9riode de la grossesse est un voyage extraordinaire, marqu\u00e9 par des transformations profondes, tant physiques qu&rsquo;\u00e9motionnelles. \u00c0 chaque battement de c\u0153ur, \u00e0 chaque fr\u00e9missement, la future maman traverse des \u00e9tapes uniques, n\u00e9cessitant une attention toute particuli\u00e8re. C&rsquo;est dans cette &#8230; <a title=\"Massage Pr\u00e9natal\" class=\"read-more\" href=\"https:\/\/kayasoasismassage.fr\/index.php\/carte-des-massages-strasbourg\/massage-femme-enceinte-strasbourg\/\" aria-label=\"En savoir plus sur Massage Pr\u00e9natal\">Lire la suite<\/a><\/p>\n","protected":false},"author":1,"featured_media":0,"parent":49,"menu_order":0,"comment_status":"closed","ping_status":"closed","template":"","meta":{"_uag_custom_page_level_css":"","_uf_show_specific_survey":0,"_uf_disable_surveys":false,"footnotes":""},"class_list":["post-116","page","type-page","status-publish"],"yoast_head":"<!-- This site is optimized with the Yoast SEO plugin v27.4 - https:\/\/yoast.com\/product\/yoast-seo-wordpress\/ -->\n<title>Massage Pr\u00e9natal - Bien-\u00eatre pour Futures Mamans<\/title>\n<meta name=\"description\" content=\"D\u00e9couvrez mon massage adapt\u00e9 aux femmes enceintes \u00e0 Strasbourg, alliant douceur et bien-\u00eatre. Apaise les tensions, favorise la d\u00e9tente.\" \/>\n<meta name=\"robots\" content=\"index, follow, max-snippet:-1, max-image-preview:large, max-video-preview:-1\" \/>\n<link rel=\"canonical\" href=\"https:\/\/kayasoasismassage.fr\/index.php\/carte-des-massages-strasbourg\/massage-femme-enceinte-strasbourg\/\" \/>\n<meta property=\"og:locale\" content=\"fr_FR\" \/>\n<meta property=\"og:type\" content=\"article\" \/>\n<meta property=\"og:title\" content=\"Massage Pr\u00e9natal - Bien-\u00eatre pour Futures Mamans\" \/>\n<meta property=\"og:description\" content=\"D\u00e9couvrez mon massage adapt\u00e9 aux femmes enceintes \u00e0 Strasbourg, alliant douceur et bien-\u00eatre. Apaise les tensions, favorise la d\u00e9tente.\" \/>\n<meta property=\"og:url\" content=\"https:\/\/kayasoasismassage.fr\/index.php\/carte-des-massages-strasbourg\/massage-femme-enceinte-strasbourg\/\" \/>\n<meta property=\"og:site_name\" content=\"Kaya&#039;s Oasis Massage\" \/>\n<meta property=\"article:publisher\" content=\"https:\/\/www.facebook.com\/profile.php?id=61555287147770\" \/>\n<meta property=\"article:modified_time\" content=\"2025-11-04T08:38:53+00:00\" \/>\n<meta property=\"og:image\" content=\"https:\/\/kayasoasismassage.fr\/wp-content\/uploads\/2024\/01\/Design-sans-titre.jpg\" \/>\n\t<meta property=\"og:image:width\" content=\"1414\" \/>\n\t<meta property=\"og:image:height\" content=\"190\" \/>\n\t<meta property=\"og:image:type\" content=\"image\/jpeg\" \/>\n<meta name=\"twitter:card\" content=\"summary_large_image\" \/>\n<meta name=\"twitter:label1\" content=\"Dur\u00e9e de lecture estim\u00e9e\" \/>\n\t<meta name=\"twitter:data1\" content=\"3 minutes\" \/>\n<script type=\"application\/ld+json\" class=\"yoast-schema-graph\">{\"@context\":\"https:\\\/\\\/schema.org\",\"@graph\":[{\"@type\":\"WebPage\",\"@id\":\"https:\\\/\\\/kayasoasismassage.fr\\\/index.php\\\/carte-des-massages-strasbourg\\\/massage-femme-enceinte-strasbourg\\\/\",\"url\":\"https:\\\/\\\/kayasoasismassage.fr\\\/index.php\\\/carte-des-massages-strasbourg\\\/massage-femme-enceinte-strasbourg\\\/\",\"name\":\"Massage Pr\u00e9natal - Bien-\u00eatre pour Futures Mamans\",\"isPartOf\":{\"@id\":\"https:\\\/\\\/kayasoasismassage.fr\\\/#website\"},\"primaryImageOfPage\":{\"@id\":\"https:\\\/\\\/kayasoasismassage.fr\\\/index.php\\\/carte-des-massages-strasbourg\\\/massage-femme-enceinte-strasbourg\\\/#primaryimage\"},\"image\":{\"@id\":\"https:\\\/\\\/kayasoasismassage.fr\\\/index.php\\\/carte-des-massages-strasbourg\\\/massage-femme-enceinte-strasbourg\\\/#primaryimage\"},\"thumbnailUrl\":\"https:\\\/\\\/kayasoasismassage.fr\\\/wp-content\\\/uploads\\\/2024\\\/01\\\/Design-sans-titre-300x40.jpg\",\"datePublished\":\"2024-01-08T13:15:48+00:00\",\"dateModified\":\"2025-11-04T08:38:53+00:00\",\"description\":\"D\u00e9couvrez mon massage adapt\u00e9 aux femmes enceintes \u00e0 Strasbourg, alliant douceur et bien-\u00eatre. Apaise les tensions, favorise la d\u00e9tente.\",\"breadcrumb\":{\"@id\":\"https:\\\/\\\/kayasoasismassage.fr\\\/index.php\\\/carte-des-massages-strasbourg\\\/massage-femme-enceinte-strasbourg\\\/#breadcrumb\"},\"inLanguage\":\"fr-FR\",\"potentialAction\":[{\"@type\":\"ReadAction\",\"target\":[\"https:\\\/\\\/kayasoasismassage.fr\\\/index.php\\\/carte-des-massages-strasbourg\\\/massage-femme-enceinte-strasbourg\\\/\"]}]},{\"@type\":\"ImageObject\",\"inLanguage\":\"fr-FR\",\"@id\":\"https:\\\/\\\/kayasoasismassage.fr\\\/index.php\\\/carte-des-massages-strasbourg\\\/massage-femme-enceinte-strasbourg\\\/#primaryimage\",\"url\":\"https:\\\/\\\/kayasoasismassage.fr\\\/wp-content\\\/uploads\\\/2024\\\/01\\\/Design-sans-titre.jpg\",\"contentUrl\":\"https:\\\/\\\/kayasoasismassage.fr\\\/wp-content\\\/uploads\\\/2024\\\/01\\\/Design-sans-titre.jpg\",\"width\":1414,\"height\":190,\"caption\":\"s\u00e9paration\"},{\"@type\":\"BreadcrumbList\",\"@id\":\"https:\\\/\\\/kayasoasismassage.fr\\\/index.php\\\/carte-des-massages-strasbourg\\\/massage-femme-enceinte-strasbourg\\\/#breadcrumb\",\"itemListElement\":[{\"@type\":\"ListItem\",\"position\":1,\"name\":\"Accueil\",\"item\":\"https:\\\/\\\/kayasoasismassage.fr\\\/\"},{\"@type\":\"ListItem\",\"position\":2,\"name\":\"La carte des Massages\",\"item\":\"https:\\\/\\\/kayasoasismassage.fr\\\/index.php\\\/carte-des-massages-strasbourg\\\/\"},{\"@type\":\"ListItem\",\"position\":3,\"name\":\"Massage Pr\u00e9natal\"}]},{\"@type\":\"WebSite\",\"@id\":\"https:\\\/\\\/kayasoasismassage.fr\\\/#website\",\"url\":\"https:\\\/\\\/kayasoasismassage.fr\\\/\",\"name\":\"Kaya's Oasis Massage\",\"description\":\"Un oasis de d\u00e9tente\",\"publisher\":{\"@id\":\"https:\\\/\\\/kayasoasismassage.fr\\\/#organization\"},\"potentialAction\":[{\"@type\":\"SearchAction\",\"target\":{\"@type\":\"EntryPoint\",\"urlTemplate\":\"https:\\\/\\\/kayasoasismassage.fr\\\/?s={search_term_string}\"},\"query-input\":{\"@type\":\"PropertyValueSpecification\",\"valueRequired\":true,\"valueName\":\"search_term_string\"}}],\"inLanguage\":\"fr-FR\"},{\"@type\":\"Organization\",\"@id\":\"https:\\\/\\\/kayasoasismassage.fr\\\/#organization\",\"name\":\"Kaya's Oasis Massage\",\"alternateName\":\"Kaya's Oasis\",\"url\":\"https:\\\/\\\/kayasoasismassage.fr\\\/\",\"logo\":{\"@type\":\"ImageObject\",\"inLanguage\":\"fr-FR\",\"@id\":\"https:\\\/\\\/kayasoasismassage.fr\\\/#\\\/schema\\\/logo\\\/image\\\/\",\"url\":\"https:\\\/\\\/kayasoasismassage.fr\\\/wp-content\\\/uploads\\\/2024\\\/01\\\/cropped-cropped-cropped-logo-transparent-png.png\",\"contentUrl\":\"https:\\\/\\\/kayasoasismassage.fr\\\/wp-content\\\/uploads\\\/2024\\\/01\\\/cropped-cropped-cropped-logo-transparent-png.png\",\"width\":385,\"height\":387,\"caption\":\"Kaya's Oasis Massage\"},\"image\":{\"@id\":\"https:\\\/\\\/kayasoasismassage.fr\\\/#\\\/schema\\\/logo\\\/image\\\/\"},\"sameAs\":[\"https:\\\/\\\/www.facebook.com\\\/profile.php?id=61555287147770\",\"https:\\\/\\\/www.instagram.com\\\/kayasoasis_massage\\\/\"]}]}<\/script>\n<!-- \/ Yoast SEO plugin. -->","yoast_head_json":{"title":"Massage Pr\u00e9natal - Bien-\u00eatre pour Futures Mamans","description":"D\u00e9couvrez mon massage adapt\u00e9 aux femmes enceintes \u00e0 Strasbourg, alliant douceur et bien-\u00eatre. Apaise les tensions, favorise la d\u00e9tente.","robots":{"index":"index","follow":"follow","max-snippet":"max-snippet:-1","max-image-preview":"max-image-preview:large","max-video-preview":"max-video-preview:-1"},"canonical":"https:\/\/kayasoasismassage.fr\/index.php\/carte-des-massages-strasbourg\/massage-femme-enceinte-strasbourg\/","og_locale":"fr_FR","og_type":"article","og_title":"Massage Pr\u00e9natal - Bien-\u00eatre pour Futures Mamans","og_description":"D\u00e9couvrez mon massage adapt\u00e9 aux femmes enceintes \u00e0 Strasbourg, alliant douceur et bien-\u00eatre. Apaise les tensions, favorise la d\u00e9tente.","og_url":"https:\/\/kayasoasismassage.fr\/index.php\/carte-des-massages-strasbourg\/massage-femme-enceinte-strasbourg\/","og_site_name":"Kaya&#039;s Oasis Massage","article_publisher":"https:\/\/www.facebook.com\/profile.php?id=61555287147770","article_modified_time":"2025-11-04T08:38:53+00:00","og_image":[{"width":1414,"height":190,"url":"https:\/\/kayasoasismassage.fr\/wp-content\/uploads\/2024\/01\/Design-sans-titre.jpg","type":"image\/jpeg"}],"twitter_card":"summary_large_image","twitter_misc":{"Dur\u00e9e de lecture estim\u00e9e":"3 minutes"},"schema":{"@context":"https:\/\/schema.org","@graph":[{"@type":"WebPage","@id":"https:\/\/kayasoasismassage.fr\/index.php\/carte-des-massages-strasbourg\/massage-femme-enceinte-strasbourg\/","url":"https:\/\/kayasoasismassage.fr\/index.php\/carte-des-massages-strasbourg\/massage-femme-enceinte-strasbourg\/","name":"Massage Pr\u00e9natal - Bien-\u00eatre pour Futures Mamans","isPartOf":{"@id":"https:\/\/kayasoasismassage.fr\/#website"},"primaryImageOfPage":{"@id":"https:\/\/kayasoasismassage.fr\/index.php\/carte-des-massages-strasbourg\/massage-femme-enceinte-strasbourg\/#primaryimage"},"image":{"@id":"https:\/\/kayasoasismassage.fr\/index.php\/carte-des-massages-strasbourg\/massage-femme-enceinte-strasbourg\/#primaryimage"},"thumbnailUrl":"https:\/\/kayasoasismassage.fr\/wp-content\/uploads\/2024\/01\/Design-sans-titre-300x40.jpg","datePublished":"2024-01-08T13:15:48+00:00","dateModified":"2025-11-04T08:38:53+00:00","description":"D\u00e9couvrez mon massage adapt\u00e9 aux femmes enceintes \u00e0 Strasbourg, alliant douceur et bien-\u00eatre. Apaise les tensions, favorise la d\u00e9tente.","breadcrumb":{"@id":"https:\/\/kayasoasismassage.fr\/index.php\/carte-des-massages-strasbourg\/massage-femme-enceinte-strasbourg\/#breadcrumb"},"inLanguage":"fr-FR","potentialAction":[{"@type":"ReadAction","target":["https:\/\/kayasoasismassage.fr\/index.php\/carte-des-massages-strasbourg\/massage-femme-enceinte-strasbourg\/"]}]},{"@type":"ImageObject","inLanguage":"fr-FR","@id":"https:\/\/kayasoasismassage.fr\/index.php\/carte-des-massages-strasbourg\/massage-femme-enceinte-strasbourg\/#primaryimage","url":"https:\/\/kayasoasismassage.fr\/wp-content\/uploads\/2024\/01\/Design-sans-titre.jpg","contentUrl":"https:\/\/kayasoasismassage.fr\/wp-content\/uploads\/2024\/01\/Design-sans-titre.jpg","width":1414,"height":190,"caption":"s\u00e9paration"},{"@type":"BreadcrumbList","@id":"https:\/\/kayasoasismassage.fr\/index.php\/carte-des-massages-strasbourg\/massage-femme-enceinte-strasbourg\/#breadcrumb","itemListElement":[{"@type":"ListItem","position":1,"name":"Accueil","item":"https:\/\/kayasoasismassage.fr\/"},{"@type":"ListItem","position":2,"name":"La carte des Massages","item":"https:\/\/kayasoasismassage.fr\/index.php\/carte-des-massages-strasbourg\/"},{"@type":"ListItem","position":3,"name":"Massage Pr\u00e9natal"}]},{"@type":"WebSite","@id":"https:\/\/kayasoasismassage.fr\/#website","url":"https:\/\/kayasoasismassage.fr\/","name":"Kaya's Oasis Massage","description":"Un oasis de d\u00e9tente","publisher":{"@id":"https:\/\/kayasoasismassage.fr\/#organization"},"potentialAction":[{"@type":"SearchAction","target":{"@type":"EntryPoint","urlTemplate":"https:\/\/kayasoasismassage.fr\/?s={search_term_string}"},"query-input":{"@type":"PropertyValueSpecification","valueRequired":true,"valueName":"search_term_string"}}],"inLanguage":"fr-FR"},{"@type":"Organization","@id":"https:\/\/kayasoasismassage.fr\/#organization","name":"Kaya's Oasis Massage","alternateName":"Kaya's Oasis","url":"https:\/\/kayasoasismassage.fr\/","logo":{"@type":"ImageObject","inLanguage":"fr-FR","@id":"https:\/\/kayasoasismassage.fr\/#\/schema\/logo\/image\/","url":"https:\/\/kayasoasismassage.fr\/wp-content\/uploads\/2024\/01\/cropped-cropped-cropped-logo-transparent-png.png","contentUrl":"https:\/\/kayasoasismassage.fr\/wp-content\/uploads\/2024\/01\/cropped-cropped-cropped-logo-transparent-png.png","width":385,"height":387,"caption":"Kaya's Oasis Massage"},"image":{"@id":"https:\/\/kayasoasismassage.fr\/#\/schema\/logo\/image\/"},"sameAs":["https:\/\/www.facebook.com\/profile.php?id=61555287147770","https:\/\/www.instagram.com\/kayasoasis_massage\/"]}]}},"uagb_featured_image_src":{"full":false,"thumbnail":false,"medium":false,"medium_large":false,"large":false,"1536x1536":false,"2048x2048":false},"uagb_author_info":{"display_name":"Morgane","author_link":"https:\/\/kayasoasismassage.fr\/index.php\/author\/admin2099\/"},"uagb_comment_info":0,"uagb_excerpt":"Pour une grossesse sereine Accompagnez la Douce Symphonie de la Maternit\u00e9 avec mon Massage Pr\u00e9natal La p\u00e9riode de la grossesse est un voyage extraordinaire, marqu\u00e9 par des transformations profondes, tant physiques qu&rsquo;\u00e9motionnelles. \u00c0 chaque battement de c\u0153ur, \u00e0 chaque fr\u00e9missement, la future maman traverse des \u00e9tapes uniques, n\u00e9cessitant une attention toute particuli\u00e8re. C&rsquo;est dans cette\u2026","_links":{"self":[{"href":"https:\/\/kayasoasismassage.fr\/index.php\/wp-json\/wp\/v2\/pages\/116","targetHints":{"allow":["GET"]}}],"collection":[{"href":"https:\/\/kayasoasismassage.fr\/index.php\/wp-json\/wp\/v2\/pages"}],"about":[{"href":"https:\/\/kayasoasismassage.fr\/index.php\/wp-json\/wp\/v2\/types\/page"}],"author":[{"embeddable":true,"href":"https:\/\/kayasoasismassage.fr\/index.php\/wp-json\/wp\/v2\/users\/1"}],"replies":[{"embeddable":true,"href":"https:\/\/kayasoasismassage.fr\/index.php\/wp-json\/wp\/v2\/comments?post=116"}],"version-history":[{"count":32,"href":"https:\/\/kayasoasismassage.fr\/index.php\/wp-json\/wp\/v2\/pages\/116\/revisions"}],"predecessor-version":[{"id":1643,"href":"https:\/\/kayasoasismassage.fr\/index.php\/wp-json\/wp\/v2\/pages\/116\/revisions\/1643"}],"up":[{"embeddable":true,"href":"https:\/\/kayasoasismassage.fr\/index.php\/wp-json\/wp\/v2\/pages\/49"}],"wp:attachment":[{"href":"https:\/\/kayasoasismassage.fr\/index.php\/wp-json\/wp\/v2\/media?parent=116"}],"curies":[{"name":"wp","href":"https:\/\/api.w.org\/{rel}","templated":true}]}}