{"id":114,"date":"2024-01-08T14:15:05","date_gmt":"2024-01-08T13:15:05","guid":{"rendered":"https:\/\/kayasoasismassage.fr\/?page_id=114"},"modified":"2025-10-20T09:51:08","modified_gmt":"2025-10-20T07:51:08","slug":"massage-balinais-strasbourg","status":"publish","type":"page","link":"https:\/\/kayasoasismassage.fr\/index.php\/carte-des-massages-strasbourg\/massage-balinais-strasbourg\/","title":{"rendered":"Massage Balinais"},"content":{"rendered":"\n<p class=\"has-text-align-center has-medium-font-size\"><em>Pour s&rsquo;\u00e9vader en Indon\u00e9sie<\/em><\/p>\n\n\n<div class=\"wp-block-image\">\n<figure class=\"aligncenter size-medium\"><img loading=\"lazy\" decoding=\"async\" width=\"300\" height=\"40\" src=\"https:\/\/kayasoasismassage.fr\/wp-content\/uploads\/2024\/01\/Design-sans-titre-300x40.jpg\" alt=\"s\u00e9paration\" class=\"wp-image-249\" srcset=\"https:\/\/kayasoasismassage.fr\/wp-content\/uploads\/2024\/01\/Design-sans-titre-300x40.jpg 300w, https:\/\/kayasoasismassage.fr\/wp-content\/uploads\/2024\/01\/Design-sans-titre-1024x138.jpg 1024w, https:\/\/kayasoasismassage.fr\/wp-content\/uploads\/2024\/01\/Design-sans-titre-768x103.jpg 768w, https:\/\/kayasoasismassage.fr\/wp-content\/uploads\/2024\/01\/Design-sans-titre.jpg 1414w\" sizes=\"auto, (max-width: 300px) 100vw, 300px\" \/><\/figure>\n<\/div>\n\n\n<p><\/p>\n\n\n\n<p class=\"has-text-color has-link-color has-large-font-size wp-elements-122d7d19f2698d283ebe2c0c1230393a\" style=\"color:#79280f\"><strong><em>\u00c9veillez vos Sens et R\u00e9v\u00e9lez votre Bien-\u00catre avec mon Massage Balinais<\/em><\/strong><\/p>\n\n\n\n<div class=\"wp-block-media-text is-stacked-on-mobile\" style=\"grid-template-columns:46% auto\"><figure class=\"wp-block-media-text__media\"><img loading=\"lazy\" decoding=\"async\" width=\"505\" height=\"622\" src=\"https:\/\/kayasoasismassage.fr\/wp-content\/uploads\/2024\/03\/bali.png\" alt=\"\" class=\"wp-image-922 size-full\" srcset=\"https:\/\/kayasoasismassage.fr\/wp-content\/uploads\/2024\/03\/bali.png 505w, https:\/\/kayasoasismassage.fr\/wp-content\/uploads\/2024\/03\/bali-244x300.png 244w\" sizes=\"auto, (max-width: 505px) 100vw, 505px\" \/><\/figure><div class=\"wp-block-media-text__content\">\n<p class=\"has-medium-font-size\"><strong>Pr\u00eat(e) \u00e0 lib\u00e9rer vos sens et \u00e0 d\u00e9couvrir l&rsquo;harmonie ultime avec notre massage balinais ?<\/strong><\/p>\n\n\n\n<p>D\u00e9couvrez le massage balinais, une <strong>exp\u00e9rience enveloppante<\/strong> qui va au-del\u00e0 de la simple d\u00e9tente pour vous offrir <strong>une v\u00e9ritable renaissance<\/strong>. Inspir\u00e9 par les rituels mill\u00e9naires de l&rsquo;\u00eele des Dieux, ce massage <strong>vous transporte vers un \u00e9tat de bien-\u00eatre profond, r\u00e9veillant votre corps, apaisant votre esprit et \u00e9veillant vos sens.<\/strong><\/p>\n\n\n\n<p>Au c\u0153ur de chaque mouvement se cache une promesse de gu\u00e9rison. Le massage balinais <strong>\u00e9quilibre les \u00e9nergies, lib\u00e8re les tensions et r\u00e9veille votre essence int\u00e9rieure<\/strong>. Vous ressentez une sensation de l\u00e9g\u00e8ret\u00e9 et de pl\u00e9nitude qui perdure bien apr\u00e8s la s\u00e9ance, <strong>vous laissant avec une \u00e9nergie renouvel\u00e9e et une clart\u00e9 d&rsquo;esprit.<\/strong><\/p>\n\n\n\n<p>Pour ceux qui cherchent \u00e0 \u00e9chapper au tourbillon du quotidien, ce massage est <strong>une v\u00e9ritable bouff\u00e9e d&rsquo;air frais<\/strong>. Il offre une pause bienvenue dans votre agenda charg\u00e9, vous permettant de<strong> vous recentrer, de vous ressourcer et de retrouver votre \u00e9quilibre int\u00e9rieur.<\/strong><\/p>\n\n\n\n<p>R\u00e9servez d\u00e8s maintenant votre s\u00e9ance de massage balinais et offrez-vous le cadeau ultime du bien-\u00eatre. Laissez-vous emporter par cette exp\u00e9rience unique qui \u00e9veillera tous vos sens, vous transportant vers une oasis de calme et de revitalisation.<\/p>\n<\/div><\/div>\n\n\n\n<p>Provenant d&rsquo;Indon\u00e9sie, ce massage offre une exp\u00e9rience vari\u00e9e et originale, fusionnant habilement des techniques de massages indiens, chinois et tha\u00ef. Cette combinaison unique de douceur et de tonicit\u00e9 cr\u00e9e <strong>une alternance de rythmes, tant\u00f4t lents, tant\u00f4t rapides, favorisant une relaxation physique et mentale<\/strong>. C&rsquo;est un magnifique voyage au pays des sens et du bien-\u00eatre. Venez profiter de mon massage balinais en plein c\u0153ur de Strasbourg.<\/p>\n\n\n\n<h2 class=\"wp-block-heading has-text-color has-link-color wp-elements-d6735b579975f91f85c501fe57e2252a\" style=\"color:#79280f\"><strong><em>Les Bienfaits<\/em><\/strong><\/h2>\n\n\n\n<div class=\"wp-block-uagb-icon-list uagb-block-523242f2\"><div class=\"uagb-icon-list__wrap\">\n<div class=\"wp-block-uagb-icon-list-child uagb-block-426a6472\"><span class=\"uagb-icon-list__source-wrap\"><svg xmlns=\"https:\/\/www.w3.org\/2000\/svg\" viewBox=\"0 0 512 512\"><path d=\"M256 0C114.6 0 0 114.6 0 256c0 141.4 114.6 256 256 256s256-114.6 256-256C512 114.6 397.4 0 256 0zM406.6 278.6l-103.1 103.1c-12.5 12.5-32.75 12.5-45.25 0s-12.5-32.75 0-45.25L306.8 288H128C110.3 288 96 273.7 96 256s14.31-32 32-32h178.8l-49.38-49.38c-12.5-12.5-12.5-32.75 0-45.25s32.75-12.5 45.25 0l103.1 103.1C414.6 241.3 416 251.1 416 256C416 260.9 414.6 270.7 406.6 278.6z\"><\/path><\/svg><\/span><span class=\"uagb-icon-list__label\">D\u00e9tend, procure du bien-\u00eatre et apaise<\/span><\/div>\n\n\n\n<div class=\"wp-block-uagb-icon-list-child uagb-block-9d343c5c\"><span class=\"uagb-icon-list__source-wrap\"><svg xmlns=\"https:\/\/www.w3.org\/2000\/svg\" viewBox=\"0 0 512 512\"><path d=\"M256 0C114.6 0 0 114.6 0 256c0 141.4 114.6 256 256 256s256-114.6 256-256C512 114.6 397.4 0 256 0zM406.6 278.6l-103.1 103.1c-12.5 12.5-32.75 12.5-45.25 0s-12.5-32.75 0-45.25L306.8 288H128C110.3 288 96 273.7 96 256s14.31-32 32-32h178.8l-49.38-49.38c-12.5-12.5-12.5-32.75 0-45.25s32.75-12.5 45.25 0l103.1 103.1C414.6 241.3 416 251.1 416 256C416 260.9 414.6 270.7 406.6 278.6z\"><\/path><\/svg><\/span><span class=\"uagb-icon-list__label\">Efface les tensions<\/span><\/div>\n\n\n\n<div class=\"wp-block-uagb-icon-list-child uagb-block-c709ce10\"><span class=\"uagb-icon-list__source-wrap\"><svg xmlns=\"https:\/\/www.w3.org\/2000\/svg\" viewBox=\"0 0 512 512\"><path d=\"M256 0C114.6 0 0 114.6 0 256c0 141.4 114.6 256 256 256s256-114.6 256-256C512 114.6 397.4 0 256 0zM406.6 278.6l-103.1 103.1c-12.5 12.5-32.75 12.5-45.25 0s-12.5-32.75 0-45.25L306.8 288H128C110.3 288 96 273.7 96 256s14.31-32 32-32h178.8l-49.38-49.38c-12.5-12.5-12.5-32.75 0-45.25s32.75-12.5 45.25 0l103.1 103.1C414.6 241.3 416 251.1 416 256C416 260.9 414.6 270.7 406.6 278.6z\"><\/path><\/svg><\/span><span class=\"uagb-icon-list__label\">Redonne de l&rsquo;\u00e9nergie<\/span><\/div>\n\n\n\n<div class=\"wp-block-uagb-icon-list-child uagb-block-9adee2a4\"><span class=\"uagb-icon-list__source-wrap\"><svg xmlns=\"https:\/\/www.w3.org\/2000\/svg\" viewBox=\"0 0 512 512\"><path d=\"M256 0C114.6 0 0 114.6 0 256c0 141.4 114.6 256 256 256s256-114.6 256-256C512 114.6 397.4 0 256 0zM406.6 278.6l-103.1 103.1c-12.5 12.5-32.75 12.5-45.25 0s-12.5-32.75 0-45.25L306.8 288H128C110.3 288 96 273.7 96 256s14.31-32 32-32h178.8l-49.38-49.38c-12.5-12.5-12.5-32.75 0-45.25s32.75-12.5 45.25 0l103.1 103.1C414.6 241.3 416 251.1 416 256C416 260.9 414.6 270.7 406.6 278.6z\"><\/path><\/svg><\/span><span class=\"uagb-icon-list__label\">Renforce la vitalit\u00e9<\/span><\/div>\n\n\n\n<div class=\"wp-block-uagb-icon-list-child uagb-block-04c9f193\"><span class=\"uagb-icon-list__source-wrap\"><svg xmlns=\"https:\/\/www.w3.org\/2000\/svg\" viewBox=\"0 0 512 512\"><path d=\"M256 0C114.6 0 0 114.6 0 256c0 141.4 114.6 256 256 256s256-114.6 256-256C512 114.6 397.4 0 256 0zM406.6 278.6l-103.1 103.1c-12.5 12.5-32.75 12.5-45.25 0s-12.5-32.75 0-45.25L306.8 288H128C110.3 288 96 273.7 96 256s14.31-32 32-32h178.8l-49.38-49.38c-12.5-12.5-12.5-32.75 0-45.25s32.75-12.5 45.25 0l103.1 103.1C414.6 241.3 416 251.1 416 256C416 260.9 414.6 270.7 406.6 278.6z\"><\/path><\/svg><\/span><span class=\"uagb-icon-list__label\">Adoucit et assouplit la peau<\/span><\/div>\n<\/div><\/div>\n\n\n\n<p class=\"has-text-color has-link-color has-large-font-size wp-elements-c77c284ee8a9ffbca0492e27343b21fd\" style=\"color:#78290f;font-style:italic;font-weight:500\"><strong><em>D\u00e9roulement d&rsquo;une s\u00e9ance<\/em><\/strong><\/p>\n\n\n\n<p>La personne mass\u00e9e conserve ses sous-v\u00eatements ou utilise un string jetable mis \u00e0 disposition, selon son choix. Une serviette ou un par\u00e9o recouvre en permanence les parties du corps non mass\u00e9es. Le massage balinais est un massage complet du corps, des pieds au cuir chevelu et jusqu&rsquo;au bout des doigts. La personne mass\u00e9e est allong\u00e9e sur le ventre pour le massage du dos, des jambes et des pieds puis se tourne sur le dos pour le massage des jambes, pieds, ventre, bras, mains, nuque, visage et cr\u00e2ne. Une partie assise \u00ab\u00a0de r\u00e9veil\u00a0\u00bb peut conclure la s\u00e9ance de massage balinais.<\/p>\n\n\n\n<p class=\"has-text-color has-link-color has-large-font-size wp-elements-a3c73013d39a04fd55dbd86a28679701\" style=\"color:#78290f;font-style:italic;font-weight:500\"><strong>Dur\u00e9es et Tarifs<\/strong><\/p>\n\n\n\n<p>1h de massage : 70 \u20ac<\/p>\n\n\n\n<p>1h15 de massage : 80 \u20ac<\/p>\n\n\n\n<p>1h30 de massage : 95 \u20ac<\/p>\n\n\n\n<p class=\"has-text-color has-link-color has-large-font-size wp-elements-d67a17baeacc8281b6a7fa12620fa3e3\" style=\"color:#78290f\"><strong><em>R\u00e9servation<\/em><\/strong><\/p>\n\n\n\n<!-- Cal inline embed code begins -->\n<div style=\"width:100%;height:100%;overflow:scroll\" id=\"my-cal-inline\"><\/div>\n<script type=\"text\/javascript\">\n  (function (C, A, L) { let p = function (a, ar) { a.q.push(ar); }; let d = C.document; C.Cal = C.Cal || function () { let cal = C.Cal; let ar = arguments; if (!cal.loaded) { cal.ns = {}; cal.q = cal.q || []; d.head.appendChild(d.createElement(\"script\")).src = A; cal.loaded = true; } if (ar[0] === L) { const api = function () { p(api, arguments); }; const namespace = ar[1]; api.q = api.q || []; typeof namespace === \"string\" ? (cal.ns[namespace] = api) && p(api, ar) : p(cal, ar); return; } p(cal, ar); }; })(window, \"https:\/\/app.cal.com\/embed\/embed.js\", \"init\");\nCal(\"init\", \"balinais\", {origin:\"https:\/\/cal.com\"});\n\n  Cal.ns.balinais(\"inline\", {\n\telementOrSelector:\"#my-cal-inline\",\n\tcalLink: \"kayasoasis\/balinais\",\n\tlayout: \"month_view\"\n  });\n  \n  Cal.ns.balinais(\"ui\", {\"styles\":{\"branding\":{\"brandColor\":\"#000000\"}},\"hideEventTypeDetails\":false,\"layout\":\"month_view\"});\n  <\/script>\n  <!-- Cal inline embed code ends -->\n\n\n\n<hr class=\"wp-block-separator has-alpha-channel-opacity\"\/>\n\n\n\n<p class=\"has-small-font-size\"><em><em>&nbsp;<em>Praticienne de massage bien-\u00eatre, de pr\u00e9vention et d\u2019accompagnement \u00e0 la sant\u00e9.<\/em><\/em>&nbsp;\u2013&nbsp;<em>Le massage bien-\u00eatre est un soin de relaxation et de d\u00e9tente, \u00e0 but non th\u00e9rapeutique.<\/em><\/em><\/p>\n\n\n\n<div class=\"wp-block-uagb-image uagb-block-28ff2c03 wp-block-uagb-image--layout-default wp-block-uagb-image--effect-static wp-block-uagb-image--align-none\"><figure class=\"wp-block-uagb-image__figure\"><img decoding=\"async\" srcset=\"https:\/\/kayasoasismassage.fr\/wp-content\/uploads\/2024\/11\/FFMBE-visuel-nosexe-1024x142.webp ,https:\/\/kayasoasismassage.fr\/wp-content\/uploads\/2024\/11\/FFMBE-visuel-nosexe.webp 780w, https:\/\/kayasoasismassage.fr\/wp-content\/uploads\/2024\/11\/FFMBE-visuel-nosexe.webp 360w\" sizes=\"auto, (max-width: 480px) 150px\" src=\"https:\/\/kayasoasismassage.fr\/wp-content\/uploads\/2024\/11\/FFMBE-visuel-nosexe-1024x142.webp\" alt=\"\" class=\"uag-image-1257\" width=\"1024\" height=\"142\" title=\"FFMBE-visuel-nosexe\" loading=\"lazy\" role=\"img\"\/><\/figure><\/div>\n","protected":false},"excerpt":{"rendered":"<p>Pour s&rsquo;\u00e9vader en Indon\u00e9sie \u00c9veillez vos Sens et R\u00e9v\u00e9lez votre Bien-\u00catre avec mon Massage Balinais Pr\u00eat(e) \u00e0 lib\u00e9rer vos sens et \u00e0 d\u00e9couvrir l&rsquo;harmonie ultime avec notre massage balinais ? D\u00e9couvrez le massage balinais, une exp\u00e9rience enveloppante qui va au-del\u00e0 de la simple d\u00e9tente pour vous offrir une v\u00e9ritable renaissance. Inspir\u00e9 par les rituels mill\u00e9naires &#8230; <a title=\"Massage Balinais\" class=\"read-more\" href=\"https:\/\/kayasoasismassage.fr\/index.php\/carte-des-massages-strasbourg\/massage-balinais-strasbourg\/\" aria-label=\"En savoir plus sur Massage Balinais\">Lire la suite<\/a><\/p>\n","protected":false},"author":1,"featured_media":0,"parent":49,"menu_order":0,"comment_status":"closed","ping_status":"closed","template":"","meta":{"_uag_custom_page_level_css":"","_uf_show_specific_survey":0,"_uf_disable_surveys":false,"footnotes":""},"class_list":["post-114","page","type-page","status-publish"],"yoast_head":"<!-- This site is optimized with the Yoast SEO plugin v27.4 - https:\/\/yoast.com\/product\/yoast-seo-wordpress\/ -->\n<title>Massage Balinais - Une exp\u00e9rience de d\u00e9tente authentique<\/title>\n<meta name=\"description\" content=\"Vivez une exp\u00e9rience de relaxation exceptionnelle avec le massage balinais. D\u00e9tente profonde \u00e0 Strasbourg. R\u00e9servez votre moment bien-\u00eatre.\" \/>\n<meta name=\"robots\" content=\"index, follow, max-snippet:-1, max-image-preview:large, max-video-preview:-1\" \/>\n<link rel=\"canonical\" href=\"https:\/\/kayasoasismassage.fr\/index.php\/carte-des-massages-strasbourg\/massage-balinais-strasbourg\/\" \/>\n<meta property=\"og:locale\" content=\"fr_FR\" \/>\n<meta property=\"og:type\" content=\"article\" \/>\n<meta property=\"og:title\" content=\"Massage Balinais - Une exp\u00e9rience de d\u00e9tente authentique\" \/>\n<meta property=\"og:description\" content=\"Vivez une exp\u00e9rience de relaxation exceptionnelle avec le massage balinais. D\u00e9tente profonde \u00e0 Strasbourg. R\u00e9servez votre moment bien-\u00eatre.\" \/>\n<meta property=\"og:url\" content=\"https:\/\/kayasoasismassage.fr\/index.php\/carte-des-massages-strasbourg\/massage-balinais-strasbourg\/\" \/>\n<meta property=\"og:site_name\" content=\"Kaya&#039;s Oasis Massage\" \/>\n<meta property=\"article:publisher\" content=\"https:\/\/www.facebook.com\/profile.php?id=61555287147770\" \/>\n<meta property=\"article:modified_time\" content=\"2025-10-20T07:51:08+00:00\" \/>\n<meta property=\"og:image\" content=\"https:\/\/kayasoasismassage.fr\/wp-content\/uploads\/2024\/01\/Design-sans-titre.jpg\" \/>\n\t<meta property=\"og:image:width\" content=\"1414\" \/>\n\t<meta property=\"og:image:height\" content=\"190\" \/>\n\t<meta property=\"og:image:type\" content=\"image\/jpeg\" \/>\n<meta name=\"twitter:card\" content=\"summary_large_image\" \/>\n<meta name=\"twitter:label1\" content=\"Dur\u00e9e de lecture estim\u00e9e\" \/>\n\t<meta name=\"twitter:data1\" content=\"3 minutes\" \/>\n<script type=\"application\/ld+json\" class=\"yoast-schema-graph\">{\"@context\":\"https:\\\/\\\/schema.org\",\"@graph\":[{\"@type\":\"WebPage\",\"@id\":\"https:\\\/\\\/kayasoasismassage.fr\\\/index.php\\\/carte-des-massages-strasbourg\\\/massage-balinais-strasbourg\\\/\",\"url\":\"https:\\\/\\\/kayasoasismassage.fr\\\/index.php\\\/carte-des-massages-strasbourg\\\/massage-balinais-strasbourg\\\/\",\"name\":\"Massage Balinais - Une exp\u00e9rience de d\u00e9tente authentique\",\"isPartOf\":{\"@id\":\"https:\\\/\\\/kayasoasismassage.fr\\\/#website\"},\"primaryImageOfPage\":{\"@id\":\"https:\\\/\\\/kayasoasismassage.fr\\\/index.php\\\/carte-des-massages-strasbourg\\\/massage-balinais-strasbourg\\\/#primaryimage\"},\"image\":{\"@id\":\"https:\\\/\\\/kayasoasismassage.fr\\\/index.php\\\/carte-des-massages-strasbourg\\\/massage-balinais-strasbourg\\\/#primaryimage\"},\"thumbnailUrl\":\"https:\\\/\\\/kayasoasismassage.fr\\\/wp-content\\\/uploads\\\/2024\\\/01\\\/Design-sans-titre-300x40.jpg\",\"datePublished\":\"2024-01-08T13:15:05+00:00\",\"dateModified\":\"2025-10-20T07:51:08+00:00\",\"description\":\"Vivez une exp\u00e9rience de relaxation exceptionnelle avec le massage balinais. D\u00e9tente profonde \u00e0 Strasbourg. R\u00e9servez votre moment bien-\u00eatre.\",\"breadcrumb\":{\"@id\":\"https:\\\/\\\/kayasoasismassage.fr\\\/index.php\\\/carte-des-massages-strasbourg\\\/massage-balinais-strasbourg\\\/#breadcrumb\"},\"inLanguage\":\"fr-FR\",\"potentialAction\":[{\"@type\":\"ReadAction\",\"target\":[\"https:\\\/\\\/kayasoasismassage.fr\\\/index.php\\\/carte-des-massages-strasbourg\\\/massage-balinais-strasbourg\\\/\"]}]},{\"@type\":\"ImageObject\",\"inLanguage\":\"fr-FR\",\"@id\":\"https:\\\/\\\/kayasoasismassage.fr\\\/index.php\\\/carte-des-massages-strasbourg\\\/massage-balinais-strasbourg\\\/#primaryimage\",\"url\":\"https:\\\/\\\/kayasoasismassage.fr\\\/wp-content\\\/uploads\\\/2024\\\/01\\\/Design-sans-titre.jpg\",\"contentUrl\":\"https:\\\/\\\/kayasoasismassage.fr\\\/wp-content\\\/uploads\\\/2024\\\/01\\\/Design-sans-titre.jpg\",\"width\":1414,\"height\":190,\"caption\":\"s\u00e9paration\"},{\"@type\":\"BreadcrumbList\",\"@id\":\"https:\\\/\\\/kayasoasismassage.fr\\\/index.php\\\/carte-des-massages-strasbourg\\\/massage-balinais-strasbourg\\\/#breadcrumb\",\"itemListElement\":[{\"@type\":\"ListItem\",\"position\":1,\"name\":\"Accueil\",\"item\":\"https:\\\/\\\/kayasoasismassage.fr\\\/\"},{\"@type\":\"ListItem\",\"position\":2,\"name\":\"La carte des Massages\",\"item\":\"https:\\\/\\\/kayasoasismassage.fr\\\/index.php\\\/carte-des-massages-strasbourg\\\/\"},{\"@type\":\"ListItem\",\"position\":3,\"name\":\"Massage Balinais\"}]},{\"@type\":\"WebSite\",\"@id\":\"https:\\\/\\\/kayasoasismassage.fr\\\/#website\",\"url\":\"https:\\\/\\\/kayasoasismassage.fr\\\/\",\"name\":\"Kaya's Oasis Massage\",\"description\":\"Un oasis de d\u00e9tente\",\"publisher\":{\"@id\":\"https:\\\/\\\/kayasoasismassage.fr\\\/#organization\"},\"potentialAction\":[{\"@type\":\"SearchAction\",\"target\":{\"@type\":\"EntryPoint\",\"urlTemplate\":\"https:\\\/\\\/kayasoasismassage.fr\\\/?s={search_term_string}\"},\"query-input\":{\"@type\":\"PropertyValueSpecification\",\"valueRequired\":true,\"valueName\":\"search_term_string\"}}],\"inLanguage\":\"fr-FR\"},{\"@type\":\"Organization\",\"@id\":\"https:\\\/\\\/kayasoasismassage.fr\\\/#organization\",\"name\":\"Kaya's Oasis Massage\",\"alternateName\":\"Kaya's Oasis\",\"url\":\"https:\\\/\\\/kayasoasismassage.fr\\\/\",\"logo\":{\"@type\":\"ImageObject\",\"inLanguage\":\"fr-FR\",\"@id\":\"https:\\\/\\\/kayasoasismassage.fr\\\/#\\\/schema\\\/logo\\\/image\\\/\",\"url\":\"https:\\\/\\\/kayasoasismassage.fr\\\/wp-content\\\/uploads\\\/2024\\\/01\\\/cropped-cropped-cropped-logo-transparent-png.png\",\"contentUrl\":\"https:\\\/\\\/kayasoasismassage.fr\\\/wp-content\\\/uploads\\\/2024\\\/01\\\/cropped-cropped-cropped-logo-transparent-png.png\",\"width\":385,\"height\":387,\"caption\":\"Kaya's Oasis Massage\"},\"image\":{\"@id\":\"https:\\\/\\\/kayasoasismassage.fr\\\/#\\\/schema\\\/logo\\\/image\\\/\"},\"sameAs\":[\"https:\\\/\\\/www.facebook.com\\\/profile.php?id=61555287147770\",\"https:\\\/\\\/www.instagram.com\\\/kayasoasis_massage\\\/\"]}]}<\/script>\n<!-- \/ Yoast SEO plugin. -->","yoast_head_json":{"title":"Massage Balinais - Une exp\u00e9rience de d\u00e9tente authentique","description":"Vivez une exp\u00e9rience de relaxation exceptionnelle avec le massage balinais. D\u00e9tente profonde \u00e0 Strasbourg. R\u00e9servez votre moment bien-\u00eatre.","robots":{"index":"index","follow":"follow","max-snippet":"max-snippet:-1","max-image-preview":"max-image-preview:large","max-video-preview":"max-video-preview:-1"},"canonical":"https:\/\/kayasoasismassage.fr\/index.php\/carte-des-massages-strasbourg\/massage-balinais-strasbourg\/","og_locale":"fr_FR","og_type":"article","og_title":"Massage Balinais - Une exp\u00e9rience de d\u00e9tente authentique","og_description":"Vivez une exp\u00e9rience de relaxation exceptionnelle avec le massage balinais. D\u00e9tente profonde \u00e0 Strasbourg. R\u00e9servez votre moment bien-\u00eatre.","og_url":"https:\/\/kayasoasismassage.fr\/index.php\/carte-des-massages-strasbourg\/massage-balinais-strasbourg\/","og_site_name":"Kaya&#039;s Oasis Massage","article_publisher":"https:\/\/www.facebook.com\/profile.php?id=61555287147770","article_modified_time":"2025-10-20T07:51:08+00:00","og_image":[{"width":1414,"height":190,"url":"https:\/\/kayasoasismassage.fr\/wp-content\/uploads\/2024\/01\/Design-sans-titre.jpg","type":"image\/jpeg"}],"twitter_card":"summary_large_image","twitter_misc":{"Dur\u00e9e de lecture estim\u00e9e":"3 minutes"},"schema":{"@context":"https:\/\/schema.org","@graph":[{"@type":"WebPage","@id":"https:\/\/kayasoasismassage.fr\/index.php\/carte-des-massages-strasbourg\/massage-balinais-strasbourg\/","url":"https:\/\/kayasoasismassage.fr\/index.php\/carte-des-massages-strasbourg\/massage-balinais-strasbourg\/","name":"Massage Balinais - Une exp\u00e9rience de d\u00e9tente authentique","isPartOf":{"@id":"https:\/\/kayasoasismassage.fr\/#website"},"primaryImageOfPage":{"@id":"https:\/\/kayasoasismassage.fr\/index.php\/carte-des-massages-strasbourg\/massage-balinais-strasbourg\/#primaryimage"},"image":{"@id":"https:\/\/kayasoasismassage.fr\/index.php\/carte-des-massages-strasbourg\/massage-balinais-strasbourg\/#primaryimage"},"thumbnailUrl":"https:\/\/kayasoasismassage.fr\/wp-content\/uploads\/2024\/01\/Design-sans-titre-300x40.jpg","datePublished":"2024-01-08T13:15:05+00:00","dateModified":"2025-10-20T07:51:08+00:00","description":"Vivez une exp\u00e9rience de relaxation exceptionnelle avec le massage balinais. D\u00e9tente profonde \u00e0 Strasbourg. R\u00e9servez votre moment bien-\u00eatre.","breadcrumb":{"@id":"https:\/\/kayasoasismassage.fr\/index.php\/carte-des-massages-strasbourg\/massage-balinais-strasbourg\/#breadcrumb"},"inLanguage":"fr-FR","potentialAction":[{"@type":"ReadAction","target":["https:\/\/kayasoasismassage.fr\/index.php\/carte-des-massages-strasbourg\/massage-balinais-strasbourg\/"]}]},{"@type":"ImageObject","inLanguage":"fr-FR","@id":"https:\/\/kayasoasismassage.fr\/index.php\/carte-des-massages-strasbourg\/massage-balinais-strasbourg\/#primaryimage","url":"https:\/\/kayasoasismassage.fr\/wp-content\/uploads\/2024\/01\/Design-sans-titre.jpg","contentUrl":"https:\/\/kayasoasismassage.fr\/wp-content\/uploads\/2024\/01\/Design-sans-titre.jpg","width":1414,"height":190,"caption":"s\u00e9paration"},{"@type":"BreadcrumbList","@id":"https:\/\/kayasoasismassage.fr\/index.php\/carte-des-massages-strasbourg\/massage-balinais-strasbourg\/#breadcrumb","itemListElement":[{"@type":"ListItem","position":1,"name":"Accueil","item":"https:\/\/kayasoasismassage.fr\/"},{"@type":"ListItem","position":2,"name":"La carte des Massages","item":"https:\/\/kayasoasismassage.fr\/index.php\/carte-des-massages-strasbourg\/"},{"@type":"ListItem","position":3,"name":"Massage Balinais"}]},{"@type":"WebSite","@id":"https:\/\/kayasoasismassage.fr\/#website","url":"https:\/\/kayasoasismassage.fr\/","name":"Kaya's Oasis Massage","description":"Un oasis de d\u00e9tente","publisher":{"@id":"https:\/\/kayasoasismassage.fr\/#organization"},"potentialAction":[{"@type":"SearchAction","target":{"@type":"EntryPoint","urlTemplate":"https:\/\/kayasoasismassage.fr\/?s={search_term_string}"},"query-input":{"@type":"PropertyValueSpecification","valueRequired":true,"valueName":"search_term_string"}}],"inLanguage":"fr-FR"},{"@type":"Organization","@id":"https:\/\/kayasoasismassage.fr\/#organization","name":"Kaya's Oasis Massage","alternateName":"Kaya's Oasis","url":"https:\/\/kayasoasismassage.fr\/","logo":{"@type":"ImageObject","inLanguage":"fr-FR","@id":"https:\/\/kayasoasismassage.fr\/#\/schema\/logo\/image\/","url":"https:\/\/kayasoasismassage.fr\/wp-content\/uploads\/2024\/01\/cropped-cropped-cropped-logo-transparent-png.png","contentUrl":"https:\/\/kayasoasismassage.fr\/wp-content\/uploads\/2024\/01\/cropped-cropped-cropped-logo-transparent-png.png","width":385,"height":387,"caption":"Kaya's Oasis Massage"},"image":{"@id":"https:\/\/kayasoasismassage.fr\/#\/schema\/logo\/image\/"},"sameAs":["https:\/\/www.facebook.com\/profile.php?id=61555287147770","https:\/\/www.instagram.com\/kayasoasis_massage\/"]}]}},"uagb_featured_image_src":{"full":false,"thumbnail":false,"medium":false,"medium_large":false,"large":false,"1536x1536":false,"2048x2048":false},"uagb_author_info":{"display_name":"Morgane","author_link":"https:\/\/kayasoasismassage.fr\/index.php\/author\/admin2099\/"},"uagb_comment_info":0,"uagb_excerpt":"Pour s&rsquo;\u00e9vader en Indon\u00e9sie \u00c9veillez vos Sens et R\u00e9v\u00e9lez votre Bien-\u00catre avec mon Massage Balinais Pr\u00eat(e) \u00e0 lib\u00e9rer vos sens et \u00e0 d\u00e9couvrir l&rsquo;harmonie ultime avec notre massage balinais ? D\u00e9couvrez le massage balinais, une exp\u00e9rience enveloppante qui va au-del\u00e0 de la simple d\u00e9tente pour vous offrir une v\u00e9ritable renaissance. Inspir\u00e9 par les rituels mill\u00e9naires\u2026","_links":{"self":[{"href":"https:\/\/kayasoasismassage.fr\/index.php\/wp-json\/wp\/v2\/pages\/114","targetHints":{"allow":["GET"]}}],"collection":[{"href":"https:\/\/kayasoasismassage.fr\/index.php\/wp-json\/wp\/v2\/pages"}],"about":[{"href":"https:\/\/kayasoasismassage.fr\/index.php\/wp-json\/wp\/v2\/types\/page"}],"author":[{"embeddable":true,"href":"https:\/\/kayasoasismassage.fr\/index.php\/wp-json\/wp\/v2\/users\/1"}],"replies":[{"embeddable":true,"href":"https:\/\/kayasoasismassage.fr\/index.php\/wp-json\/wp\/v2\/comments?post=114"}],"version-history":[{"count":20,"href":"https:\/\/kayasoasismassage.fr\/index.php\/wp-json\/wp\/v2\/pages\/114\/revisions"}],"predecessor-version":[{"id":1611,"href":"https:\/\/kayasoasismassage.fr\/index.php\/wp-json\/wp\/v2\/pages\/114\/revisions\/1611"}],"up":[{"embeddable":true,"href":"https:\/\/kayasoasismassage.fr\/index.php\/wp-json\/wp\/v2\/pages\/49"}],"wp:attachment":[{"href":"https:\/\/kayasoasismassage.fr\/index.php\/wp-json\/wp\/v2\/media?parent=114"}],"curies":[{"name":"wp","href":"https:\/\/api.w.org\/{rel}","templated":true}]}}