{"id":108,"date":"2024-01-08T14:11:21","date_gmt":"2024-01-08T13:11:21","guid":{"rendered":"https:\/\/kayasoasismassage.fr\/?page_id=108"},"modified":"2025-07-30T11:24:52","modified_gmt":"2025-07-30T09:24:52","slug":"massage-hawaien-lomi-lomi-a-strasbourg","status":"publish","type":"page","link":"https:\/\/kayasoasismassage.fr\/index.php\/carte-des-massages-strasbourg\/massage-hawaien-lomi-lomi-a-strasbourg\/","title":{"rendered":"Massage Lomi-Lomi"},"content":{"rendered":"\n<p class=\"has-text-align-center has-medium-font-size\"><em>Pour voyager au rythme des vagues<\/em><\/p>\n\n\n<div class=\"wp-block-image\">\n<figure class=\"aligncenter size-medium\"><img loading=\"lazy\" decoding=\"async\" width=\"300\" height=\"40\" src=\"https:\/\/kayasoasismassage.fr\/wp-content\/uploads\/2024\/01\/Design-sans-titre-300x40.jpg\" alt=\"\" class=\"wp-image-249\" srcset=\"https:\/\/kayasoasismassage.fr\/wp-content\/uploads\/2024\/01\/Design-sans-titre-300x40.jpg 300w, https:\/\/kayasoasismassage.fr\/wp-content\/uploads\/2024\/01\/Design-sans-titre-1024x138.jpg 1024w, https:\/\/kayasoasismassage.fr\/wp-content\/uploads\/2024\/01\/Design-sans-titre-768x103.jpg 768w, https:\/\/kayasoasismassage.fr\/wp-content\/uploads\/2024\/01\/Design-sans-titre.jpg 1414w\" sizes=\"auto, (max-width: 300px) 100vw, 300px\" \/><\/figure>\n<\/div>\n\n\n<p><\/p>\n\n\n\n<h2 class=\"wp-block-heading has-text-color has-link-color has-large-font-size wp-elements-6a6af811c94c379132cfcb9bd082f57c\" style=\"color:#78290f\"><strong><em>Plongez dans un Oc\u00e9an de Bien-\u00catre avec mon Massage Lomi-Lomi<\/em><\/strong><\/h2>\n\n\n\n<p><\/p>\n\n\n\n<div class=\"wp-block-media-text is-stacked-on-mobile\" style=\"grid-template-columns:33% auto\"><figure class=\"wp-block-media-text__media\"><img loading=\"lazy\" decoding=\"async\" width=\"427\" height=\"595\" src=\"https:\/\/kayasoasismassage.fr\/wp-content\/uploads\/2024\/03\/plage.png\" alt=\"\" class=\"wp-image-791 size-full\" srcset=\"https:\/\/kayasoasismassage.fr\/wp-content\/uploads\/2024\/03\/plage.png 427w, https:\/\/kayasoasismassage.fr\/wp-content\/uploads\/2024\/03\/plage-215x300.png 215w\" sizes=\"auto, (max-width: 427px) 100vw, 427px\" \/><\/figure><div class=\"wp-block-media-text__content\">\n<p class=\"has-medium-font-size\"><strong>Vous sentez-vous pr\u00eat(e) \u00e0 vous laisser emporter par une exp\u00e9rience de l\u00e2cher-prise, lib\u00e9rant ainsi les tensions et permettant \u00e0 une profonde d\u00e9tente de s&rsquo;installer ?<\/strong><\/p>\n\n\n\n<p>Bienvenue dans un monde de bien-\u00eatre infini, o\u00f9 le toucher devient une danse sacr\u00e9e et chaque mouvement raconte une histoire de gu\u00e9rison. Mon massage Lomi-Lomi, une exp\u00e9rience venue des \u00eeles hawa\u00efennes, vous transporte vers <strong>un \u00e9tat de relaxation profonde<\/strong>, <strong>r\u00e9tablissant l&rsquo;harmonie entre le corps et l&rsquo;esprit. <\/strong><br><br>Imaginez-vous berc\u00e9 par des <strong>vagues douces<\/strong>, chaque geste ressemblant au doux murmure des vagues sur une plage tropicale. Inspir\u00e9 par la philosophie hawa\u00efenne de l&rsquo;Ho&rsquo;oponopono, ce massage va bien au-del\u00e0 de la simple d\u00e9tente physique. Il est con\u00e7u pour <strong>lib\u00e9rer les \u00e9nergies bloqu\u00e9es<\/strong>, <strong>\u00e9liminer les tensions<\/strong> et <strong>restaurer l&rsquo;\u00e9quilibre naturel de votre \u00eatre<\/strong>.<br><br>Dans l&rsquo;essence m\u00eame du Lomi-Lomi, <strong>d\u00e9couvrez la possibilit\u00e9 de vous retrouver<\/strong>, non seulement dans votre vie quotidienne, mais au plus profond de votre \u00eatre. Laissez-vous porter par cette exp\u00e9rience o\u00f9 chaque mouvement, chaque souffle, vous invite \u00e0 <strong>vous reconnecter \u00e0 votre essence v\u00e9ritable<\/strong>. <br>Venez profiter du massage Lomi-Lomi \u00e0 deux pas du centre-ville de Strasbourg.<\/p>\n<\/div><\/div>\n\n\n\n<p><\/p>\n\n\n\n<p>Massage complet \u00e0 l\u2019huile du corps et du visage. <\/p>\n\n\n\n<p>Apr\u00e8s un massage Lomi-Lomi, vous ressentirez une <strong>d\u00e9tente profonde et durable<\/strong>, <strong>lib\u00e9rant les tensions physiques et mentales<\/strong>. Vous vous sentirez <strong>l\u00e9ger(e)<\/strong>, <strong>apais\u00e9(e)<\/strong> et <strong>connect\u00e9(e) avec vous-m\u00eame<\/strong>, avec <strong>une \u00e9nergie renouvel\u00e9e<\/strong> et un <strong>sentiment de bien-\u00eatre total<\/strong>.<\/p>\n\n\n\n<p><\/p>\n\n\n\n<h2 class=\"wp-block-heading has-text-color has-link-color has-large-font-size wp-elements-8d087f1c4ae110709f0142f633db4057\" style=\"color:#78290f\"><strong><em>Les Bienfaits<\/em><\/strong><\/h2>\n\n\n\n<div class=\"wp-block-uagb-icon-list uagb-block-41c7881f\"><div class=\"uagb-icon-list__wrap\">\n<div class=\"wp-block-uagb-icon-list-child uagb-block-171c93fa\"><span class=\"uagb-icon-list__source-wrap\"><svg xmlns=\"https:\/\/www.w3.org\/2000\/svg\" viewBox=\"0 0 512 512\"><path d=\"M256 0C114.6 0 0 114.6 0 256c0 141.4 114.6 256 256 256s256-114.6 256-256C512 114.6 397.4 0 256 0zM406.6 278.6l-103.1 103.1c-12.5 12.5-32.75 12.5-45.25 0s-12.5-32.75 0-45.25L306.8 288H128C110.3 288 96 273.7 96 256s14.31-32 32-32h178.8l-49.38-49.38c-12.5-12.5-12.5-32.75 0-45.25s32.75-12.5 45.25 0l103.1 103.1C414.6 241.3 416 251.1 416 256C416 260.9 414.6 270.7 406.6 278.6z\"><\/path><\/svg><\/span><span class=\"uagb-icon-list__label\">Procure bien-\u00eatre et s\u00e9r\u00e9nit\u00e9\u00a0<\/span><\/div>\n\n\n\n<div class=\"wp-block-uagb-icon-list-child uagb-block-d65cf633\"><span class=\"uagb-icon-list__source-wrap\"><svg xmlns=\"https:\/\/www.w3.org\/2000\/svg\" viewBox=\"0 0 512 512\"><path d=\"M256 0C114.6 0 0 114.6 0 256c0 141.4 114.6 256 256 256s256-114.6 256-256C512 114.6 397.4 0 256 0zM406.6 278.6l-103.1 103.1c-12.5 12.5-32.75 12.5-45.25 0s-12.5-32.75 0-45.25L306.8 288H128C110.3 288 96 273.7 96 256s14.31-32 32-32h178.8l-49.38-49.38c-12.5-12.5-12.5-32.75 0-45.25s32.75-12.5 45.25 0l103.1 103.1C414.6 241.3 416 251.1 416 256C416 260.9 414.6 270.7 406.6 278.6z\"><\/path><\/svg><\/span><span class=\"uagb-icon-list__label\">Efface les tensions<\/span><\/div>\n\n\n\n<div class=\"wp-block-uagb-icon-list-child uagb-block-6f98f211\"><span class=\"uagb-icon-list__source-wrap\"><svg xmlns=\"https:\/\/www.w3.org\/2000\/svg\" viewBox=\"0 0 512 512\"><path d=\"M256 0C114.6 0 0 114.6 0 256c0 141.4 114.6 256 256 256s256-114.6 256-256C512 114.6 397.4 0 256 0zM406.6 278.6l-103.1 103.1c-12.5 12.5-32.75 12.5-45.25 0s-12.5-32.75 0-45.25L306.8 288H128C110.3 288 96 273.7 96 256s14.31-32 32-32h178.8l-49.38-49.38c-12.5-12.5-12.5-32.75 0-45.25s32.75-12.5 45.25 0l103.1 103.1C414.6 241.3 416 251.1 416 256C416 260.9 414.6 270.7 406.6 278.6z\"><\/path><\/svg><\/span><span class=\"uagb-icon-list__label\">Augmente la circulation sanguine et lymphatique<\/span><\/div>\n\n\n\n<div class=\"wp-block-uagb-icon-list-child uagb-block-1ea0b71f\"><span class=\"uagb-icon-list__source-wrap\"><svg xmlns=\"https:\/\/www.w3.org\/2000\/svg\" viewBox=\"0 0 512 512\"><path d=\"M256 0C114.6 0 0 114.6 0 256c0 141.4 114.6 256 256 256s256-114.6 256-256C512 114.6 397.4 0 256 0zM406.6 278.6l-103.1 103.1c-12.5 12.5-32.75 12.5-45.25 0s-12.5-32.75 0-45.25L306.8 288H128C110.3 288 96 273.7 96 256s14.31-32 32-32h178.8l-49.38-49.38c-12.5-12.5-12.5-32.75 0-45.25s32.75-12.5 45.25 0l103.1 103.1C414.6 241.3 416 251.1 416 256C416 260.9 414.6 270.7 406.6 278.6z\"><\/path><\/svg><\/span><span class=\"uagb-icon-list__label\">Estompe la fatigue<\/span><\/div>\n\n\n\n<div class=\"wp-block-uagb-icon-list-child uagb-block-db02affa\"><span class=\"uagb-icon-list__source-wrap\"><svg xmlns=\"https:\/\/www.w3.org\/2000\/svg\" viewBox=\"0 0 512 512\"><path d=\"M256 0C114.6 0 0 114.6 0 256c0 141.4 114.6 256 256 256s256-114.6 256-256C512 114.6 397.4 0 256 0zM406.6 278.6l-103.1 103.1c-12.5 12.5-32.75 12.5-45.25 0s-12.5-32.75 0-45.25L306.8 288H128C110.3 288 96 273.7 96 256s14.31-32 32-32h178.8l-49.38-49.38c-12.5-12.5-12.5-32.75 0-45.25s32.75-12.5 45.25 0l103.1 103.1C414.6 241.3 416 251.1 416 256C416 260.9 414.6 270.7 406.6 278.6z\"><\/path><\/svg><\/span><span class=\"uagb-icon-list__label\">Am\u00e9liore la vitalit\u00e9<\/span><\/div>\n\n\n\n<div class=\"wp-block-uagb-icon-list-child uagb-block-0550dbf1\"><span class=\"uagb-icon-list__source-wrap\"><svg xmlns=\"https:\/\/www.w3.org\/2000\/svg\" viewBox=\"0 0 512 512\"><path d=\"M256 0C114.6 0 0 114.6 0 256c0 141.4 114.6 256 256 256s256-114.6 256-256C512 114.6 397.4 0 256 0zM406.6 278.6l-103.1 103.1c-12.5 12.5-32.75 12.5-45.25 0s-12.5-32.75 0-45.25L306.8 288H128C110.3 288 96 273.7 96 256s14.31-32 32-32h178.8l-49.38-49.38c-12.5-12.5-12.5-32.75 0-45.25s32.75-12.5 45.25 0l103.1 103.1C414.6 241.3 416 251.1 416 256C416 260.9 414.6 270.7 406.6 278.6z\"><\/path><\/svg><\/span><span class=\"uagb-icon-list__label\">Adoucit et assouplit la peau<\/span><\/div>\n<\/div><\/div>\n\n\n\n<p><\/p>\n\n\n\n<h2 class=\"wp-block-heading has-text-color has-link-color has-large-font-size wp-elements-12e4032418ad5a20392a8fcc40f6aafb\" style=\"color:#78290f\"><strong><em>D\u00e9roulement d&rsquo;une s\u00e9ance<\/em><\/strong><\/h2>\n\n\n\n<p>La personne mass\u00e9e conserve ses sous-v\u00eatements ou utilise un string jetable mis \u00e0 disposition, selon son choix. Une serviette ou un par\u00e9o recouvre en permanence les parties du corps non mass\u00e9es. Elle est allong\u00e9e sur le ventre et le massage Lomi-Lomi commence sur le dos puis les jambes puis parcourt tout le corps. La personne se retourne et le massage reprend sur une jambe puis l&rsquo;autre, un bras puis l&rsquo;autre, l&rsquo;abdomen et le visage.<\/p>\n\n\n\n<p><\/p>\n\n\n\n<h2 class=\"wp-block-heading has-text-color has-link-color has-large-font-size wp-elements-99dd9b731629d72f03d2566932aba661\" style=\"color:#78290f\"><strong><em>Dur\u00e9es et Tarifs<\/em><\/strong><\/h2>\n\n\n\n<p>1h de massage : 70 \u20ac<\/p>\n\n\n\n<p>1h15 de massage : 80 \u20ac<br><br>1h30 de massage : 95 \u20ac<\/p>\n\n\n\n<p><\/p>\n\n\n\n<h2 class=\"wp-block-heading has-text-color has-link-color has-large-font-size wp-elements-1b6adecd7466fd4e423f9dbba1311913\" style=\"color:#78290f\"><strong><em>R\u00e9servation<\/em><\/strong><\/h2>\n\n\n\n<!-- Cal inline embed code begins -->\n<div style=\"width:100%;height:100%;overflow:scroll\" id=\"my-cal-inline\"><\/div>\n<script type=\"text\/javascript\">\n  (function (C, A, L) { let p = function (a, ar) { a.q.push(ar); }; let d = C.document; C.Cal = C.Cal || function () { let cal = C.Cal; let ar = arguments; if (!cal.loaded) { cal.ns = {}; cal.q = cal.q || []; d.head.appendChild(d.createElement(\"script\")).src = A; cal.loaded = true; } if (ar[0] === L) { const api = function () { p(api, arguments); }; const namespace = ar[1]; api.q = api.q || []; typeof namespace === \"string\" ? (cal.ns[namespace] = api) && p(api, ar) : p(cal, ar); return; } p(cal, ar); }; })(window, \"https:\/\/app.cal.com\/embed\/embed.js\", \"init\");\nCal(\"init\", \"lomi-lomi\", {origin:\"https:\/\/cal.com\"});\n\n  Cal.ns[\"lomi-lomi\"](\"inline\", {\n\telementOrSelector:\"#my-cal-inline\",\n\tcalLink: \"kayasoasis\/lomi-lomi\",\n\tlayout: \"month_view\"\n  });\n  \n  Cal.ns[\"lomi-lomi\"](\"ui\", {\"styles\":{\"branding\":{\"brandColor\":\"#000000\"}},\"hideEventTypeDetails\":false,\"layout\":\"month_view\"});\n  <\/script>\n  <!-- Cal inline embed code ends -->\n\n\n\n<hr class=\"wp-block-separator has-alpha-channel-opacity\"\/>\n\n\n\n<p class=\"has-small-font-size\"><em><em>\u00a0<em>Praticienne de massage bien-\u00eatre, de pr\u00e9vention et d\u2019accompagnement \u00e0 la sant\u00e9.<\/em><\/em>\u00a0\u2013\u00a0<em>Le massage bien-\u00eatre est un soin de relaxation et de d\u00e9tente, \u00e0 but non th\u00e9rapeutique.<\/em><\/em><\/p>\n\n\n\n<div class=\"wp-block-uagb-image uagb-block-f0349a35 wp-block-uagb-image--layout-default wp-block-uagb-image--effect-static wp-block-uagb-image--align-none\"><figure class=\"wp-block-uagb-image__figure\"><img decoding=\"async\" srcset=\"https:\/\/kayasoasismassage.fr\/wp-content\/uploads\/2024\/11\/FFMBE-visuel-nosexe-1024x142.webp ,https:\/\/kayasoasismassage.fr\/wp-content\/uploads\/2024\/11\/FFMBE-visuel-nosexe.webp 780w, https:\/\/kayasoasismassage.fr\/wp-content\/uploads\/2024\/11\/FFMBE-visuel-nosexe.webp 360w\" sizes=\"auto, (max-width: 480px) 150px\" src=\"https:\/\/kayasoasismassage.fr\/wp-content\/uploads\/2024\/11\/FFMBE-visuel-nosexe-1024x142.webp\" alt=\"\" class=\"uag-image-1257\" width=\"1024\" height=\"142\" title=\"FFMBE-visuel-nosexe\" loading=\"lazy\" role=\"img\"\/><\/figure><\/div>\n","protected":false},"excerpt":{"rendered":"<p>Pour voyager au rythme des vagues Plongez dans un Oc\u00e9an de Bien-\u00catre avec mon Massage Lomi-Lomi Vous sentez-vous pr\u00eat(e) \u00e0 vous laisser emporter par une exp\u00e9rience de l\u00e2cher-prise, lib\u00e9rant ainsi les tensions et permettant \u00e0 une profonde d\u00e9tente de s&rsquo;installer ? Bienvenue dans un monde de bien-\u00eatre infini, o\u00f9 le toucher devient une danse sacr\u00e9e &#8230; <a title=\"Massage Lomi-Lomi\" class=\"read-more\" href=\"https:\/\/kayasoasismassage.fr\/index.php\/carte-des-massages-strasbourg\/massage-hawaien-lomi-lomi-a-strasbourg\/\" aria-label=\"En savoir plus sur Massage Lomi-Lomi\">Lire la suite<\/a><\/p>\n","protected":false},"author":1,"featured_media":0,"parent":49,"menu_order":0,"comment_status":"closed","ping_status":"closed","template":"","meta":{"_uag_custom_page_level_css":"","_uf_show_specific_survey":0,"_uf_disable_surveys":false,"footnotes":""},"class_list":["post-108","page","type-page","status-publish"],"yoast_head":"<!-- This site is optimized with the Yoast SEO plugin v27.4 - https:\/\/yoast.com\/product\/yoast-seo-wordpress\/ -->\n<title>Massage Lomi-Lomi - La tradition du massage Hawaiien<\/title>\n<meta name=\"description\" content=\"D\u00e9couvrez \u00e0 Strasbourg mon massage lomi-lomi inspir\u00e9 de la tradition hawa\u00efenne, pour une d\u00e9tente profonde et un renouveau \u00e9nerg\u00e9tique.\" \/>\n<meta name=\"robots\" content=\"index, follow, max-snippet:-1, max-image-preview:large, max-video-preview:-1\" \/>\n<link rel=\"canonical\" href=\"https:\/\/kayasoasismassage.fr\/index.php\/carte-des-massages-strasbourg\/massage-hawaien-lomi-lomi-a-strasbourg\/\" \/>\n<meta property=\"og:locale\" content=\"fr_FR\" \/>\n<meta property=\"og:type\" content=\"article\" \/>\n<meta property=\"og:title\" content=\"Massage Lomi-Lomi - La tradition du massage Hawaiien\" \/>\n<meta property=\"og:description\" content=\"D\u00e9couvrez \u00e0 Strasbourg mon massage lomi-lomi inspir\u00e9 de la tradition hawa\u00efenne, pour une d\u00e9tente profonde et un renouveau \u00e9nerg\u00e9tique.\" \/>\n<meta property=\"og:url\" content=\"https:\/\/kayasoasismassage.fr\/index.php\/carte-des-massages-strasbourg\/massage-hawaien-lomi-lomi-a-strasbourg\/\" \/>\n<meta property=\"og:site_name\" content=\"Kaya&#039;s Oasis Massage\" \/>\n<meta property=\"article:publisher\" content=\"https:\/\/www.facebook.com\/profile.php?id=61555287147770\" \/>\n<meta property=\"article:modified_time\" content=\"2025-07-30T09:24:52+00:00\" \/>\n<meta property=\"og:image\" content=\"https:\/\/kayasoasismassage.fr\/wp-content\/uploads\/2024\/01\/Design-sans-titre.jpg\" \/>\n\t<meta property=\"og:image:width\" content=\"1414\" \/>\n\t<meta property=\"og:image:height\" content=\"190\" \/>\n\t<meta property=\"og:image:type\" content=\"image\/jpeg\" \/>\n<meta name=\"twitter:card\" content=\"summary_large_image\" \/>\n<meta name=\"twitter:label1\" content=\"Dur\u00e9e de lecture estim\u00e9e\" \/>\n\t<meta name=\"twitter:data1\" content=\"3 minutes\" \/>\n<script type=\"application\/ld+json\" class=\"yoast-schema-graph\">{\"@context\":\"https:\\\/\\\/schema.org\",\"@graph\":[{\"@type\":\"WebPage\",\"@id\":\"https:\\\/\\\/kayasoasismassage.fr\\\/index.php\\\/carte-des-massages-strasbourg\\\/massage-hawaien-lomi-lomi-a-strasbourg\\\/\",\"url\":\"https:\\\/\\\/kayasoasismassage.fr\\\/index.php\\\/carte-des-massages-strasbourg\\\/massage-hawaien-lomi-lomi-a-strasbourg\\\/\",\"name\":\"Massage Lomi-Lomi - La tradition du massage Hawaiien\",\"isPartOf\":{\"@id\":\"https:\\\/\\\/kayasoasismassage.fr\\\/#website\"},\"primaryImageOfPage\":{\"@id\":\"https:\\\/\\\/kayasoasismassage.fr\\\/index.php\\\/carte-des-massages-strasbourg\\\/massage-hawaien-lomi-lomi-a-strasbourg\\\/#primaryimage\"},\"image\":{\"@id\":\"https:\\\/\\\/kayasoasismassage.fr\\\/index.php\\\/carte-des-massages-strasbourg\\\/massage-hawaien-lomi-lomi-a-strasbourg\\\/#primaryimage\"},\"thumbnailUrl\":\"https:\\\/\\\/kayasoasismassage.fr\\\/wp-content\\\/uploads\\\/2024\\\/01\\\/Design-sans-titre-300x40.jpg\",\"datePublished\":\"2024-01-08T13:11:21+00:00\",\"dateModified\":\"2025-07-30T09:24:52+00:00\",\"description\":\"D\u00e9couvrez \u00e0 Strasbourg mon massage lomi-lomi inspir\u00e9 de la tradition hawa\u00efenne, pour une d\u00e9tente profonde et un renouveau \u00e9nerg\u00e9tique.\",\"breadcrumb\":{\"@id\":\"https:\\\/\\\/kayasoasismassage.fr\\\/index.php\\\/carte-des-massages-strasbourg\\\/massage-hawaien-lomi-lomi-a-strasbourg\\\/#breadcrumb\"},\"inLanguage\":\"fr-FR\",\"potentialAction\":[{\"@type\":\"ReadAction\",\"target\":[\"https:\\\/\\\/kayasoasismassage.fr\\\/index.php\\\/carte-des-massages-strasbourg\\\/massage-hawaien-lomi-lomi-a-strasbourg\\\/\"]}]},{\"@type\":\"ImageObject\",\"inLanguage\":\"fr-FR\",\"@id\":\"https:\\\/\\\/kayasoasismassage.fr\\\/index.php\\\/carte-des-massages-strasbourg\\\/massage-hawaien-lomi-lomi-a-strasbourg\\\/#primaryimage\",\"url\":\"https:\\\/\\\/kayasoasismassage.fr\\\/wp-content\\\/uploads\\\/2024\\\/01\\\/Design-sans-titre.jpg\",\"contentUrl\":\"https:\\\/\\\/kayasoasismassage.fr\\\/wp-content\\\/uploads\\\/2024\\\/01\\\/Design-sans-titre.jpg\",\"width\":1414,\"height\":190,\"caption\":\"s\u00e9paration\"},{\"@type\":\"BreadcrumbList\",\"@id\":\"https:\\\/\\\/kayasoasismassage.fr\\\/index.php\\\/carte-des-massages-strasbourg\\\/massage-hawaien-lomi-lomi-a-strasbourg\\\/#breadcrumb\",\"itemListElement\":[{\"@type\":\"ListItem\",\"position\":1,\"name\":\"Accueil\",\"item\":\"https:\\\/\\\/kayasoasismassage.fr\\\/\"},{\"@type\":\"ListItem\",\"position\":2,\"name\":\"La carte des Massages\",\"item\":\"https:\\\/\\\/kayasoasismassage.fr\\\/index.php\\\/carte-des-massages-strasbourg\\\/\"},{\"@type\":\"ListItem\",\"position\":3,\"name\":\"Massage Lomi-Lomi\"}]},{\"@type\":\"WebSite\",\"@id\":\"https:\\\/\\\/kayasoasismassage.fr\\\/#website\",\"url\":\"https:\\\/\\\/kayasoasismassage.fr\\\/\",\"name\":\"Kaya's Oasis Massage\",\"description\":\"Un oasis de d\u00e9tente\",\"publisher\":{\"@id\":\"https:\\\/\\\/kayasoasismassage.fr\\\/#organization\"},\"potentialAction\":[{\"@type\":\"SearchAction\",\"target\":{\"@type\":\"EntryPoint\",\"urlTemplate\":\"https:\\\/\\\/kayasoasismassage.fr\\\/?s={search_term_string}\"},\"query-input\":{\"@type\":\"PropertyValueSpecification\",\"valueRequired\":true,\"valueName\":\"search_term_string\"}}],\"inLanguage\":\"fr-FR\"},{\"@type\":\"Organization\",\"@id\":\"https:\\\/\\\/kayasoasismassage.fr\\\/#organization\",\"name\":\"Kaya's Oasis Massage\",\"alternateName\":\"Kaya's Oasis\",\"url\":\"https:\\\/\\\/kayasoasismassage.fr\\\/\",\"logo\":{\"@type\":\"ImageObject\",\"inLanguage\":\"fr-FR\",\"@id\":\"https:\\\/\\\/kayasoasismassage.fr\\\/#\\\/schema\\\/logo\\\/image\\\/\",\"url\":\"https:\\\/\\\/kayasoasismassage.fr\\\/wp-content\\\/uploads\\\/2024\\\/01\\\/cropped-cropped-cropped-logo-transparent-png.png\",\"contentUrl\":\"https:\\\/\\\/kayasoasismassage.fr\\\/wp-content\\\/uploads\\\/2024\\\/01\\\/cropped-cropped-cropped-logo-transparent-png.png\",\"width\":385,\"height\":387,\"caption\":\"Kaya's Oasis Massage\"},\"image\":{\"@id\":\"https:\\\/\\\/kayasoasismassage.fr\\\/#\\\/schema\\\/logo\\\/image\\\/\"},\"sameAs\":[\"https:\\\/\\\/www.facebook.com\\\/profile.php?id=61555287147770\",\"https:\\\/\\\/www.instagram.com\\\/kayasoasis_massage\\\/\"]}]}<\/script>\n<!-- \/ Yoast SEO plugin. -->","yoast_head_json":{"title":"Massage Lomi-Lomi - La tradition du massage Hawaiien","description":"D\u00e9couvrez \u00e0 Strasbourg mon massage lomi-lomi inspir\u00e9 de la tradition hawa\u00efenne, pour une d\u00e9tente profonde et un renouveau \u00e9nerg\u00e9tique.","robots":{"index":"index","follow":"follow","max-snippet":"max-snippet:-1","max-image-preview":"max-image-preview:large","max-video-preview":"max-video-preview:-1"},"canonical":"https:\/\/kayasoasismassage.fr\/index.php\/carte-des-massages-strasbourg\/massage-hawaien-lomi-lomi-a-strasbourg\/","og_locale":"fr_FR","og_type":"article","og_title":"Massage Lomi-Lomi - La tradition du massage Hawaiien","og_description":"D\u00e9couvrez \u00e0 Strasbourg mon massage lomi-lomi inspir\u00e9 de la tradition hawa\u00efenne, pour une d\u00e9tente profonde et un renouveau \u00e9nerg\u00e9tique.","og_url":"https:\/\/kayasoasismassage.fr\/index.php\/carte-des-massages-strasbourg\/massage-hawaien-lomi-lomi-a-strasbourg\/","og_site_name":"Kaya&#039;s Oasis Massage","article_publisher":"https:\/\/www.facebook.com\/profile.php?id=61555287147770","article_modified_time":"2025-07-30T09:24:52+00:00","og_image":[{"width":1414,"height":190,"url":"https:\/\/kayasoasismassage.fr\/wp-content\/uploads\/2024\/01\/Design-sans-titre.jpg","type":"image\/jpeg"}],"twitter_card":"summary_large_image","twitter_misc":{"Dur\u00e9e de lecture estim\u00e9e":"3 minutes"},"schema":{"@context":"https:\/\/schema.org","@graph":[{"@type":"WebPage","@id":"https:\/\/kayasoasismassage.fr\/index.php\/carte-des-massages-strasbourg\/massage-hawaien-lomi-lomi-a-strasbourg\/","url":"https:\/\/kayasoasismassage.fr\/index.php\/carte-des-massages-strasbourg\/massage-hawaien-lomi-lomi-a-strasbourg\/","name":"Massage Lomi-Lomi - La tradition du massage Hawaiien","isPartOf":{"@id":"https:\/\/kayasoasismassage.fr\/#website"},"primaryImageOfPage":{"@id":"https:\/\/kayasoasismassage.fr\/index.php\/carte-des-massages-strasbourg\/massage-hawaien-lomi-lomi-a-strasbourg\/#primaryimage"},"image":{"@id":"https:\/\/kayasoasismassage.fr\/index.php\/carte-des-massages-strasbourg\/massage-hawaien-lomi-lomi-a-strasbourg\/#primaryimage"},"thumbnailUrl":"https:\/\/kayasoasismassage.fr\/wp-content\/uploads\/2024\/01\/Design-sans-titre-300x40.jpg","datePublished":"2024-01-08T13:11:21+00:00","dateModified":"2025-07-30T09:24:52+00:00","description":"D\u00e9couvrez \u00e0 Strasbourg mon massage lomi-lomi inspir\u00e9 de la tradition hawa\u00efenne, pour une d\u00e9tente profonde et un renouveau \u00e9nerg\u00e9tique.","breadcrumb":{"@id":"https:\/\/kayasoasismassage.fr\/index.php\/carte-des-massages-strasbourg\/massage-hawaien-lomi-lomi-a-strasbourg\/#breadcrumb"},"inLanguage":"fr-FR","potentialAction":[{"@type":"ReadAction","target":["https:\/\/kayasoasismassage.fr\/index.php\/carte-des-massages-strasbourg\/massage-hawaien-lomi-lomi-a-strasbourg\/"]}]},{"@type":"ImageObject","inLanguage":"fr-FR","@id":"https:\/\/kayasoasismassage.fr\/index.php\/carte-des-massages-strasbourg\/massage-hawaien-lomi-lomi-a-strasbourg\/#primaryimage","url":"https:\/\/kayasoasismassage.fr\/wp-content\/uploads\/2024\/01\/Design-sans-titre.jpg","contentUrl":"https:\/\/kayasoasismassage.fr\/wp-content\/uploads\/2024\/01\/Design-sans-titre.jpg","width":1414,"height":190,"caption":"s\u00e9paration"},{"@type":"BreadcrumbList","@id":"https:\/\/kayasoasismassage.fr\/index.php\/carte-des-massages-strasbourg\/massage-hawaien-lomi-lomi-a-strasbourg\/#breadcrumb","itemListElement":[{"@type":"ListItem","position":1,"name":"Accueil","item":"https:\/\/kayasoasismassage.fr\/"},{"@type":"ListItem","position":2,"name":"La carte des Massages","item":"https:\/\/kayasoasismassage.fr\/index.php\/carte-des-massages-strasbourg\/"},{"@type":"ListItem","position":3,"name":"Massage Lomi-Lomi"}]},{"@type":"WebSite","@id":"https:\/\/kayasoasismassage.fr\/#website","url":"https:\/\/kayasoasismassage.fr\/","name":"Kaya's Oasis Massage","description":"Un oasis de d\u00e9tente","publisher":{"@id":"https:\/\/kayasoasismassage.fr\/#organization"},"potentialAction":[{"@type":"SearchAction","target":{"@type":"EntryPoint","urlTemplate":"https:\/\/kayasoasismassage.fr\/?s={search_term_string}"},"query-input":{"@type":"PropertyValueSpecification","valueRequired":true,"valueName":"search_term_string"}}],"inLanguage":"fr-FR"},{"@type":"Organization","@id":"https:\/\/kayasoasismassage.fr\/#organization","name":"Kaya's Oasis Massage","alternateName":"Kaya's Oasis","url":"https:\/\/kayasoasismassage.fr\/","logo":{"@type":"ImageObject","inLanguage":"fr-FR","@id":"https:\/\/kayasoasismassage.fr\/#\/schema\/logo\/image\/","url":"https:\/\/kayasoasismassage.fr\/wp-content\/uploads\/2024\/01\/cropped-cropped-cropped-logo-transparent-png.png","contentUrl":"https:\/\/kayasoasismassage.fr\/wp-content\/uploads\/2024\/01\/cropped-cropped-cropped-logo-transparent-png.png","width":385,"height":387,"caption":"Kaya's Oasis Massage"},"image":{"@id":"https:\/\/kayasoasismassage.fr\/#\/schema\/logo\/image\/"},"sameAs":["https:\/\/www.facebook.com\/profile.php?id=61555287147770","https:\/\/www.instagram.com\/kayasoasis_massage\/"]}]}},"uagb_featured_image_src":{"full":false,"thumbnail":false,"medium":false,"medium_large":false,"large":false,"1536x1536":false,"2048x2048":false},"uagb_author_info":{"display_name":"Morgane","author_link":"https:\/\/kayasoasismassage.fr\/index.php\/author\/admin2099\/"},"uagb_comment_info":0,"uagb_excerpt":"Pour voyager au rythme des vagues Plongez dans un Oc\u00e9an de Bien-\u00catre avec mon Massage Lomi-Lomi Vous sentez-vous pr\u00eat(e) \u00e0 vous laisser emporter par une exp\u00e9rience de l\u00e2cher-prise, lib\u00e9rant ainsi les tensions et permettant \u00e0 une profonde d\u00e9tente de s&rsquo;installer ? Bienvenue dans un monde de bien-\u00eatre infini, o\u00f9 le toucher devient une danse sacr\u00e9e\u2026","_links":{"self":[{"href":"https:\/\/kayasoasismassage.fr\/index.php\/wp-json\/wp\/v2\/pages\/108","targetHints":{"allow":["GET"]}}],"collection":[{"href":"https:\/\/kayasoasismassage.fr\/index.php\/wp-json\/wp\/v2\/pages"}],"about":[{"href":"https:\/\/kayasoasismassage.fr\/index.php\/wp-json\/wp\/v2\/types\/page"}],"author":[{"embeddable":true,"href":"https:\/\/kayasoasismassage.fr\/index.php\/wp-json\/wp\/v2\/users\/1"}],"replies":[{"embeddable":true,"href":"https:\/\/kayasoasismassage.fr\/index.php\/wp-json\/wp\/v2\/comments?post=108"}],"version-history":[{"count":24,"href":"https:\/\/kayasoasismassage.fr\/index.php\/wp-json\/wp\/v2\/pages\/108\/revisions"}],"predecessor-version":[{"id":1466,"href":"https:\/\/kayasoasismassage.fr\/index.php\/wp-json\/wp\/v2\/pages\/108\/revisions\/1466"}],"up":[{"embeddable":true,"href":"https:\/\/kayasoasismassage.fr\/index.php\/wp-json\/wp\/v2\/pages\/49"}],"wp:attachment":[{"href":"https:\/\/kayasoasismassage.fr\/index.php\/wp-json\/wp\/v2\/media?parent=108"}],"curies":[{"name":"wp","href":"https:\/\/api.w.org\/{rel}","templated":true}]}}